{"id":1146,"date":"2022-05-03T20:13:22","date_gmt":"2022-05-03T18:13:22","guid":{"rendered":"https:\/\/www.sotracom.fr\/it\/?page_id=1146"},"modified":"2022-05-03T20:25:00","modified_gmt":"2022-05-03T18:25:00","slug":"trasporto-merci-francia-italia-svizzera","status":"publish","type":"page","link":"https:\/\/www.sotracom.fr\/it\/trasporto-merci-francia-italia-svizzera.html","title":{"rendered":"Trasporto di merci dalla Francia all&#8217;Italia e alla Svizzera"},"content":{"rendered":"<section class=\"wpb-content-wrapper\"><p>[vc_row css=&#8221;.vc_custom_1516094963539{margin-top: 30px !important;}&#8221;][vc_column][vc_column_text]<em>Cerchi un corriere di fiducia che si occupi di tutto il tuo trasporto merci?<\/em><\/p>\n<h1>La soluzione completa per il trasporto di merci dalla Francia<\/h1>\n<h2>In Savoia, Alta Savoia, nord Italia e Svizzera.<\/h2>\n<p>[\/vc_column_text][\/vc_column][\/vc_row][vc_row][vc_column width=&#8221;1\/2&#8243;][vc_column_text]<\/p>\n<h3>Trasporto merci in Francia ed ecologia<\/h3>\n<p>SOTRACOM si prende rapidamente cura delle vostre <strong class=\"d2b\">merci<\/strong> in buone condizioni e nel modo pi\u00f9 <strong class=\"d2b\">ecologico<\/strong> possibile.<\/p>\n<p>La nostra forte presenza sulla triangolare Francia, Svizzera e Italia; cos\u00ec come il nostro <strong class=\"d2b\">deposito<\/strong> Haut-Savoyard (74800 Eteaux) ci contraddistingue soprattutto per la nostra velocit\u00e0 di esecuzione.<\/p>\n<p>Questi asset ci consentono di offrire molte soluzioni per <strong class=\"d2b\">ottimizzare i percorsi<\/strong>, ridurre i km a vuoto e ridurre i tempi di consegna.<\/p>\n<p>[\/vc_column_text][\/vc_column][vc_column width=&#8221;1\/2&#8243;][vc_column_text]<\/p>\n<h3>Logistica e procedure doganali<\/h3>\n<ul>\n<li>Abbiamo il nostro dipartimento delle <strong class=\"d2b\">procedure doganali<\/strong> certificato come Operatore Economico Autorizzato (AEO) dall&#8217;Amministrazione doganale.<br \/>\nQuesto status \u00e8 concesso agli operatori comunitari pi\u00f9 affidabili. Questo sistema facilita gli scambi e protegge meglio il flusso di merci in entrata o in uscita dall&#8217;Unione Europea.<\/li>\n<li>Trasporto accreditato di <strong class=\"d2b\">rifiuti<\/strong> e\/o <strong class=\"d2b\">materiali pericolosi<\/strong> di cui disponiamo dispositivi di protezione, autorizzazioni necessarie adeguate alle vostre merci ADR.<\/li>\n<\/ul>\n<p>[\/vc_column_text][\/vc_column][\/vc_row][vc_row][vc_column width=&#8221;2\/3&#8243;][vc_column_text]<\/p>\n<h3>Attrezzature per il trasporto su strada<\/h3>\n<p>L&#8217;<strong class=\"d2b\">autocarro coperto<\/strong> (rimorchio tipo tautliner) \u00e8 il mezzo standard per il trasporto di merci imballate, non \u00e8 sensibile alle variazioni di temperatura e il suo utilizzo \u00e8 illimitato.<\/p>\n<ul>\n<li>Lunghezza: 13,60 m<\/li>\n<li>Larghezza: 2,45 m<\/li>\n<li>Altezza: 2,70 m<\/li>\n<li>Fino a 34 EUR pallet a terra<\/li>\n<li>Fino a 22,5 t di carico utile<\/li>\n<\/ul>\n<p>A seconda della merce trasportata, possiamo posizionare altri tipi di camion (ribaltabili, ribaltabili rinforzati, pianale mobile)<\/p>\n<p><a href=\"https:\/\/www.sotracom.fr\/it\/contatti.html\">Siamo a tua disposizione per qualsiasi richiesta<\/a>![\/vc_column_text][\/vc_column][vc_column width=&#8221;1\/3&#8243;][vc_single_image image=&#8221;1153&#8243; img_size=&#8221;full&#8221;][\/vc_column][\/vc_row][vc_row css=&#8221;.vc_custom_1518780312776{margin-top: 20px !important;}&#8221;][vc_column width=&#8221;1\/3&#8243;][\/vc_column][vc_column width=&#8221;1\/3&#8243; css=&#8221;.vc_custom_1518780766678{border-top-width: 1px !important;border-right-width: 1px !important;border-bottom-width: 1px !important;border-left-width: 1px !important;padding-bottom: 10px !important;border-left-color: #0c5097 !important;border-left-style: solid !important;border-right-color: #0c5097 !important;border-right-style: solid !important;border-top-color: #0c5097 !important;border-top-style: solid !important;border-bottom-color: #0c5097 !important;border-bottom-style: solid !important;border-radius: 1px !important;}&#8221;][vc_column_text]<\/p>\n<h3 style=\"text-align: center;\"><span style=\"color: #0c5097;\"><span class=\"texteh3\">BISOGNO DI INFORMAZIONI?<\/span><\/span><\/h3>\n<p>[\/vc_column_text][vc_btn title=&#8221;Contattaci per ottenere un preventivo&#8221; style=&#8221;custom&#8221; custom_background=&#8221;#e88b01&#8243; custom_text=&#8221;#ffffff&#8221; align=&#8221;center&#8221; i_icon_fontawesome=&#8221;fa fa-envelope-o&#8221; link=&#8221;url:https%3A%2F%2Fwww.sotracom.fr%2Fit%2Fcontatti.html|title:Contatti|&#8221; add_icon=&#8221;true&#8221;][\/vc_column][vc_column width=&#8221;1\/3&#8243;][\/vc_column][\/vc_row][vc_row][vc_column][vc_empty_space][\/vc_column][\/vc_row][vc_row][vc_column][vc_btn title=&#8221;Contattaci&#8221; style=&#8221;custom&#8221; custom_background=&#8221;#e88b01&#8243; custom_text=&#8221;#ffffff&#8221; align=&#8221;center&#8221; i_icon_fontawesome=&#8221;fa fa-envelope-o&#8221; link=&#8221;url:https%3A%2F%2Fwww.sotracom.fr%2Fit%2Fcontatti.html|title:Contatti|&#8221; add_icon=&#8221;true&#8221;][\/vc_column][\/vc_row]<\/p>\n<\/section>","protected":false},"excerpt":{"rendered":"<p>[vc_row css=&#8221;.vc_custom_1516094963539{margin-top: 30px !important;}&#8221;][vc_column][vc_column_text]Cerchi un corriere di fiducia che si occupi di tutto il tuo trasporto merci? La soluzione completa per il trasporto di merci dalla Francia In Savoia, Alta Savoia, nord Italia e Svizzera. [\/vc_column_text][\/vc_column][\/vc_row][vc_row][vc_column width=&#8221;1\/2&#8243;][vc_column_text] Trasporto merci in Francia ed ecologia SOTRACOM si prende rapidamente cura delle vostre merci in buone condizioni e [&hellip;]<\/p>\n","protected":false},"author":1,"featured_media":0,"parent":0,"menu_order":0,"comment_status":"closed","ping_status":"closed","template":"","meta":{"footnotes":""},"class_list":["post-1146","page","type-page","status-publish","hentry"],"yoast_head":"<!-- This site is optimized with the Yoast SEO plugin v27.4 - https:\/\/yoast.com\/product\/yoast-seo-wordpress\/ -->\n<title>Trasporto di merci dalla Francia all&#039;Italia e alla Svizzera, soluzione logistica ecologica con formalit\u00e0 doganali<\/title>\n<meta name=\"description\" content=\"SOTRACOM offre una soluzione completa per il trasporto di merci dalla Francia all&#039;Italia e alla Svizzera, con formalit\u00e0 doganali e ottimizzazione ecologica. Contattateci per maggiori informazioni!\" \/>\n<meta name=\"robots\" content=\"index, follow, max-snippet:-1, max-image-preview:large, max-video-preview:-1\" \/>\n<link rel=\"canonical\" href=\"https:\/\/www.sotracom.fr\/it\/trasporto-merci-francia-italia-svizzera.html\" \/>\n<meta property=\"og:locale\" content=\"it_IT\" \/>\n<meta property=\"og:type\" content=\"article\" \/>\n<meta property=\"og:title\" content=\"Trasporto di merci dalla Francia all&#039;Italia e alla Svizzera, soluzione logistica ecologica con formalit\u00e0 doganali\" \/>\n<meta property=\"og:description\" content=\"SOTRACOM offre una soluzione completa per il trasporto di merci dalla Francia all&#039;Italia e alla Svizzera, con formalit\u00e0 doganali e ottimizzazione ecologica. Contattateci per maggiori informazioni!\" \/>\n<meta property=\"og:url\" content=\"https:\/\/www.sotracom.fr\/it\/trasporto-merci-francia-italia-svizzera.html\" \/>\n<meta property=\"og:site_name\" content=\"Sotracom Italia\" \/>\n<meta property=\"article:modified_time\" content=\"2022-05-03T18:25:00+00:00\" \/>\n<meta name=\"twitter:card\" content=\"summary_large_image\" \/>\n<meta name=\"twitter:label1\" content=\"Tempo di lettura stimato\" \/>\n\t<meta name=\"twitter:data1\" content=\"2 minuti\" \/>\n<script type=\"application\/ld+json\" class=\"yoast-schema-graph\">{\"@context\":\"https:\\\/\\\/schema.org\",\"@graph\":[{\"@type\":\"WebPage\",\"@id\":\"https:\\\/\\\/www.sotracom.fr\\\/it\\\/trasporto-merci-francia-italia-svizzera.html\",\"url\":\"https:\\\/\\\/www.sotracom.fr\\\/it\\\/trasporto-merci-francia-italia-svizzera.html\",\"name\":\"Trasporto di merci dalla Francia all'Italia e alla Svizzera, soluzione logistica ecologica con formalit\u00e0 doganali\",\"isPartOf\":{\"@id\":\"https:\\\/\\\/www.sotracom.fr\\\/it\\\/#website\"},\"datePublished\":\"2022-05-03T18:13:22+00:00\",\"dateModified\":\"2022-05-03T18:25:00+00:00\",\"description\":\"SOTRACOM offre una soluzione completa per il trasporto di merci dalla Francia all'Italia e alla Svizzera, con formalit\u00e0 doganali e ottimizzazione ecologica. Contattateci per maggiori informazioni!\",\"breadcrumb\":{\"@id\":\"https:\\\/\\\/www.sotracom.fr\\\/it\\\/trasporto-merci-francia-italia-svizzera.html#breadcrumb\"},\"inLanguage\":\"it-IT\",\"potentialAction\":[{\"@type\":\"ReadAction\",\"target\":[\"https:\\\/\\\/www.sotracom.fr\\\/it\\\/trasporto-merci-francia-italia-svizzera.html\"]}]},{\"@type\":\"BreadcrumbList\",\"@id\":\"https:\\\/\\\/www.sotracom.fr\\\/it\\\/trasporto-merci-francia-italia-svizzera.html#breadcrumb\",\"itemListElement\":[{\"@type\":\"ListItem\",\"position\":1,\"name\":\"Accueil\",\"item\":\"https:\\\/\\\/www.sotracom.fr\\\/it\\\/\"},{\"@type\":\"ListItem\",\"position\":2,\"name\":\"Trasporto di merci dalla Francia all&#8217;Italia e alla Svizzera\"}]},{\"@type\":\"WebSite\",\"@id\":\"https:\\\/\\\/www.sotracom.fr\\\/it\\\/#website\",\"url\":\"https:\\\/\\\/www.sotracom.fr\\\/it\\\/\",\"name\":\"Sotracom Italia\",\"description\":\"Un site utilisant Les sites de Sotracom\",\"potentialAction\":[{\"@type\":\"SearchAction\",\"target\":{\"@type\":\"EntryPoint\",\"urlTemplate\":\"https:\\\/\\\/www.sotracom.fr\\\/it\\\/?s={search_term_string}\"},\"query-input\":{\"@type\":\"PropertyValueSpecification\",\"valueRequired\":true,\"valueName\":\"search_term_string\"}}],\"inLanguage\":\"it-IT\"}]}<\/script>\n<!-- \/ Yoast SEO plugin. -->","yoast_head_json":{"title":"Trasporto di merci dalla Francia all'Italia e alla Svizzera, soluzione logistica ecologica con formalit\u00e0 doganali","description":"SOTRACOM offre una soluzione completa per il trasporto di merci dalla Francia all'Italia e alla Svizzera, con formalit\u00e0 doganali e ottimizzazione ecologica. Contattateci per maggiori informazioni!","robots":{"index":"index","follow":"follow","max-snippet":"max-snippet:-1","max-image-preview":"max-image-preview:large","max-video-preview":"max-video-preview:-1"},"canonical":"https:\/\/www.sotracom.fr\/it\/trasporto-merci-francia-italia-svizzera.html","og_locale":"it_IT","og_type":"article","og_title":"Trasporto di merci dalla Francia all'Italia e alla Svizzera, soluzione logistica ecologica con formalit\u00e0 doganali","og_description":"SOTRACOM offre una soluzione completa per il trasporto di merci dalla Francia all'Italia e alla Svizzera, con formalit\u00e0 doganali e ottimizzazione ecologica. Contattateci per maggiori informazioni!","og_url":"https:\/\/www.sotracom.fr\/it\/trasporto-merci-francia-italia-svizzera.html","og_site_name":"Sotracom Italia","article_modified_time":"2022-05-03T18:25:00+00:00","twitter_card":"summary_large_image","twitter_misc":{"Tempo di lettura stimato":"2 minuti"},"schema":{"@context":"https:\/\/schema.org","@graph":[{"@type":"WebPage","@id":"https:\/\/www.sotracom.fr\/it\/trasporto-merci-francia-italia-svizzera.html","url":"https:\/\/www.sotracom.fr\/it\/trasporto-merci-francia-italia-svizzera.html","name":"Trasporto di merci dalla Francia all'Italia e alla Svizzera, soluzione logistica ecologica con formalit\u00e0 doganali","isPartOf":{"@id":"https:\/\/www.sotracom.fr\/it\/#website"},"datePublished":"2022-05-03T18:13:22+00:00","dateModified":"2022-05-03T18:25:00+00:00","description":"SOTRACOM offre una soluzione completa per il trasporto di merci dalla Francia all'Italia e alla Svizzera, con formalit\u00e0 doganali e ottimizzazione ecologica. Contattateci per maggiori informazioni!","breadcrumb":{"@id":"https:\/\/www.sotracom.fr\/it\/trasporto-merci-francia-italia-svizzera.html#breadcrumb"},"inLanguage":"it-IT","potentialAction":[{"@type":"ReadAction","target":["https:\/\/www.sotracom.fr\/it\/trasporto-merci-francia-italia-svizzera.html"]}]},{"@type":"BreadcrumbList","@id":"https:\/\/www.sotracom.fr\/it\/trasporto-merci-francia-italia-svizzera.html#breadcrumb","itemListElement":[{"@type":"ListItem","position":1,"name":"Accueil","item":"https:\/\/www.sotracom.fr\/it\/"},{"@type":"ListItem","position":2,"name":"Trasporto di merci dalla Francia all&#8217;Italia e alla Svizzera"}]},{"@type":"WebSite","@id":"https:\/\/www.sotracom.fr\/it\/#website","url":"https:\/\/www.sotracom.fr\/it\/","name":"Sotracom Italia","description":"Un site utilisant Les sites de Sotracom","potentialAction":[{"@type":"SearchAction","target":{"@type":"EntryPoint","urlTemplate":"https:\/\/www.sotracom.fr\/it\/?s={search_term_string}"},"query-input":{"@type":"PropertyValueSpecification","valueRequired":true,"valueName":"search_term_string"}}],"inLanguage":"it-IT"}]}},"_links":{"self":[{"href":"https:\/\/www.sotracom.fr\/it\/wp-json\/wp\/v2\/pages\/1146","targetHints":{"allow":["GET"]}}],"collection":[{"href":"https:\/\/www.sotracom.fr\/it\/wp-json\/wp\/v2\/pages"}],"about":[{"href":"https:\/\/www.sotracom.fr\/it\/wp-json\/wp\/v2\/types\/page"}],"author":[{"embeddable":true,"href":"https:\/\/www.sotracom.fr\/it\/wp-json\/wp\/v2\/users\/1"}],"replies":[{"embeddable":true,"href":"https:\/\/www.sotracom.fr\/it\/wp-json\/wp\/v2\/comments?post=1146"}],"version-history":[{"count":4,"href":"https:\/\/www.sotracom.fr\/it\/wp-json\/wp\/v2\/pages\/1146\/revisions"}],"predecessor-version":[{"id":1154,"href":"https:\/\/www.sotracom.fr\/it\/wp-json\/wp\/v2\/pages\/1146\/revisions\/1154"}],"wp:attachment":[{"href":"https:\/\/www.sotracom.fr\/it\/wp-json\/wp\/v2\/media?parent=1146"}],"curies":[{"name":"wp","href":"https:\/\/api.w.org\/{rel}","templated":true}]}}