{"id":1151,"date":"2022-05-03T20:29:25","date_gmt":"2022-05-03T18:29:25","guid":{"rendered":"https:\/\/www.sotracom.fr\/it\/?page_id=1151"},"modified":"2022-12-19T15:07:50","modified_gmt":"2022-12-19T14:07:50","slug":"trasporto-stradale-da-rodano-alpi","status":"publish","type":"page","link":"https:\/\/www.sotracom.fr\/it\/trasporto-stradale-da-rodano-alpi.html","title":{"rendered":"Trasporto stradale da Rodano-Alpi"},"content":{"rendered":"<section class=\"wpb-content-wrapper\"><p>[vc_row css=&#8221;.vc_custom_1516094963539{margin-top: 30px !important;}&#8221;][vc_column][vc_column_text]<\/p>\n<h1>Hai bisogno di un partner per i trasporti nel Rodano-Alpi?<\/h1>\n<p>Le nostre destinazioni regolari :<\/p>\n<ul>\n<li>Tutta la Francia,<\/li>\n<li>Nord Italia,<\/li>\n<li>Svizzera<\/li>\n<\/ul>\n<p>Altri settori su richiesta.<\/p>\n<p>SOTRACOM \u00e8 un&#8217;entit\u00e0 <strong class=\"d2b\">logistica<\/strong> a misura d&#8217;uomo per soddisfare al meglio le vostre esigenze su misura.<\/p>\n<p>Ad ogni richiesta la sua <strong class=\"d2b\">soluzione di trasporto stradale<\/strong> non esitate a <a href=\"https:\/\/www.sotracom.fr\/it\/contatti.html\">contattarci<\/a>.[\/vc_column_text][\/vc_column][\/vc_row][vc_row][vc_column width=&#8221;1\/2&#8243;][vc_images_carousel images=&#8221;1158,1159,1160,1161&#8243; img_size=&#8221;full&#8221;][\/vc_column][vc_column width=&#8221;1\/2&#8243;][vc_column_text]<\/p>\n<h3>Una flotta di rimorchi specifici per soddisfare le vostre esigenze di trasporto<\/h3>\n<ul>\n<li>Ribaltabile in alluminio, ribaltabile in alluminio rinforzato, ribaltabile in acciaio, ribaltabile ad apertura laterale, ribaltabile bilaterale.<\/li>\n<li>Piano mobile, piano mobile armato, piano mobile con apertura laterale<\/li>\n<li>Piattaforma, piattaforma a sponde<\/li>\n<li>Copertina (tesa)<\/li>\n<\/ul>\n<p>&nbsp;<\/p>\n<ul>\n<li>Lunghezza: 13,60 m<\/li>\n<li>Larghezza: 2,45 m<\/li>\n<li>Altezza: 2,70 m<\/li>\n<\/ul>\n<p>[\/vc_column_text][\/vc_column][\/vc_row][vc_row css=&#8221;.vc_custom_1518780312776{margin-top: 20px !important;}&#8221;][vc_column width=&#8221;1\/3&#8243;][\/vc_column][vc_column width=&#8221;1\/3&#8243; css=&#8221;.vc_custom_1518780766678{border-top-width: 1px !important;border-right-width: 1px !important;border-bottom-width: 1px !important;border-left-width: 1px !important;padding-bottom: 10px !important;border-left-color: #0c5097 !important;border-left-style: solid !important;border-right-color: #0c5097 !important;border-right-style: solid !important;border-top-color: #0c5097 !important;border-top-style: solid !important;border-bottom-color: #0c5097 !important;border-bottom-style: solid !important;border-radius: 1px !important;}&#8221;][vc_column_text]<\/p>\n<h3 style=\"text-align: center;\"><span style=\"color: #0c5097;\"><span class=\"texteh3\">BISOGNO DI INFORMAZIONI?<\/span><\/span><\/h3>\n<p>[\/vc_column_text][vc_btn title=&#8221;Contattaci per ottenere un preventivo&#8221; style=&#8221;custom&#8221; custom_background=&#8221;#e88b01&#8243; custom_text=&#8221;#ffffff&#8221; align=&#8221;center&#8221; i_icon_fontawesome=&#8221;fa fa-envelope-o&#8221; link=&#8221;url:https%3A%2F%2Fwww.sotracom.fr%2Fit%2Fcontatti.html|title:Contatti|&#8221; add_icon=&#8221;true&#8221;][\/vc_column][vc_column width=&#8221;1\/3&#8243;][\/vc_column][\/vc_row][vc_row][vc_column][vc_empty_space][\/vc_column][\/vc_row][vc_row][vc_column][vc_btn title=&#8221;Contattaci&#8221; style=&#8221;custom&#8221; custom_background=&#8221;#e88b01&#8243; custom_text=&#8221;#ffffff&#8221; align=&#8221;center&#8221; i_icon_fontawesome=&#8221;fa fa-envelope-o&#8221; link=&#8221;url:https%3A%2F%2Fwww.sotracom.fr%2Fit%2Fcontatti.html|title:Contatti|&#8221; add_icon=&#8221;true&#8221;][\/vc_column][\/vc_row]<\/p>\n<\/section>","protected":false},"excerpt":{"rendered":"<p>[vc_row css=&#8221;.vc_custom_1516094963539{margin-top: 30px !important;}&#8221;][vc_column][vc_column_text] Hai bisogno di un partner per i trasporti nel Rodano-Alpi? Le nostre destinazioni regolari : Tutta la Francia, Nord Italia, Svizzera Altri settori su richiesta. SOTRACOM \u00e8 un&#8217;entit\u00e0 logistica a misura d&#8217;uomo per soddisfare al meglio le vostre esigenze su misura. Ad ogni richiesta la sua soluzione di trasporto stradale non [&hellip;]<\/p>\n","protected":false},"author":1,"featured_media":0,"parent":0,"menu_order":0,"comment_status":"closed","ping_status":"closed","template":"","meta":{"footnotes":""},"class_list":["post-1151","page","type-page","status-publish","hentry"],"yoast_head":"<!-- This site is optimized with the Yoast SEO plugin v27.4 - https:\/\/yoast.com\/product\/yoast-seo-wordpress\/ -->\n<title>Trasporto stradale Rh\u00f4ne-Alpes, trasporto merci Rh\u00f4ne Alpes<\/title>\n<meta name=\"description\" content=\"Sotracom \u00e8 un&#039;azienda di trasporto su strada con sede nella regione Rh\u00f4ne Alpes che pu\u00f2 soddisfare le vostre esigenze per tutte le destinazioni in Francia, Italia settentrionale e Svizzera. Contattateci per maggiori informazioni!\" \/>\n<meta name=\"robots\" content=\"index, follow, max-snippet:-1, max-image-preview:large, max-video-preview:-1\" \/>\n<link rel=\"canonical\" href=\"https:\/\/www.sotracom.fr\/it\/trasporto-stradale-da-rodano-alpi.html\" \/>\n<meta property=\"og:locale\" content=\"it_IT\" \/>\n<meta property=\"og:type\" content=\"article\" \/>\n<meta property=\"og:title\" content=\"Trasporto stradale Rh\u00f4ne-Alpes, trasporto merci Rh\u00f4ne Alpes\" \/>\n<meta property=\"og:description\" content=\"Sotracom \u00e8 un&#039;azienda di trasporto su strada con sede nella regione Rh\u00f4ne Alpes che pu\u00f2 soddisfare le vostre esigenze per tutte le destinazioni in Francia, Italia settentrionale e Svizzera. Contattateci per maggiori informazioni!\" \/>\n<meta property=\"og:url\" content=\"https:\/\/www.sotracom.fr\/it\/trasporto-stradale-da-rodano-alpi.html\" \/>\n<meta property=\"og:site_name\" content=\"Sotracom Italia\" \/>\n<meta property=\"article:modified_time\" content=\"2022-12-19T14:07:50+00:00\" \/>\n<meta name=\"twitter:card\" content=\"summary_large_image\" \/>\n<meta name=\"twitter:label1\" content=\"Tempo di lettura stimato\" \/>\n\t<meta name=\"twitter:data1\" content=\"1 minuto\" \/>\n<script type=\"application\/ld+json\" class=\"yoast-schema-graph\">{\"@context\":\"https:\\\/\\\/schema.org\",\"@graph\":[{\"@type\":\"WebPage\",\"@id\":\"https:\\\/\\\/www.sotracom.fr\\\/it\\\/trasporto-stradale-da-rodano-alpi.html\",\"url\":\"https:\\\/\\\/www.sotracom.fr\\\/it\\\/trasporto-stradale-da-rodano-alpi.html\",\"name\":\"Trasporto stradale Rh\u00f4ne-Alpes, trasporto merci Rh\u00f4ne Alpes\",\"isPartOf\":{\"@id\":\"https:\\\/\\\/www.sotracom.fr\\\/it\\\/#website\"},\"datePublished\":\"2022-05-03T18:29:25+00:00\",\"dateModified\":\"2022-12-19T14:07:50+00:00\",\"description\":\"Sotracom \u00e8 un'azienda di trasporto su strada con sede nella regione Rh\u00f4ne Alpes che pu\u00f2 soddisfare le vostre esigenze per tutte le destinazioni in Francia, Italia settentrionale e Svizzera. Contattateci per maggiori informazioni!\",\"breadcrumb\":{\"@id\":\"https:\\\/\\\/www.sotracom.fr\\\/it\\\/trasporto-stradale-da-rodano-alpi.html#breadcrumb\"},\"inLanguage\":\"it-IT\",\"potentialAction\":[{\"@type\":\"ReadAction\",\"target\":[\"https:\\\/\\\/www.sotracom.fr\\\/it\\\/trasporto-stradale-da-rodano-alpi.html\"]}]},{\"@type\":\"BreadcrumbList\",\"@id\":\"https:\\\/\\\/www.sotracom.fr\\\/it\\\/trasporto-stradale-da-rodano-alpi.html#breadcrumb\",\"itemListElement\":[{\"@type\":\"ListItem\",\"position\":1,\"name\":\"Accueil\",\"item\":\"https:\\\/\\\/www.sotracom.fr\\\/it\\\/\"},{\"@type\":\"ListItem\",\"position\":2,\"name\":\"Trasporto stradale da Rodano-Alpi\"}]},{\"@type\":\"WebSite\",\"@id\":\"https:\\\/\\\/www.sotracom.fr\\\/it\\\/#website\",\"url\":\"https:\\\/\\\/www.sotracom.fr\\\/it\\\/\",\"name\":\"Sotracom Italia\",\"description\":\"Un site utilisant Les sites de Sotracom\",\"potentialAction\":[{\"@type\":\"SearchAction\",\"target\":{\"@type\":\"EntryPoint\",\"urlTemplate\":\"https:\\\/\\\/www.sotracom.fr\\\/it\\\/?s={search_term_string}\"},\"query-input\":{\"@type\":\"PropertyValueSpecification\",\"valueRequired\":true,\"valueName\":\"search_term_string\"}}],\"inLanguage\":\"it-IT\"}]}<\/script>\n<!-- \/ Yoast SEO plugin. -->","yoast_head_json":{"title":"Trasporto stradale Rh\u00f4ne-Alpes, trasporto merci Rh\u00f4ne Alpes","description":"Sotracom \u00e8 un'azienda di trasporto su strada con sede nella regione Rh\u00f4ne Alpes che pu\u00f2 soddisfare le vostre esigenze per tutte le destinazioni in Francia, Italia settentrionale e Svizzera. Contattateci per maggiori informazioni!","robots":{"index":"index","follow":"follow","max-snippet":"max-snippet:-1","max-image-preview":"max-image-preview:large","max-video-preview":"max-video-preview:-1"},"canonical":"https:\/\/www.sotracom.fr\/it\/trasporto-stradale-da-rodano-alpi.html","og_locale":"it_IT","og_type":"article","og_title":"Trasporto stradale Rh\u00f4ne-Alpes, trasporto merci Rh\u00f4ne Alpes","og_description":"Sotracom \u00e8 un'azienda di trasporto su strada con sede nella regione Rh\u00f4ne Alpes che pu\u00f2 soddisfare le vostre esigenze per tutte le destinazioni in Francia, Italia settentrionale e Svizzera. Contattateci per maggiori informazioni!","og_url":"https:\/\/www.sotracom.fr\/it\/trasporto-stradale-da-rodano-alpi.html","og_site_name":"Sotracom Italia","article_modified_time":"2022-12-19T14:07:50+00:00","twitter_card":"summary_large_image","twitter_misc":{"Tempo di lettura stimato":"1 minuto"},"schema":{"@context":"https:\/\/schema.org","@graph":[{"@type":"WebPage","@id":"https:\/\/www.sotracom.fr\/it\/trasporto-stradale-da-rodano-alpi.html","url":"https:\/\/www.sotracom.fr\/it\/trasporto-stradale-da-rodano-alpi.html","name":"Trasporto stradale Rh\u00f4ne-Alpes, trasporto merci Rh\u00f4ne Alpes","isPartOf":{"@id":"https:\/\/www.sotracom.fr\/it\/#website"},"datePublished":"2022-05-03T18:29:25+00:00","dateModified":"2022-12-19T14:07:50+00:00","description":"Sotracom \u00e8 un'azienda di trasporto su strada con sede nella regione Rh\u00f4ne Alpes che pu\u00f2 soddisfare le vostre esigenze per tutte le destinazioni in Francia, Italia settentrionale e Svizzera. Contattateci per maggiori informazioni!","breadcrumb":{"@id":"https:\/\/www.sotracom.fr\/it\/trasporto-stradale-da-rodano-alpi.html#breadcrumb"},"inLanguage":"it-IT","potentialAction":[{"@type":"ReadAction","target":["https:\/\/www.sotracom.fr\/it\/trasporto-stradale-da-rodano-alpi.html"]}]},{"@type":"BreadcrumbList","@id":"https:\/\/www.sotracom.fr\/it\/trasporto-stradale-da-rodano-alpi.html#breadcrumb","itemListElement":[{"@type":"ListItem","position":1,"name":"Accueil","item":"https:\/\/www.sotracom.fr\/it\/"},{"@type":"ListItem","position":2,"name":"Trasporto stradale da Rodano-Alpi"}]},{"@type":"WebSite","@id":"https:\/\/www.sotracom.fr\/it\/#website","url":"https:\/\/www.sotracom.fr\/it\/","name":"Sotracom Italia","description":"Un site utilisant Les sites de Sotracom","potentialAction":[{"@type":"SearchAction","target":{"@type":"EntryPoint","urlTemplate":"https:\/\/www.sotracom.fr\/it\/?s={search_term_string}"},"query-input":{"@type":"PropertyValueSpecification","valueRequired":true,"valueName":"search_term_string"}}],"inLanguage":"it-IT"}]}},"_links":{"self":[{"href":"https:\/\/www.sotracom.fr\/it\/wp-json\/wp\/v2\/pages\/1151","targetHints":{"allow":["GET"]}}],"collection":[{"href":"https:\/\/www.sotracom.fr\/it\/wp-json\/wp\/v2\/pages"}],"about":[{"href":"https:\/\/www.sotracom.fr\/it\/wp-json\/wp\/v2\/types\/page"}],"author":[{"embeddable":true,"href":"https:\/\/www.sotracom.fr\/it\/wp-json\/wp\/v2\/users\/1"}],"replies":[{"embeddable":true,"href":"https:\/\/www.sotracom.fr\/it\/wp-json\/wp\/v2\/comments?post=1151"}],"version-history":[{"count":4,"href":"https:\/\/www.sotracom.fr\/it\/wp-json\/wp\/v2\/pages\/1151\/revisions"}],"predecessor-version":[{"id":1218,"href":"https:\/\/www.sotracom.fr\/it\/wp-json\/wp\/v2\/pages\/1151\/revisions\/1218"}],"wp:attachment":[{"href":"https:\/\/www.sotracom.fr\/it\/wp-json\/wp\/v2\/media?parent=1151"}],"curies":[{"name":"wp","href":"https:\/\/api.w.org\/{rel}","templated":true}]}}