{"id":1170,"date":"2022-05-03T20:53:07","date_gmt":"2022-05-03T18:53:07","guid":{"rendered":"https:\/\/www.sotracom.fr\/it\/?page_id=1170"},"modified":"2022-05-03T21:00:40","modified_gmt":"2022-05-03T19:00:40","slug":"trasporto-di-merci-svizzera","status":"publish","type":"page","link":"https:\/\/www.sotracom.fr\/it\/trasporto-di-merci-svizzera.html","title":{"rendered":"Trasporto di merci Svizzera"},"content":{"rendered":"<section class=\"wpb-content-wrapper\"><p>[vc_row css=&#8221;.vc_custom_1516094963539{margin-top: 30px !important;}&#8221;][vc_column][vc_column_text]<\/p>\n<h1>Spedizioni &#8220;DA o PER&#8221; SVIZZERA<\/h1>\n<p>[\/vc_column_text][\/vc_column][\/vc_row][vc_row][vc_column width=&#8221;2\/3&#8243;][vc_column_text]I nostri veicoli effettuano consegne e ritiri giornalieri in SVIZZERA.<\/p>\n<p>SOTRACOM effettua il servizio di tua scelta. Dal pi\u00f9 semplice al pi\u00f9 specifico, la nostra flotta di veicoli soddisfer\u00e0 le vostre aspettative.<\/p>\n<p>Senza dimenticare i tanti servizi che possiamo fornirti:<\/p>\n<ul>\n<li>Servizio Clienti<\/li>\n<li><a href=\"https:\/\/www.sotracom.fr\/it\/logistica.html\">Stoccaggio locale<\/a> (vincolato o meno)<\/li>\n<li>Distribuzione o ritiro della vostra merce in Europa.<\/li>\n<\/ul>\n<p>Una gamma dei nostri servizi \u00e8 presentata sul nostro sito web.<\/p>\n<ul>\n<li>Fino a 34 pallet EUR a terra<\/li>\n<li>Fino a 22,5 t di carico utile per motrice<\/li>\n<\/ul>\n<p>[\/vc_column_text][\/vc_column][vc_column width=&#8221;1\/3&#8243;][vc_single_image image=&#8221;1171&#8243; img_size=&#8221;full&#8221;][\/vc_column][\/vc_row][vc_row css=&#8221;.vc_custom_1518780312776{margin-top: 20px !important;}&#8221;][vc_column width=&#8221;1\/3&#8243;][\/vc_column][vc_column width=&#8221;1\/3&#8243; css=&#8221;.vc_custom_1518780766678{border-top-width: 1px !important;border-right-width: 1px !important;border-bottom-width: 1px !important;border-left-width: 1px !important;padding-bottom: 10px !important;border-left-color: #0c5097 !important;border-left-style: solid !important;border-right-color: #0c5097 !important;border-right-style: solid !important;border-top-color: #0c5097 !important;border-top-style: solid !important;border-bottom-color: #0c5097 !important;border-bottom-style: solid !important;border-radius: 1px !important;}&#8221;][vc_column_text]<\/p>\n<h3 style=\"text-align: center;\"><span style=\"color: #0c5097;\"><span class=\"texteh3\">BISOGNO DI INFORMAZIONI?<\/span><\/span><\/h3>\n<p>[\/vc_column_text][vc_btn title=&#8221;Contattaci per ottenere un preventivo&#8221; style=&#8221;custom&#8221; custom_background=&#8221;#e88b01&#8243; custom_text=&#8221;#ffffff&#8221; align=&#8221;center&#8221; i_icon_fontawesome=&#8221;fa fa-envelope-o&#8221; link=&#8221;url:https%3A%2F%2Fwww.sotracom.fr%2Fit%2Fcontatti.html|title:Contatti|&#8221; add_icon=&#8221;true&#8221;][\/vc_column][vc_column width=&#8221;1\/3&#8243;][\/vc_column][\/vc_row][vc_row][vc_column][vc_empty_space][\/vc_column][\/vc_row]<\/p>\n<\/section>","protected":false},"excerpt":{"rendered":"<p>[vc_row css=&#8221;.vc_custom_1516094963539{margin-top: 30px !important;}&#8221;][vc_column][vc_column_text] Spedizioni &#8220;DA o PER&#8221; SVIZZERA [\/vc_column_text][\/vc_column][\/vc_row][vc_row][vc_column width=&#8221;2\/3&#8243;][vc_column_text]I nostri veicoli effettuano consegne e ritiri giornalieri in SVIZZERA. SOTRACOM effettua il servizio di tua scelta. Dal pi\u00f9 semplice al pi\u00f9 specifico, la nostra flotta di veicoli soddisfer\u00e0 le vostre aspettative. Senza dimenticare i tanti servizi che possiamo fornirti: Servizio Clienti Stoccaggio locale (vincolato [&hellip;]<\/p>\n","protected":false},"author":1,"featured_media":0,"parent":0,"menu_order":0,"comment_status":"closed","ping_status":"closed","template":"","meta":{"footnotes":""},"class_list":["post-1170","page","type-page","status-publish","hentry"],"yoast_head":"<!-- This site is optimized with the Yoast SEO plugin v27.4 - https:\/\/yoast.com\/product\/yoast-seo-wordpress\/ -->\n<title>Vettore Francia Svizzera, trasporto internazionale Svizzera<\/title>\n<meta name=\"description\" content=\"SOTRACOM fornisce un servizio internazionale quotidiano tra la Francia e la Svizzera. Consultateci se state cercando un vettore internazionale tra la Francia e la Svizzera.\" \/>\n<meta name=\"robots\" content=\"index, follow, max-snippet:-1, max-image-preview:large, max-video-preview:-1\" \/>\n<link rel=\"canonical\" href=\"https:\/\/www.sotracom.fr\/it\/trasporto-di-merci-svizzera.html\" \/>\n<meta property=\"og:locale\" content=\"it_IT\" \/>\n<meta property=\"og:type\" content=\"article\" \/>\n<meta property=\"og:title\" content=\"Vettore Francia Svizzera, trasporto internazionale Svizzera\" \/>\n<meta property=\"og:description\" content=\"SOTRACOM fornisce un servizio internazionale quotidiano tra la Francia e la Svizzera. Consultateci se state cercando un vettore internazionale tra la Francia e la Svizzera.\" \/>\n<meta property=\"og:url\" content=\"https:\/\/www.sotracom.fr\/it\/trasporto-di-merci-svizzera.html\" \/>\n<meta property=\"og:site_name\" content=\"Sotracom Italia\" \/>\n<meta property=\"article:modified_time\" content=\"2022-05-03T19:00:40+00:00\" \/>\n<meta name=\"twitter:card\" content=\"summary_large_image\" \/>\n<meta name=\"twitter:label1\" content=\"Tempo di lettura stimato\" \/>\n\t<meta name=\"twitter:data1\" content=\"1 minuto\" \/>\n<script type=\"application\/ld+json\" class=\"yoast-schema-graph\">{\"@context\":\"https:\\\/\\\/schema.org\",\"@graph\":[{\"@type\":\"WebPage\",\"@id\":\"https:\\\/\\\/www.sotracom.fr\\\/it\\\/trasporto-di-merci-svizzera.html\",\"url\":\"https:\\\/\\\/www.sotracom.fr\\\/it\\\/trasporto-di-merci-svizzera.html\",\"name\":\"Vettore Francia Svizzera, trasporto internazionale Svizzera\",\"isPartOf\":{\"@id\":\"https:\\\/\\\/www.sotracom.fr\\\/it\\\/#website\"},\"datePublished\":\"2022-05-03T18:53:07+00:00\",\"dateModified\":\"2022-05-03T19:00:40+00:00\",\"description\":\"SOTRACOM fornisce un servizio internazionale quotidiano tra la Francia e la Svizzera. Consultateci se state cercando un vettore internazionale tra la Francia e la Svizzera.\",\"breadcrumb\":{\"@id\":\"https:\\\/\\\/www.sotracom.fr\\\/it\\\/trasporto-di-merci-svizzera.html#breadcrumb\"},\"inLanguage\":\"it-IT\",\"potentialAction\":[{\"@type\":\"ReadAction\",\"target\":[\"https:\\\/\\\/www.sotracom.fr\\\/it\\\/trasporto-di-merci-svizzera.html\"]}]},{\"@type\":\"BreadcrumbList\",\"@id\":\"https:\\\/\\\/www.sotracom.fr\\\/it\\\/trasporto-di-merci-svizzera.html#breadcrumb\",\"itemListElement\":[{\"@type\":\"ListItem\",\"position\":1,\"name\":\"Accueil\",\"item\":\"https:\\\/\\\/www.sotracom.fr\\\/it\\\/\"},{\"@type\":\"ListItem\",\"position\":2,\"name\":\"Trasporto di merci Svizzera\"}]},{\"@type\":\"WebSite\",\"@id\":\"https:\\\/\\\/www.sotracom.fr\\\/it\\\/#website\",\"url\":\"https:\\\/\\\/www.sotracom.fr\\\/it\\\/\",\"name\":\"Sotracom Italia\",\"description\":\"Un site utilisant Les sites de Sotracom\",\"potentialAction\":[{\"@type\":\"SearchAction\",\"target\":{\"@type\":\"EntryPoint\",\"urlTemplate\":\"https:\\\/\\\/www.sotracom.fr\\\/it\\\/?s={search_term_string}\"},\"query-input\":{\"@type\":\"PropertyValueSpecification\",\"valueRequired\":true,\"valueName\":\"search_term_string\"}}],\"inLanguage\":\"it-IT\"}]}<\/script>\n<!-- \/ Yoast SEO plugin. -->","yoast_head_json":{"title":"Vettore Francia Svizzera, trasporto internazionale Svizzera","description":"SOTRACOM fornisce un servizio internazionale quotidiano tra la Francia e la Svizzera. Consultateci se state cercando un vettore internazionale tra la Francia e la Svizzera.","robots":{"index":"index","follow":"follow","max-snippet":"max-snippet:-1","max-image-preview":"max-image-preview:large","max-video-preview":"max-video-preview:-1"},"canonical":"https:\/\/www.sotracom.fr\/it\/trasporto-di-merci-svizzera.html","og_locale":"it_IT","og_type":"article","og_title":"Vettore Francia Svizzera, trasporto internazionale Svizzera","og_description":"SOTRACOM fornisce un servizio internazionale quotidiano tra la Francia e la Svizzera. Consultateci se state cercando un vettore internazionale tra la Francia e la Svizzera.","og_url":"https:\/\/www.sotracom.fr\/it\/trasporto-di-merci-svizzera.html","og_site_name":"Sotracom Italia","article_modified_time":"2022-05-03T19:00:40+00:00","twitter_card":"summary_large_image","twitter_misc":{"Tempo di lettura stimato":"1 minuto"},"schema":{"@context":"https:\/\/schema.org","@graph":[{"@type":"WebPage","@id":"https:\/\/www.sotracom.fr\/it\/trasporto-di-merci-svizzera.html","url":"https:\/\/www.sotracom.fr\/it\/trasporto-di-merci-svizzera.html","name":"Vettore Francia Svizzera, trasporto internazionale Svizzera","isPartOf":{"@id":"https:\/\/www.sotracom.fr\/it\/#website"},"datePublished":"2022-05-03T18:53:07+00:00","dateModified":"2022-05-03T19:00:40+00:00","description":"SOTRACOM fornisce un servizio internazionale quotidiano tra la Francia e la Svizzera. Consultateci se state cercando un vettore internazionale tra la Francia e la Svizzera.","breadcrumb":{"@id":"https:\/\/www.sotracom.fr\/it\/trasporto-di-merci-svizzera.html#breadcrumb"},"inLanguage":"it-IT","potentialAction":[{"@type":"ReadAction","target":["https:\/\/www.sotracom.fr\/it\/trasporto-di-merci-svizzera.html"]}]},{"@type":"BreadcrumbList","@id":"https:\/\/www.sotracom.fr\/it\/trasporto-di-merci-svizzera.html#breadcrumb","itemListElement":[{"@type":"ListItem","position":1,"name":"Accueil","item":"https:\/\/www.sotracom.fr\/it\/"},{"@type":"ListItem","position":2,"name":"Trasporto di merci Svizzera"}]},{"@type":"WebSite","@id":"https:\/\/www.sotracom.fr\/it\/#website","url":"https:\/\/www.sotracom.fr\/it\/","name":"Sotracom Italia","description":"Un site utilisant Les sites de Sotracom","potentialAction":[{"@type":"SearchAction","target":{"@type":"EntryPoint","urlTemplate":"https:\/\/www.sotracom.fr\/it\/?s={search_term_string}"},"query-input":{"@type":"PropertyValueSpecification","valueRequired":true,"valueName":"search_term_string"}}],"inLanguage":"it-IT"}]}},"_links":{"self":[{"href":"https:\/\/www.sotracom.fr\/it\/wp-json\/wp\/v2\/pages\/1170","targetHints":{"allow":["GET"]}}],"collection":[{"href":"https:\/\/www.sotracom.fr\/it\/wp-json\/wp\/v2\/pages"}],"about":[{"href":"https:\/\/www.sotracom.fr\/it\/wp-json\/wp\/v2\/types\/page"}],"author":[{"embeddable":true,"href":"https:\/\/www.sotracom.fr\/it\/wp-json\/wp\/v2\/users\/1"}],"replies":[{"embeddable":true,"href":"https:\/\/www.sotracom.fr\/it\/wp-json\/wp\/v2\/comments?post=1170"}],"version-history":[{"count":3,"href":"https:\/\/www.sotracom.fr\/it\/wp-json\/wp\/v2\/pages\/1170\/revisions"}],"predecessor-version":[{"id":1173,"href":"https:\/\/www.sotracom.fr\/it\/wp-json\/wp\/v2\/pages\/1170\/revisions\/1173"}],"wp:attachment":[{"href":"https:\/\/www.sotracom.fr\/it\/wp-json\/wp\/v2\/media?parent=1170"}],"curies":[{"name":"wp","href":"https:\/\/api.w.org\/{rel}","templated":true}]}}