{"id":13,"date":"2019-05-08T17:32:46","date_gmt":"2019-05-08T15:32:46","guid":{"rendered":"https:\/\/www.sotracom.fr\/it\/?page_id=13"},"modified":"2026-03-23T17:30:41","modified_gmt":"2026-03-23T16:30:41","slug":"logistica","status":"publish","type":"page","link":"https:\/\/www.sotracom.fr\/it\/logistica.html","title":{"rendered":"Logistica"},"content":{"rendered":"<section class=\"wpb-content-wrapper\"><p>[vc_row full_width=&#8221;stretch_row&#8221; css=&#8221;.vc_custom_1557520931060{background-image: url(https:\/\/www.sotracom.fr\/it\/wp-content\/uploads\/sites\/2\/2019\/05\/gestione-logistica-trasporto.jpg?id=122) !important;background-position: center !important;background-repeat: no-repeat !important;background-size: cover !important;}&#8221;][vc_column][vc_empty_space height=&#8221;300px&#8221;][\/vc_column][\/vc_row][vc_row full_width=&#8221;stretch_row&#8221; bg_type=&#8221;bg_color&#8221; bg_color_value=&#8221;#e5e5e5&#8243;][vc_column][vc_column_text]<\/p>\n<h1>Gestione di una piattaforma logistica e di un deposito doganale<\/h1>\n<p>[\/vc_column_text][\/vc_column][\/vc_row][vc_row full_width=&#8221;stretch_row&#8221; seperator_enable=&#8221;seperator_enable_value&#8221; seperator_type=&#8221;triangle_svg_seperator&#8221; seperator_svg_height=&#8221;30&#8243; seperator_shape_background=&#8221;#e5e5e5&#8243;][vc_column]<div class=\"aio-icon-component    style_1\"><div id=\"Info-box-wrap-1838\" class=\"aio-icon-box default-icon\" style=\"\"  ><div class=\"aio-icon-default\"><div class=\"ult-just-icon-wrapper  \"><div class=\"align-icon\" style=\"text-align:center;\">\n<div class=\"aio-icon none \"  style=\"color:#3083c9;font-size:32px;display:inline-block;\">\n\t<i class=\"Defaults-map-marker\"><\/i>\n<\/div><\/div><\/div><\/div><div class=\"aio-icon-header\" ><h3 class=\"aio-icon-title ult-responsive\"  data-ultimate-target='#Info-box-wrap-1838 .aio-icon-title'  data-responsive-json-new='{\"font-size\":\"\",\"line-height\":\"\"}'  style=\"\">Magazzino Etaux<\/h3><\/div> <!-- header --><div class=\"aio-icon-description ult-responsive\"  data-ultimate-target='#Info-box-wrap-1838 .aio-icon-description'  data-responsive-json-new='{\"font-size\":\"\",\"line-height\":\"\"}'  style=\"\">Il sito ETAUX si trova al numero <span class=\"fort\">86, route de Faverges 74800 ETAUX &#8211; Francia<\/span>.<\/p>\n<ul>\n<li>Deposito doganale in Haute-Savoie vicino alla Svizzera (Ginevra)<\/li>\n<li>Accesso al magazzino a 4 km dall&#8217;uscita 19 LA ROCHE SUR FORON dell&#8217;autostrada A41<\/li>\n<li>Navetta regolare di confine tra i due paesi Francia-Svizzera<\/li>\n<\/ul>\n<p><\/div> <!-- description --><\/div> <!-- aio-icon-box --><\/div> <!-- aio-icon-component -->[\/vc_column][\/vc_row][vc_row full_width=&#8221;stretch_row&#8221; bg_type=&#8221;bg_color&#8221; bg_color_value=&#8221;#e0e0e0&#8243;][vc_column width=&#8221;2\/3&#8243;][vc_column_text]<\/p>\n<h1>Piattaforma logistica e di un deposito doganale in Francia<\/h1>\n<p>Sotracom gestisce una <strong>piattaforma logistica<\/strong> e un <strong>deposito doganale<\/strong>.<\/p>\n<ul>\n<li>Un servizio personalizzato, un contatto unico, con inventari frequenti.<\/li>\n<li>Un <strong>stoccaggio<\/strong> a terra o su scaffali in Eteaux<\/li>\n<li>Un <strong>deposito doganale<\/strong><\/li>\n<\/ul>\n<p>&nbsp;<\/p>\n<p>Tutto \u00e8 possibile! L&#8217;azienda SOTRACOM ti propone sempre lo <strong>stoccaggio<\/strong> pi\u00f9 <strong>sicuro<\/strong>, rispettando i tuoi bisogni e quelli dei tuoi clienti.<\/p>\n<p>Distribuisci merci sotto controllo <strong>doganale<\/strong>? Vuoi ottimizzare i tuoi <a href=\"https:\/\/www.sotracom.fr\/it\/operazioni-doganali.html\"><strong>dazi doganali<\/strong><\/a>? Esistono molte soluzioni di <strong>stoccaggio<\/strong>. <a href=\"https:\/\/www.sotracom.fr\/it\/contatti.html\">Contattaci per ottenere un preventivo<\/a>.<\/p>\n<p>Cerchi un <strong>deposito<\/strong> per distribuire le tue merci in <strong>Francia<\/strong>, nella regione <strong>Rodano-Alpi<\/strong> o nel <strong>Nord Italia<\/strong>? Ti proponiamo il Cross Docking (operazione per cui la merce che produci viene stoccata nel nostro deposito e poi distribuita ai tuoi clienti in maniera continua, man mano che arrivano le loro ordinazioni).[\/vc_column_text][\/vc_column][vc_column width=&#8221;1\/3&#8243;][vc_images_carousel images=&#8221;121,123&#8243; img_size=&#8221;full&#8221; autoplay=&#8221;yes&#8221;][\/vc_column][\/vc_row][vc_row full_width=&#8221;stretch_row&#8221; el_class=&#8221;texteblanc&#8221; css=&#8221;.vc_custom_1774283285010{margin-top: 25px !important;margin-bottom: 25px !important;background-color: rgba(48,131,201,0.7) !important;*background-color: rgb(48,131,201) !important;}&#8221;][vc_column][vc_column_text]<\/p>\n<h3>Stoccaggio merci<\/h3>\n<p>Lo <strong class=\"d2b\">stoccaggio<\/strong> \u00e8 una fase essenziale della <strong class=\"d2b\">supply chain<\/strong>. Un&#8217;organizzazione efficiente del magazzino ottimizza i flussi e garantisce la disponibilit\u00e0 dei prodotti.<\/p>\n<p><strong class=\"d2b1\">Gestione ottimizzata dell&#8217;inventario<\/strong><\/p>\n<p><span class=\"fort\">Problema:<\/span><\/p>\n<p>Una cattiva organizzazione pu\u00f2 portare a errori e ritardi.<\/p>\n<p><span class=\"fort\">Soluzione:<\/span><\/p>\n<p>Un&#8217;<strong class=\"d2b\">infrastruttura di stoccaggio<\/strong> adeguata consente una gestione strutturata e una tracciabilit\u00e0 efficace.[\/vc_column_text][vc_row_inner][vc_column_inner width=&#8221;1\/2&#8243;][vc_column_text]<span class=\"fort\">Punti chiave:<\/span><\/p>\n<ul>\n<li>Organizzazione delle sedi<\/li>\n<li>Gestione dei flussi in entrata e in uscita<\/li>\n<li>Tracciabilit\u00e0 dei prodotti<\/li>\n<\/ul>\n<p>[\/vc_column_text][\/vc_column_inner][vc_column_inner width=&#8221;1\/2&#8243;][vc_column_text]<span class=\"fort\">Vantaggi:<\/span><\/p>\n<ul>\n<li>Aumento della produttivit\u00e0<\/li>\n<li>Riduzione degli errori<\/li>\n<li>Migliore visibilit\u00e0 dell&#8217;inventario<\/li>\n<\/ul>\n<p>[\/vc_column_text][\/vc_column_inner][\/vc_row_inner][\/vc_column][\/vc_row][vc_row css=&#8221;.vc_custom_1518780312776{margin-top: 20px !important;}&#8221;][vc_column width=&#8221;1\/3&#8243;][\/vc_column][vc_column width=&#8221;1\/3&#8243; css=&#8221;.vc_custom_1518780766678{border-top-width: 1px !important;border-right-width: 1px !important;border-bottom-width: 1px !important;border-left-width: 1px !important;padding-bottom: 10px !important;border-left-color: #0c5097 !important;border-left-style: solid !important;border-right-color: #0c5097 !important;border-right-style: solid !important;border-top-color: #0c5097 !important;border-top-style: solid !important;border-bottom-color: #0c5097 !important;border-bottom-style: solid !important;border-radius: 1px !important;}&#8221;][vc_column_text]<\/p>\n<p style=\"text-align: center;\"><span class=\"texteh3\" style=\"color: #0c5097;\">BISOGNO DI INFORMAZIONI?<\/span><\/p>\n<p>[\/vc_column_text][vc_btn title=&#8221;Contattaci per ottenere un preventivo&#8221; style=&#8221;custom&#8221; custom_background=&#8221;#e88b01&#8243; custom_text=&#8221;#ffffff&#8221; align=&#8221;center&#8221; i_icon_fontawesome=&#8221;fa fa-envelope-o&#8221; add_icon=&#8221;true&#8221; link=&#8221;url:https%3A%2F%2Fwww.sotracom.fr%2Fit%2Fcontatti.html|title:Contatti|&#8221;][\/vc_column][vc_column width=&#8221;1\/3&#8243;][\/vc_column][\/vc_row][vc_row][vc_column][vc_empty_space][vc_column_text]<div class=\"thrive-shortcode-html\"><link rel=\"stylesheet\" href=\"https:\/\/www.sotracom.fr\/it\/wp-content\/plugins\/thrive-ovation\/templates\/css\/display\/slider\/set19-template.css?ver=2.9\" type=\"text\/css\"\/><div\n\t\tclass=\"tvo-testimonials-display tvo-testimonials-display-slider tvo-set19-template tve_orange tvo-apply-background\">\n\t<div id=\"thrlider-69ff5b654f60d\">\n\t\t<div class=\"thrlider-nav\">\n\t\t\t\t\t\t\t\t\t\t\t\t<span class=\"thrlider-navItem\" data-nav=\"0\">\n\t\t\t\t\t\t<div class=\"tvo-image-wrapper\">\n\t\t\t\t\t\t\t<div class=\"tvo-testimonial-image-cover tvo-testimonial-real-border\"\n\t\t\t\t\t\t\t\t style=\"background-image: url(https:\/\/www.sotracom.fr\/it\/wp-content\/plugins\/thrive-ovation\/admin\/img\/tvo-no-photo.png)\">\n\t\t\t\t\t\t\t\t<img decoding=\"async\" src=\"https:\/\/www.sotracom.fr\/it\/wp-content\/plugins\/thrive-ovation\/admin\/img\/tvo-no-photo.png\"\n\t\t\t\t\t\t\t\t\t class=\"tvo-testimonial-image tvo-dummy-image\" alt=\"profile-pic\">\n\t\t\t\t\t\t\t<\/div>\n\t\t\t\t\t\t<\/div>\n\t\t\t\t\t\t<div class=\"tvo-testimonial-info\">\n\t\t\t\t\t\t\t\t<span class=\"tvo-testimonial-name\">\n\t\t\t\t\t\t\t\t\tAziende E\t\t\t\t\t\t\t\t<\/span>\n\t\t\t\t\t\t\t\t\t\t\t\t\t\t\t<span class=\"tvo-testimonial-role\">\n\t\t\t\t\t\t\t\t\t\t\t\t\t\t\t\t\t<\/span>\n\t\t\t\t\t\t\t\t\t\t\t\t\t<\/div>\n\t\t\t\t\t<\/span>\n\t\t\t\t\t\t\t\t\t\t\t\t\t\t\t\t<span class=\"thrlider-navItem\" data-nav=\"1\">\n\t\t\t\t\t\t<div class=\"tvo-image-wrapper\">\n\t\t\t\t\t\t\t<div class=\"tvo-testimonial-image-cover tvo-testimonial-real-border\"\n\t\t\t\t\t\t\t\t style=\"background-image: url(https:\/\/www.sotracom.fr\/it\/wp-content\/plugins\/thrive-ovation\/admin\/img\/tvo-no-photo.png)\">\n\t\t\t\t\t\t\t\t<img decoding=\"async\" src=\"https:\/\/www.sotracom.fr\/it\/wp-content\/plugins\/thrive-ovation\/admin\/img\/tvo-no-photo.png\"\n\t\t\t\t\t\t\t\t\t class=\"tvo-testimonial-image tvo-dummy-image\" alt=\"profile-pic\">\n\t\t\t\t\t\t\t<\/div>\n\t\t\t\t\t\t<\/div>\n\t\t\t\t\t\t<div class=\"tvo-testimonial-info\">\n\t\t\t\t\t\t\t\t<span class=\"tvo-testimonial-name\">\n\t\t\t\t\t\t\t\t\tAzienda 2\t\t\t\t\t\t\t\t<\/span>\n\t\t\t\t\t\t\t\t\t\t\t\t\t\t\t<span class=\"tvo-testimonial-role\">\n\t\t\t\t\t\t\t\t\t\t\t\t\t\t\t\t\t<\/span>\n\t\t\t\t\t\t\t\t\t\t\t\t\t<\/div>\n\t\t\t\t\t<\/span>\n\t\t\t\t\t\t\t\t\t\t\t\t\t\t\t\t<span class=\"thrlider-navItem\" data-nav=\"2\">\n\t\t\t\t\t\t<div class=\"tvo-image-wrapper\">\n\t\t\t\t\t\t\t<div class=\"tvo-testimonial-image-cover tvo-testimonial-real-border\"\n\t\t\t\t\t\t\t\t style=\"background-image: url(https:\/\/www.sotracom.fr\/it\/wp-content\/plugins\/thrive-ovation\/admin\/img\/tvo-no-photo.png)\">\n\t\t\t\t\t\t\t\t<img decoding=\"async\" src=\"https:\/\/www.sotracom.fr\/it\/wp-content\/plugins\/thrive-ovation\/admin\/img\/tvo-no-photo.png\"\n\t\t\t\t\t\t\t\t\t class=\"tvo-testimonial-image tvo-dummy-image\" alt=\"profile-pic\">\n\t\t\t\t\t\t\t<\/div>\n\t\t\t\t\t\t<\/div>\n\t\t\t\t\t\t<div class=\"tvo-testimonial-info\">\n\t\t\t\t\t\t\t\t<span class=\"tvo-testimonial-name\">\n\t\t\t\t\t\t\t\t\tAzienda 1\t\t\t\t\t\t\t\t<\/span>\n\t\t\t\t\t\t\t\t\t\t\t\t\t\t\t<span class=\"tvo-testimonial-role\">\n\t\t\t\t\t\t\t\t\t\t\t\t\t\t\t\t\t<\/span>\n\t\t\t\t\t\t\t\t\t\t\t\t\t<\/div>\n\t\t\t\t\t<\/span>\n\t\t\t\t\t\t\t\t\t<\/div>\n\t\t<div class=\"thrlider-slider\">\n\t\t\t\t\t\t\t\t\t\t\t\t<div class=\"thrlider-slide\">\n\t\t\t\t\t\t<div class=\"tvo-testimonial-display-item\">\n\t\t\t\t\t\t\t\t\t\t\t\t\t\t\t<h4>\n\t\t\t\t\t\t\t\t\t\t\t\t\t\t\t\t\t<\/h4>\n\t\t\t\t\t\t\t\t\t\t\t\t\t\t<div class=\"tvo-relative tvo-testimonial-content\">\n\t\t\t\t\t\t\t\t<div class=\"tvo-testimonial-quote\"><\/div>\n\t\t\t\t\t\t\t\t<p>Abbiamo un fabbisogno di fatturato significativo nel nostro sito produttivo, ma non vogliamo e non possiamo immagazzinare il flusso nella nostra fabbrica. Il nostro fornitore di servizi SOTRACOM \u00e8 stato in grado di organizzare il suo magazzino, le sue scaffalature, l'altezza delle sue rotaie e le sue consegne in tempi record. Congratulazioni.<\/p>\t\t\t\t\t\t\t<\/div>\n\t\t\t\t\t\t<\/div>\n\t\t\t\t\t<\/div>\n\t\t\t\t\t\t\t\t\t\t\t\t\t\t\t\t<div class=\"thrlider-slide\">\n\t\t\t\t\t\t<div class=\"tvo-testimonial-display-item\">\n\t\t\t\t\t\t\t\t\t\t\t\t\t\t\t<h4>\n\t\t\t\t\t\t\t\t\t\t\t\t\t\t\t\t\t<\/h4>\n\t\t\t\t\t\t\t\t\t\t\t\t\t\t<div class=\"tvo-relative tvo-testimonial-content\">\n\t\t\t\t\t\t\t\t<div class=\"tvo-testimonial-quote\"><\/div>\n\t\t\t\t\t\t\t\t<p>al nostro deposito Rh\u00f4ne-Alpes, ma questa volta: si trattava di una spedizione su larga scala in pi\u00f9 localit\u00e0 Rh\u00f4ne-Alpes nello stesso giorno, quindi impossibile da raggiungere con il nostro unico peso massimo. Quindi abbiamo chiesto al nostro corriere se avevano una soluzione. E non sorprende che SOTRACOM abbia risposto e persino gestito direttamente dai tre paesi utilizzando la loro piattaforma Haut-Savoyarde. Da rifare Grazie.<\/p>\t\t\t\t\t\t\t<\/div>\n\t\t\t\t\t\t<\/div>\n\t\t\t\t\t<\/div>\n\t\t\t\t\t\t\t\t\t\t\t\t\t\t\t\t<div class=\"thrlider-slide\">\n\t\t\t\t\t\t<div class=\"tvo-testimonial-display-item\">\n\t\t\t\t\t\t\t\t\t\t\t\t\t\t\t<h4>\n\t\t\t\t\t\t\t\t\t\t\t\t\t\t\t\t\t<\/h4>\n\t\t\t\t\t\t\t\t\t\t\t\t\t\t<div class=\"tvo-relative tvo-testimonial-content\">\n\t\t\t\t\t\t\t\t<div class=\"tvo-testimonial-quote\"><\/div>\n\t\t\t\t\t\t\t\t<p>SOTRACOM mi ha aiutato a scoprire la logistica in Rh\u00f4ne Alpes e poi ha modernizzato la mia logistica.L'approccio collaborativo proposto da SOTRACOM \u00e8 stato convincente e costruttivo. \u00c8 stata l'occasione per fare un passo indietro e identificare il valore aggiunto della mia attivit\u00e0.<\/p>\t\t\t\t\t\t\t<\/div>\n\t\t\t\t\t\t<\/div>\n\t\t\t\t\t<\/div>\n\t\t\t\t\t\t\t\t\t<\/div>\n\t\t<span class=\"thrlider-prev\"><\/span>\n\t\t<span class=\"thrlider-next\"><\/span>\n\t<\/div>\n<\/div>\n<script type=\"text\/javascript\">\n\tjQuery( document ).ready( function () {\n\t\tsetTimeout( function () {\n\t\t\tjQuery( '#thrlider-69ff5b654f60d' ).thrlider( {\n\t\t\t\tnav: true,\n\t\t\t\tmaxSlides: 1,\n\t\t\t\tactiveSlidePosition: 1,\n\t\t\t\tmaxNavItems: 4,\n\t\t\t\tactiveNavItemPosition: 1,\n\t\t\t\tnoNavWidthy: true,\n\t\t\t\tmobileMaxNavItems: 1\n\t\t\t} );\n\t\t}, 300 );\n\t} );\n<\/script>\n\n\n<script type=\"text\/javascript\">\n\tdocument.addEventListener( 'DOMContentLoaded', function () {\n\t\tjQuery = ( typeof TVE !== 'undefined' && TVE.inner.jQuery ) || jQuery;\n\t\t\/* apply custom color class *\/\n\t\tvar $shortcode = jQuery( '#thrlider-69ff5b654f60d' ),\n\t\t\t$parent = $shortcode.parent();\n\t\tif ( ! $shortcode.attr( 'tvo_colors_applied' ) ) {\n\t\t\t$shortcode.attr( 'tvo_colors_applied', true );\n\t\t\t\t\t\t\/* apply custom color for testimonial elements *\/\n\t\t\t\t\t}\n\t} );\n<\/script>\n<\/div>[\/vc_column_text][\/vc_column][\/vc_row][vc_row][vc_column][vc_empty_space][\/vc_column][\/vc_row]<\/p>\n<\/section>","protected":false},"excerpt":{"rendered":"<p>[vc_row full_width=&#8221;stretch_row&#8221; css=&#8221;.vc_custom_1557520931060{background-image: url(https:\/\/www.sotracom.fr\/it\/wp-content\/uploads\/sites\/2\/2019\/05\/gestione-logistica-trasporto.jpg?id=122) !important;background-position: center !important;background-repeat: no-repeat !important;background-size: cover !important;}&#8221;][vc_column][vc_empty_space height=&#8221;300px&#8221;][\/vc_column][\/vc_row][vc_row full_width=&#8221;stretch_row&#8221; bg_type=&#8221;bg_color&#8221; bg_color_value=&#8221;#e5e5e5&#8243;][vc_column][vc_column_text] Gestione di una piattaforma logistica e di un deposito doganale [\/vc_column_text][\/vc_column][\/vc_row][vc_row full_width=&#8221;stretch_row&#8221; seperator_enable=&#8221;seperator_enable_value&#8221; seperator_type=&#8221;triangle_svg_seperator&#8221; seperator_svg_height=&#8221;30&#8243; seperator_shape_background=&#8221;#e5e5e5&#8243;][vc_column][\/vc_column][\/vc_row][vc_row full_width=&#8221;stretch_row&#8221; bg_type=&#8221;bg_color&#8221; bg_color_value=&#8221;#e0e0e0&#8243;][vc_column width=&#8221;2\/3&#8243;][vc_column_text] Piattaforma logistica e di un deposito doganale in Francia Sotracom gestisce una piattaforma logistica e un deposito doganale. Un servizio [&hellip;]<\/p>\n","protected":false},"author":1,"featured_media":0,"parent":0,"menu_order":0,"comment_status":"closed","ping_status":"closed","template":"","meta":{"footnotes":""},"class_list":["post-13","page","type-page","status-publish","hentry"],"yoast_head":"<!-- This site is optimized with the Yoast SEO plugin v27.5 - https:\/\/yoast.com\/product\/yoast-seo-wordpress\/ -->\n<title>operatore piattaforma logistica, gestione di piattaforma logistica, gestione deposito doganale, operatore logistico<\/title>\n<meta name=\"description\" content=\"Sotracom offre un servizio di stoccaggio e logistica adatto ai tuoi bisogni. Contattaci per ottenere un preventivo.\" \/>\n<meta name=\"robots\" content=\"index, follow, max-snippet:-1, max-image-preview:large, max-video-preview:-1\" \/>\n<link rel=\"canonical\" href=\"https:\/\/www.sotracom.fr\/it\/logistica.html\" \/>\n<meta property=\"og:locale\" content=\"it_IT\" \/>\n<meta property=\"og:type\" content=\"article\" \/>\n<meta property=\"og:title\" content=\"operatore piattaforma logistica, gestione di piattaforma logistica, gestione deposito doganale, operatore logistico\" \/>\n<meta property=\"og:description\" content=\"Sotracom offre un servizio di stoccaggio e logistica adatto ai tuoi bisogni. Contattaci per ottenere un preventivo.\" \/>\n<meta property=\"og:url\" content=\"https:\/\/www.sotracom.fr\/it\/logistica.html\" \/>\n<meta property=\"og:site_name\" content=\"Sotracom Italia\" \/>\n<meta property=\"article:modified_time\" content=\"2026-03-23T16:30:41+00:00\" \/>\n<meta name=\"twitter:card\" content=\"summary_large_image\" \/>\n<meta name=\"twitter:label1\" content=\"Tempo di lettura stimato\" \/>\n\t<meta name=\"twitter:data1\" content=\"3 minuti\" \/>\n<script type=\"application\/ld+json\" class=\"yoast-schema-graph\">{\"@context\":\"https:\\\/\\\/schema.org\",\"@graph\":[{\"@type\":\"WebPage\",\"@id\":\"https:\\\/\\\/www.sotracom.fr\\\/it\\\/logistica.html\",\"url\":\"https:\\\/\\\/www.sotracom.fr\\\/it\\\/logistica.html\",\"name\":\"operatore piattaforma logistica, gestione di piattaforma logistica, gestione deposito doganale, operatore logistico\",\"isPartOf\":{\"@id\":\"https:\\\/\\\/www.sotracom.fr\\\/it\\\/#website\"},\"datePublished\":\"2019-05-08T15:32:46+00:00\",\"dateModified\":\"2026-03-23T16:30:41+00:00\",\"description\":\"Sotracom offre un servizio di stoccaggio e logistica adatto ai tuoi bisogni. Contattaci per ottenere un preventivo.\",\"breadcrumb\":{\"@id\":\"https:\\\/\\\/www.sotracom.fr\\\/it\\\/logistica.html#breadcrumb\"},\"inLanguage\":\"it-IT\",\"potentialAction\":[{\"@type\":\"ReadAction\",\"target\":[\"https:\\\/\\\/www.sotracom.fr\\\/it\\\/logistica.html\"]}]},{\"@type\":\"BreadcrumbList\",\"@id\":\"https:\\\/\\\/www.sotracom.fr\\\/it\\\/logistica.html#breadcrumb\",\"itemListElement\":[{\"@type\":\"ListItem\",\"position\":1,\"name\":\"Accueil\",\"item\":\"https:\\\/\\\/www.sotracom.fr\\\/it\\\/\"},{\"@type\":\"ListItem\",\"position\":2,\"name\":\"Logistica\"}]},{\"@type\":\"WebSite\",\"@id\":\"https:\\\/\\\/www.sotracom.fr\\\/it\\\/#website\",\"url\":\"https:\\\/\\\/www.sotracom.fr\\\/it\\\/\",\"name\":\"Sotracom Italia\",\"description\":\"Un site utilisant Les sites de Sotracom\",\"potentialAction\":[{\"@type\":\"SearchAction\",\"target\":{\"@type\":\"EntryPoint\",\"urlTemplate\":\"https:\\\/\\\/www.sotracom.fr\\\/it\\\/?s={search_term_string}\"},\"query-input\":{\"@type\":\"PropertyValueSpecification\",\"valueRequired\":true,\"valueName\":\"search_term_string\"}}],\"inLanguage\":\"it-IT\"}]}<\/script>\n<!-- \/ Yoast SEO plugin. -->","yoast_head_json":{"title":"operatore piattaforma logistica, gestione di piattaforma logistica, gestione deposito doganale, operatore logistico","description":"Sotracom offre un servizio di stoccaggio e logistica adatto ai tuoi bisogni. Contattaci per ottenere un preventivo.","robots":{"index":"index","follow":"follow","max-snippet":"max-snippet:-1","max-image-preview":"max-image-preview:large","max-video-preview":"max-video-preview:-1"},"canonical":"https:\/\/www.sotracom.fr\/it\/logistica.html","og_locale":"it_IT","og_type":"article","og_title":"operatore piattaforma logistica, gestione di piattaforma logistica, gestione deposito doganale, operatore logistico","og_description":"Sotracom offre un servizio di stoccaggio e logistica adatto ai tuoi bisogni. Contattaci per ottenere un preventivo.","og_url":"https:\/\/www.sotracom.fr\/it\/logistica.html","og_site_name":"Sotracom Italia","article_modified_time":"2026-03-23T16:30:41+00:00","twitter_card":"summary_large_image","twitter_misc":{"Tempo di lettura stimato":"3 minuti"},"schema":{"@context":"https:\/\/schema.org","@graph":[{"@type":"WebPage","@id":"https:\/\/www.sotracom.fr\/it\/logistica.html","url":"https:\/\/www.sotracom.fr\/it\/logistica.html","name":"operatore piattaforma logistica, gestione di piattaforma logistica, gestione deposito doganale, operatore logistico","isPartOf":{"@id":"https:\/\/www.sotracom.fr\/it\/#website"},"datePublished":"2019-05-08T15:32:46+00:00","dateModified":"2026-03-23T16:30:41+00:00","description":"Sotracom offre un servizio di stoccaggio e logistica adatto ai tuoi bisogni. Contattaci per ottenere un preventivo.","breadcrumb":{"@id":"https:\/\/www.sotracom.fr\/it\/logistica.html#breadcrumb"},"inLanguage":"it-IT","potentialAction":[{"@type":"ReadAction","target":["https:\/\/www.sotracom.fr\/it\/logistica.html"]}]},{"@type":"BreadcrumbList","@id":"https:\/\/www.sotracom.fr\/it\/logistica.html#breadcrumb","itemListElement":[{"@type":"ListItem","position":1,"name":"Accueil","item":"https:\/\/www.sotracom.fr\/it\/"},{"@type":"ListItem","position":2,"name":"Logistica"}]},{"@type":"WebSite","@id":"https:\/\/www.sotracom.fr\/it\/#website","url":"https:\/\/www.sotracom.fr\/it\/","name":"Sotracom Italia","description":"Un site utilisant Les sites de Sotracom","potentialAction":[{"@type":"SearchAction","target":{"@type":"EntryPoint","urlTemplate":"https:\/\/www.sotracom.fr\/it\/?s={search_term_string}"},"query-input":{"@type":"PropertyValueSpecification","valueRequired":true,"valueName":"search_term_string"}}],"inLanguage":"it-IT"}]}},"_links":{"self":[{"href":"https:\/\/www.sotracom.fr\/it\/wp-json\/wp\/v2\/pages\/13","targetHints":{"allow":["GET"]}}],"collection":[{"href":"https:\/\/www.sotracom.fr\/it\/wp-json\/wp\/v2\/pages"}],"about":[{"href":"https:\/\/www.sotracom.fr\/it\/wp-json\/wp\/v2\/types\/page"}],"author":[{"embeddable":true,"href":"https:\/\/www.sotracom.fr\/it\/wp-json\/wp\/v2\/users\/1"}],"replies":[{"embeddable":true,"href":"https:\/\/www.sotracom.fr\/it\/wp-json\/wp\/v2\/comments?post=13"}],"version-history":[{"count":11,"href":"https:\/\/www.sotracom.fr\/it\/wp-json\/wp\/v2\/pages\/13\/revisions"}],"predecessor-version":[{"id":1502,"href":"https:\/\/www.sotracom.fr\/it\/wp-json\/wp\/v2\/pages\/13\/revisions\/1502"}],"wp:attachment":[{"href":"https:\/\/www.sotracom.fr\/it\/wp-json\/wp\/v2\/media?parent=13"}],"curies":[{"name":"wp","href":"https:\/\/api.w.org\/{rel}","templated":true}]}}