{"id":1410,"date":"2025-04-01T12:20:26","date_gmt":"2025-04-01T10:20:26","guid":{"rendered":"https:\/\/www.sotracom.fr\/it\/?page_id=1410"},"modified":"2025-04-07T16:01:23","modified_gmt":"2025-04-07T14:01:23","slug":"gestione-dichiarazione-scambi-beni-svizzera","status":"publish","type":"page","link":"https:\/\/www.sotracom.fr\/it\/gestione-dichiarazione-scambi-beni-svizzera.html","title":{"rendered":"Dichiarazione di scambio di beni"},"content":{"rendered":"<section class=\"wpb-content-wrapper\"><p>[vc_row full_width=&#8221;stretch_row&#8221; css=&#8221;.vc_custom_1743502680640{background-image: url(https:\/\/www.sotracom.fr\/it\/wp-content\/uploads\/sites\/2\/2019\/05\/operazioni-doganali-import-export.jpg?id=91) !important;background-position: center !important;background-repeat: no-repeat !important;background-size: cover !important;}&#8221;][vc_column][vc_empty_space height=&#8221;300px&#8221;][\/vc_column][\/vc_row][vc_row el_class=&#8221;inverse&#8221;][vc_column width=&#8221;2\/3&#8243;][vc_column_text]<\/p>\n<h1 style=\"text-align: left;\">Gestione della Dichiarazione di Scambio di Beni (DEB) in Svizzera<\/h1>\n<p>[\/vc_column_text][vc_column_text]<\/p>\n<p style=\"text-align: left;\">Affidarsi al fornitore di servizi SOTRACOM per la <strong class=\"d2b\">Dichiarazione di Scambio di Beni <\/strong>(<strong class=\"d2b\">DEB<\/strong>) in <strong class=\"d2b\">Svizzera<\/strong> presenta numerosi vantaggi per le aziende, tra cui:<\/p>\n<p>[\/vc_column_text][vc_empty_space][vc_column_text]<\/p>\n<p class=\"h2\" style=\"color: #0c5097;\">1- Conformit\u00e0 con la legislazione Svizzera<\/p>\n<p>La <strong class=\"d2b\">regolamentazione degli scambi intracomunitari tra la Francia e la Svizzera<\/strong> \u00e8 complessa e soggetta a frequenti aggiornamenti. Un fornitore di servizi specializzato garantisce che la tua azienda rispetti sempre la legislazione vigente, evitando errori che potrebbero comportare sanzioni.<br \/>\n[\/vc_column_text][vc_column_text]<\/p>\n<p class=\"h2\" style=\"color: #0c5097;\">2- Risparmio di tempo<\/p>\n<p>La <strong class=\"d2b\">gestione della DEB<\/strong> pu\u00f2 essere lunga e complessa, soprattutto per le aziende con un volume elevato di transazioni. Affidando questa attivit\u00e0 a un fornitore di servizi, potrai risparmiare tempo e concentrarti su altri aspetti della tua attivit\u00e0.<br \/>\n[\/vc_column_text][vc_column_text]<\/p>\n<p class=\"h2\" style=\"color: #0c5097;\">3- Competenza e consulenza<\/p>\n<p>L&#8217;azienda SOTRACOM, esperta nel settore, ti fornir\u00e0 consulenze su come gestire al meglio i tuoi <strong class=\"d2b\">scambi intracomunitari tra la Francia e la Svizzera<\/strong>, ti aiuter\u00e0 a ottimizzare la tua dichiarazione e ti informer\u00e0 sulle implicazioni fiscali e doganali.<br \/>\n[\/vc_column_text][vc_column_text]<\/p>\n<p class=\"h2\" style=\"color: #0c5097;\">4- Riduzione del rischio di errori nella DEB<\/p>\n<p>Gli errori nella <strong class=\"d2b\">DEB<\/strong> possono comportare multe o ritardi nelle operazioni aziendali. Un fornitore di servizi ha le competenze necessarie per evitare errori e garantire una dichiarazione corretta.<br \/>\n[\/vc_column_text][vc_column_text]<\/p>\n<p class=\"h2\" style=\"color: #0c5097;\">5- Gestione degli aspetti tecnici<\/p>\n<p>La <strong class=\"d2b\">DEB<\/strong> pu\u00f2 implicare aspetti tecnici complessi, come la gestione dei codici Nomenclatura Combinata o dei codici dei paesi. Un fornitore di servizi si occuper\u00e0 di questi aspetti tecnici e garantir\u00e0 che la tua dichiarazione sia completa.<br \/>\n[\/vc_column_text][vc_column_text]<\/p>\n<p class=\"h2\" style=\"color: #0c5097;\">6- Sviluppi legislativi<\/p>\n<p>La legislazione e le <strong class=\"d2b\">procedure doganali svizzere<\/strong> cambiano frequentemente e un fornitore di servizi pu\u00f2 monitorare questi cambiamenti per adattare la tua dichiarazione di conseguenza, evitando che tu debba seguire ogni aggiornamento personalmente.<br \/>\n[\/vc_column_text][vc_column_text]<\/p>\n<p class=\"h2\" style=\"color: #0c5097;\">7- Sicurezza degli scambi commerciali<\/p>\n<p>Un <strong class=\"d2b\">fornitore di DEB<\/strong> esperto pu\u00f2 consigliarti sulle pratiche per <strong class=\"d2b\">garantire gli scambi commerciali<\/strong>, specialmente in un contesto intracomunitario dove i controlli sono frequenti.<br \/>\n[\/vc_column_text][\/vc_column][vc_column width=&#8221;1\/3&#8243;][vc_widget_sidebar sidebar_id=&#8221;smartslider_area_1&#8243; el_class=&#8221;menu-douane&#8221;][\/vc_column][\/vc_row][vc_row][vc_column][vc_empty_space][\/vc_column][\/vc_row][vc_row][vc_column][vc_column_text]<br \/>\nIn sintesi, ricorrere al fornitore di servizi SOTRACOM per la <strong class=\"d2b\">gestione della DEB<\/strong> consente all&#8217;azienda di concentrarsi sul suo core business, garantendo al contempo che le dichiarazioni siano correttamente compilate e conformi ai requisiti legali.<br \/>\n[\/vc_column_text][\/vc_column][\/vc_row][vc_row css=&#8221;.vc_custom_1518780312776{margin-top: 20px !important;}&#8221;][vc_column width=&#8221;1\/3&#8243;][vc_column_text]<br \/>\n[\/vc_column_text][\/vc_column][vc_column width=&#8221;1\/3&#8243; css=&#8221;.vc_custom_1518780766678{border-top-width: 1px !important;border-right-width: 1px !important;border-bottom-width: 1px !important;border-left-width: 1px !important;padding-bottom: 10px !important;border-left-color: #0c5097 !important;border-left-style: solid !important;border-right-color: #0c5097 !important;border-right-style: solid !important;border-top-color: #0c5097 !important;border-top-style: solid !important;border-bottom-color: #0c5097 !important;border-bottom-style: solid !important;border-radius: 1px !important;}&#8221;][vc_column_text]<\/p>\n<p style=\"text-align: center;\"><span class=\"texteh3\" style=\"color: #0c5097;\">BISOGNO DI INFORMAZIONI?<\/span><\/p>\n<p>[\/vc_column_text][vc_btn title=&#8221;Contattaci per ottenere un preventivo&#8221; style=&#8221;custom&#8221; custom_background=&#8221;#e88b01&#8243; custom_text=&#8221;#ffffff&#8221; align=&#8221;center&#8221; i_icon_fontawesome=&#8221;&#8221; add_icon=&#8221;true&#8221; link=&#8221;url:https%3A%2F%2Fwww.sotracom.fr%2Fit%2Fcontatti.html&#8221;][\/vc_column][vc_column width=&#8221;1\/3&#8243;][vc_column_text]<br \/>\n[\/vc_column_text][\/vc_column][\/vc_row][vc_row][vc_column][vc_empty_space][\/vc_column][\/vc_row]<\/p>\n<\/section>","protected":false},"excerpt":{"rendered":"<p>[vc_row full_width=&#8221;stretch_row&#8221; css=&#8221;.vc_custom_1743502680640{background-image: url(https:\/\/www.sotracom.fr\/it\/wp-content\/uploads\/sites\/2\/2019\/05\/operazioni-doganali-import-export.jpg?id=91) !important;background-position: center !important;background-repeat: no-repeat !important;background-size: cover !important;}&#8221;][vc_column][vc_empty_space height=&#8221;300px&#8221;][\/vc_column][\/vc_row][vc_row el_class=&#8221;inverse&#8221;][vc_column width=&#8221;2\/3&#8243;][vc_column_text] Gestione della Dichiarazione di Scambio di Beni (DEB) in Svizzera [\/vc_column_text][vc_column_text] Affidarsi al fornitore di servizi SOTRACOM per la Dichiarazione di Scambio di Beni (DEB) in Svizzera presenta numerosi vantaggi per le aziende, tra cui: [\/vc_column_text][vc_empty_space][vc_column_text] 1- Conformit\u00e0 con la legislazione [&hellip;]<\/p>\n","protected":false},"author":1,"featured_media":0,"parent":0,"menu_order":0,"comment_status":"closed","ping_status":"closed","template":"","meta":{"footnotes":""},"class_list":["post-1410","page","type-page","status-publish","hentry"],"yoast_head":"<!-- This site is optimized with the Yoast SEO plugin v27.3 - https:\/\/yoast.com\/product\/yoast-seo-wordpress\/ -->\n<title>Fornitore dichiarazione scambi beni, gestione scambi beni dogana Svizzera<\/title>\n<meta name=\"description\" content=\"Sotracom semplifica la tua Dichiarazione degli Scambi di Beni per la Svizzera: conformit\u00e0 garantita, risparmio di tempo, esperienza e riduzione dei rischi di errori. Contattaci!\" \/>\n<meta name=\"robots\" content=\"index, follow, max-snippet:-1, max-image-preview:large, max-video-preview:-1\" \/>\n<link rel=\"canonical\" href=\"https:\/\/www.sotracom.fr\/it\/gestione-dichiarazione-scambi-beni-svizzera.html\" \/>\n<meta property=\"og:locale\" content=\"it_IT\" \/>\n<meta property=\"og:type\" content=\"article\" \/>\n<meta property=\"og:title\" content=\"Fornitore dichiarazione scambi beni, gestione scambi beni dogana Svizzera\" \/>\n<meta property=\"og:description\" content=\"Sotracom semplifica la tua Dichiarazione degli Scambi di Beni per la Svizzera: conformit\u00e0 garantita, risparmio di tempo, esperienza e riduzione dei rischi di errori. Contattaci!\" \/>\n<meta property=\"og:url\" content=\"https:\/\/www.sotracom.fr\/it\/gestione-dichiarazione-scambi-beni-svizzera.html\" \/>\n<meta property=\"og:site_name\" content=\"Sotracom Italia\" \/>\n<meta property=\"article:modified_time\" content=\"2025-04-07T14:01:23+00:00\" \/>\n<meta name=\"twitter:card\" content=\"summary_large_image\" \/>\n<meta name=\"twitter:label1\" content=\"Tempo di lettura stimato\" \/>\n\t<meta name=\"twitter:data1\" content=\"3 minuti\" \/>\n<script type=\"application\/ld+json\" class=\"yoast-schema-graph\">{\"@context\":\"https:\\\/\\\/schema.org\",\"@graph\":[{\"@type\":\"WebPage\",\"@id\":\"https:\\\/\\\/www.sotracom.fr\\\/it\\\/gestione-dichiarazione-scambi-beni-svizzera.html\",\"url\":\"https:\\\/\\\/www.sotracom.fr\\\/it\\\/gestione-dichiarazione-scambi-beni-svizzera.html\",\"name\":\"Fornitore dichiarazione scambi beni, gestione scambi beni dogana Svizzera\",\"isPartOf\":{\"@id\":\"https:\\\/\\\/www.sotracom.fr\\\/it\\\/#website\"},\"datePublished\":\"2025-04-01T10:20:26+00:00\",\"dateModified\":\"2025-04-07T14:01:23+00:00\",\"description\":\"Sotracom semplifica la tua Dichiarazione degli Scambi di Beni per la Svizzera: conformit\u00e0 garantita, risparmio di tempo, esperienza e riduzione dei rischi di errori. Contattaci!\",\"breadcrumb\":{\"@id\":\"https:\\\/\\\/www.sotracom.fr\\\/it\\\/gestione-dichiarazione-scambi-beni-svizzera.html#breadcrumb\"},\"inLanguage\":\"it-IT\",\"potentialAction\":[{\"@type\":\"ReadAction\",\"target\":[\"https:\\\/\\\/www.sotracom.fr\\\/it\\\/gestione-dichiarazione-scambi-beni-svizzera.html\"]}]},{\"@type\":\"BreadcrumbList\",\"@id\":\"https:\\\/\\\/www.sotracom.fr\\\/it\\\/gestione-dichiarazione-scambi-beni-svizzera.html#breadcrumb\",\"itemListElement\":[{\"@type\":\"ListItem\",\"position\":1,\"name\":\"Accueil\",\"item\":\"https:\\\/\\\/www.sotracom.fr\\\/it\\\/\"},{\"@type\":\"ListItem\",\"position\":2,\"name\":\"Dichiarazione di scambio di beni\"}]},{\"@type\":\"WebSite\",\"@id\":\"https:\\\/\\\/www.sotracom.fr\\\/it\\\/#website\",\"url\":\"https:\\\/\\\/www.sotracom.fr\\\/it\\\/\",\"name\":\"Sotracom Italia\",\"description\":\"Un site utilisant Les sites de Sotracom\",\"potentialAction\":[{\"@type\":\"SearchAction\",\"target\":{\"@type\":\"EntryPoint\",\"urlTemplate\":\"https:\\\/\\\/www.sotracom.fr\\\/it\\\/?s={search_term_string}\"},\"query-input\":{\"@type\":\"PropertyValueSpecification\",\"valueRequired\":true,\"valueName\":\"search_term_string\"}}],\"inLanguage\":\"it-IT\"}]}<\/script>\n<!-- \/ Yoast SEO plugin. -->","yoast_head_json":{"title":"Fornitore dichiarazione scambi beni, gestione scambi beni dogana Svizzera","description":"Sotracom semplifica la tua Dichiarazione degli Scambi di Beni per la Svizzera: conformit\u00e0 garantita, risparmio di tempo, esperienza e riduzione dei rischi di errori. Contattaci!","robots":{"index":"index","follow":"follow","max-snippet":"max-snippet:-1","max-image-preview":"max-image-preview:large","max-video-preview":"max-video-preview:-1"},"canonical":"https:\/\/www.sotracom.fr\/it\/gestione-dichiarazione-scambi-beni-svizzera.html","og_locale":"it_IT","og_type":"article","og_title":"Fornitore dichiarazione scambi beni, gestione scambi beni dogana Svizzera","og_description":"Sotracom semplifica la tua Dichiarazione degli Scambi di Beni per la Svizzera: conformit\u00e0 garantita, risparmio di tempo, esperienza e riduzione dei rischi di errori. Contattaci!","og_url":"https:\/\/www.sotracom.fr\/it\/gestione-dichiarazione-scambi-beni-svizzera.html","og_site_name":"Sotracom Italia","article_modified_time":"2025-04-07T14:01:23+00:00","twitter_card":"summary_large_image","twitter_misc":{"Tempo di lettura stimato":"3 minuti"},"schema":{"@context":"https:\/\/schema.org","@graph":[{"@type":"WebPage","@id":"https:\/\/www.sotracom.fr\/it\/gestione-dichiarazione-scambi-beni-svizzera.html","url":"https:\/\/www.sotracom.fr\/it\/gestione-dichiarazione-scambi-beni-svizzera.html","name":"Fornitore dichiarazione scambi beni, gestione scambi beni dogana Svizzera","isPartOf":{"@id":"https:\/\/www.sotracom.fr\/it\/#website"},"datePublished":"2025-04-01T10:20:26+00:00","dateModified":"2025-04-07T14:01:23+00:00","description":"Sotracom semplifica la tua Dichiarazione degli Scambi di Beni per la Svizzera: conformit\u00e0 garantita, risparmio di tempo, esperienza e riduzione dei rischi di errori. Contattaci!","breadcrumb":{"@id":"https:\/\/www.sotracom.fr\/it\/gestione-dichiarazione-scambi-beni-svizzera.html#breadcrumb"},"inLanguage":"it-IT","potentialAction":[{"@type":"ReadAction","target":["https:\/\/www.sotracom.fr\/it\/gestione-dichiarazione-scambi-beni-svizzera.html"]}]},{"@type":"BreadcrumbList","@id":"https:\/\/www.sotracom.fr\/it\/gestione-dichiarazione-scambi-beni-svizzera.html#breadcrumb","itemListElement":[{"@type":"ListItem","position":1,"name":"Accueil","item":"https:\/\/www.sotracom.fr\/it\/"},{"@type":"ListItem","position":2,"name":"Dichiarazione di scambio di beni"}]},{"@type":"WebSite","@id":"https:\/\/www.sotracom.fr\/it\/#website","url":"https:\/\/www.sotracom.fr\/it\/","name":"Sotracom Italia","description":"Un site utilisant Les sites de Sotracom","potentialAction":[{"@type":"SearchAction","target":{"@type":"EntryPoint","urlTemplate":"https:\/\/www.sotracom.fr\/it\/?s={search_term_string}"},"query-input":{"@type":"PropertyValueSpecification","valueRequired":true,"valueName":"search_term_string"}}],"inLanguage":"it-IT"}]}},"_links":{"self":[{"href":"https:\/\/www.sotracom.fr\/it\/wp-json\/wp\/v2\/pages\/1410","targetHints":{"allow":["GET"]}}],"collection":[{"href":"https:\/\/www.sotracom.fr\/it\/wp-json\/wp\/v2\/pages"}],"about":[{"href":"https:\/\/www.sotracom.fr\/it\/wp-json\/wp\/v2\/types\/page"}],"author":[{"embeddable":true,"href":"https:\/\/www.sotracom.fr\/it\/wp-json\/wp\/v2\/users\/1"}],"replies":[{"embeddable":true,"href":"https:\/\/www.sotracom.fr\/it\/wp-json\/wp\/v2\/comments?post=1410"}],"version-history":[{"count":4,"href":"https:\/\/www.sotracom.fr\/it\/wp-json\/wp\/v2\/pages\/1410\/revisions"}],"predecessor-version":[{"id":1428,"href":"https:\/\/www.sotracom.fr\/it\/wp-json\/wp\/v2\/pages\/1410\/revisions\/1428"}],"wp:attachment":[{"href":"https:\/\/www.sotracom.fr\/it\/wp-json\/wp\/v2\/media?parent=1410"}],"curies":[{"name":"wp","href":"https:\/\/api.w.org\/{rel}","templated":true}]}}