{"id":145,"date":"2019-06-06T17:01:54","date_gmt":"2019-06-06T15:01:54","guid":{"rendered":"https:\/\/www.sotracom.fr\/it\/?page_id=145"},"modified":"2022-05-03T21:00:55","modified_gmt":"2022-05-03T19:00:55","slug":"soluzione-globale-logistica-trasporto","status":"publish","type":"page","link":"https:\/\/www.sotracom.fr\/it\/soluzione-globale-logistica-trasporto.html","title":{"rendered":"Soluzione globale logistica &#038; trasporto"},"content":{"rendered":"<section class=\"wpb-content-wrapper\"><p>[vc_row][vc_column][vc_empty_space][vc_column_text]Sotracom ti offre la <strong>soluzione globale<\/strong> per la tua <strong>logistica<\/strong> e il tuo <strong>trasporto<\/strong>.<a href=\"https:\/\/www.sotracom.fr\/it\/wp-content\/uploads\/sites\/2\/2019\/06\/soluzione-globale-logistica-trasporto.png\"><img loading=\"lazy\" decoding=\"async\" class=\"alignright size-medium wp-image-150\" src=\"https:\/\/www.sotracom.fr\/it\/wp-content\/uploads\/sites\/2\/2019\/06\/soluzione-globale-logistica-trasporto-300x198.png\" alt=\"soluzione globale logistica trasporto\" width=\"300\" height=\"198\" srcset=\"https:\/\/www.sotracom.fr\/it\/wp-content\/uploads\/sites\/2\/2019\/06\/soluzione-globale-logistica-trasporto-300x198.png 300w, https:\/\/www.sotracom.fr\/it\/wp-content\/uploads\/sites\/2\/2019\/06\/soluzione-globale-logistica-trasporto.png 720w\" sizes=\"auto, (max-width: 300px) 100vw, 300px\" \/><\/a><\/p>\n<p><strong>Azienda di trasporti e commissionaria<\/strong>, ti porter\u00e0 le soluzioni grazie al suo parco, le sue strutture <strong>logistiche<\/strong> o in complemento dalla sua rete, co-contraenti.\u00a0Questa flessibilit\u00e0 consente una soddisfazione ottimale e soprattutto una reattivit\u00e0 necessaria alle tue esigenze.[\/vc_column_text][\/vc_column][\/vc_row][vc_row][vc_column width=&#8221;1\/2&#8243;][vc_column_text]L&#8217;attivit\u00e0 <strong>charter dal trasporto<\/strong> via mare \u00e8 ora occupata dal trasporto stradale.\u00a0Il suo obiettivo principale \u00e8 soddisfare la domanda, in termini di risorse, orari o rispetto degli impegni dei clienti.<\/p>\n<p>La missione principale del SOTRACOM \u00e8, per la sua competenza e ottima conoscenza delle esigenze del cliente, ortare il fornitore di trasporti pi\u00f9 adatto e \/ o riempire in un momento la mancanza di mezzi in un settore.[\/vc_column_text][\/vc_column][vc_column width=&#8221;1\/2&#8243; css=&#8221;.vc_custom_1559826300074{border-top-width: 1px !important;border-right-width: 1px !important;border-bottom-width: 1px !important;border-left-width: 1px !important;padding-top: 10px !important;padding-right: 10px !important;padding-bottom: 10px !important;padding-left: 10px !important;background-color: rgba(30,115,190,0.1) !important;*background-color: rgb(30,115,190) !important;border-left-color: #1e73be !important;border-right-color: #1e73be !important;border-top-color: #1e73be !important;border-bottom-color: #1e73be !important;border-radius: 5px !important;}&#8221;][vc_column_text]Le diverse fasi del processo:<\/p>\n<ul>\n<li>Ricevuta dell&#8217;ordine di vendita.<\/li>\n<li>Ricerca dei mezzi di trasporto tenendo conto dei vincoli dei clienti.<\/li>\n<li>Preparazione di documenti relativi al trasporto e ai regolamenti.<\/li>\n<li>Assicurarsi che la consegna della merce sia regolare, dal ritiro alla consegna.<\/li>\n<li>Controllare la fatturazione.<\/li>\n<\/ul>\n<p>[\/vc_column_text][\/vc_column][\/vc_row][vc_row][vc_column][vc_empty_space][\/vc_column][\/vc_row][vc_row][vc_column width=&#8221;1\/3&#8243; el_class=&#8221;questrecr&#8221; css=&#8221;.vc_custom_1559832709027{margin-right: 10px !important;}&#8221;]<div class=\"aio-icon-component    style_1\"><a class=\"aio-icon-box-link\" href=\"https:\/\/www.sotracom.fr\/it\/contatti.html?objet=Offerta%20globale\"><div id=\"Info-box-wrap-4681\" class=\"aio-icon-box top-icon\" style=\"\"  ><div class=\"aio-icon-top\"><div class=\"ult-just-icon-wrapper  \"><div class=\"align-icon\" style=\"text-align:center;\">\n<div class=\"aio-icon none \" data-animation=\"pulse\" data-animation-delay=\"03\" style=\"color:#3083c9;font-size:32px;display:inline-block;\">\n\t<i class=\"Defaults-cogs gears\"><\/i>\n<\/div><\/div><\/div><\/div><div class=\"aio-icon-header\" ><h3 class=\"aio-icon-title ult-responsive\"  data-ultimate-target='#Info-box-wrap-4681 .aio-icon-title'  data-responsive-json-new='{\"font-size\":\"\",\"line-height\":\"\"}'  style=\"\">Contatti<\/h3><\/div> <!-- header --><div class=\"aio-icon-description ult-responsive\"  data-ultimate-target='#Info-box-wrap-4681 .aio-icon-description'  data-responsive-json-new='{\"font-size\":\"\",\"line-height\":\"\"}'  style=\"\">Manutenzione per un&#8217;<strong>offerta globale<\/strong><\/div> <!-- description --><\/div> <!-- aio-icon-box --><\/a><\/div> <!-- aio-icon-component -->[\/vc_column][vc_column width=&#8221;1\/3&#8243; css=&#8221;.vc_custom_1559828163969{margin-top: 10px !important;margin-right: 10px !important;margin-bottom: 10px !important;margin-left: 10px !important;border-top-width: 1px !important;border-right-width: 1px !important;border-bottom-width: 1px !important;border-left-width: 1px !important;padding-top: 15px !important;padding-right: 15px !important;padding-bottom: 15px !important;padding-left: 15px !important;}&#8221;][\/vc_column][vc_column width=&#8221;1\/3&#8243; el_class=&#8221;questrecr&#8221;]<div class=\"aio-icon-component    style_1\"><a class=\"aio-icon-box-link\" href=\"https:\/\/www.sotracom.fr\/it\/contatti.html?objet=Partner%20di%20trasporto\"><div id=\"Info-box-wrap-6234\" class=\"aio-icon-box top-icon\" style=\"\"  ><div class=\"aio-icon-top\"><div class=\"ult-just-icon-wrapper  \"><div class=\"align-icon\" style=\"text-align:center;\">\n<div class=\"aio-icon none \" data-animation=\"pulse\" data-animation-delay=\"03\" style=\"color:#3083c9;font-size:32px;display:inline-block;\">\n\t<i class=\"Defaults-truck\"><\/i>\n<\/div><\/div><\/div><\/div><div class=\"aio-icon-header\" ><h3 class=\"aio-icon-title ult-responsive\"  data-ultimate-target='#Info-box-wrap-6234 .aio-icon-title'  data-responsive-json-new='{\"font-size\":\"\",\"line-height\":\"\"}'  style=\"\">Partner<\/h3><\/div> <!-- header --><div class=\"aio-icon-description ult-responsive\"  data-ultimate-target='#Info-box-wrap-6234 .aio-icon-description'  data-responsive-json-new='{\"font-size\":\"\",\"line-height\":\"\"}'  style=\"\">Diventa <strong>partner di trasporto<\/strong> di SOTRACOM<\/div> <!-- description --><\/div> <!-- aio-icon-box --><\/a><\/div> <!-- aio-icon-component -->[\/vc_column][\/vc_row][vc_row][vc_column][vc_empty_space][vc_column_text]<div class=\"thrive-shortcode-html\"><link rel=\"stylesheet\" href=\"https:\/\/www.sotracom.fr\/it\/wp-content\/plugins\/thrive-ovation\/templates\/css\/display\/slider\/set19-template.css?ver=2.9\" type=\"text\/css\"\/><div\n\t\tclass=\"tvo-testimonials-display tvo-testimonials-display-slider tvo-set19-template tve_orange tvo-apply-background\">\n\t<div id=\"thrlider-6a045b0b8b835\">\n\t\t<div class=\"thrlider-nav\">\n\t\t\t\t\t\t\t\t\t\t\t\t<span class=\"thrlider-navItem\" data-nav=\"0\">\n\t\t\t\t\t\t<div class=\"tvo-image-wrapper\">\n\t\t\t\t\t\t\t<div class=\"tvo-testimonial-image-cover tvo-testimonial-real-border\"\n\t\t\t\t\t\t\t\t style=\"background-image: url(https:\/\/www.sotracom.fr\/it\/wp-content\/plugins\/thrive-ovation\/admin\/img\/tvo-no-photo.png)\">\n\t\t\t\t\t\t\t\t<img decoding=\"async\" src=\"https:\/\/www.sotracom.fr\/it\/wp-content\/plugins\/thrive-ovation\/admin\/img\/tvo-no-photo.png\"\n\t\t\t\t\t\t\t\t\t class=\"tvo-testimonial-image tvo-dummy-image\" alt=\"profile-pic\">\n\t\t\t\t\t\t\t<\/div>\n\t\t\t\t\t\t<\/div>\n\t\t\t\t\t\t<div class=\"tvo-testimonial-info\">\n\t\t\t\t\t\t\t\t<span class=\"tvo-testimonial-name\">\n\t\t\t\t\t\t\t\t\tAzienda 2\t\t\t\t\t\t\t\t<\/span>\n\t\t\t\t\t\t\t\t\t\t\t\t\t\t\t<span class=\"tvo-testimonial-role\">\n\t\t\t\t\t\t\t\t\t\t\t\t\t\t\t\t\t<\/span>\n\t\t\t\t\t\t\t\t\t\t\t\t\t<\/div>\n\t\t\t\t\t<\/span>\n\t\t\t\t\t\t\t\t\t\t\t\t\t\t\t\t<span class=\"thrlider-navItem\" data-nav=\"1\">\n\t\t\t\t\t\t<div class=\"tvo-image-wrapper\">\n\t\t\t\t\t\t\t<div class=\"tvo-testimonial-image-cover tvo-testimonial-real-border\"\n\t\t\t\t\t\t\t\t style=\"background-image: url(https:\/\/www.sotracom.fr\/it\/wp-content\/plugins\/thrive-ovation\/admin\/img\/tvo-no-photo.png)\">\n\t\t\t\t\t\t\t\t<img decoding=\"async\" src=\"https:\/\/www.sotracom.fr\/it\/wp-content\/plugins\/thrive-ovation\/admin\/img\/tvo-no-photo.png\"\n\t\t\t\t\t\t\t\t\t class=\"tvo-testimonial-image tvo-dummy-image\" alt=\"profile-pic\">\n\t\t\t\t\t\t\t<\/div>\n\t\t\t\t\t\t<\/div>\n\t\t\t\t\t\t<div class=\"tvo-testimonial-info\">\n\t\t\t\t\t\t\t\t<span class=\"tvo-testimonial-name\">\n\t\t\t\t\t\t\t\t\tAzienda 1\t\t\t\t\t\t\t\t<\/span>\n\t\t\t\t\t\t\t\t\t\t\t\t\t\t\t<span class=\"tvo-testimonial-role\">\n\t\t\t\t\t\t\t\t\t\t\t\t\t\t\t\t\t<\/span>\n\t\t\t\t\t\t\t\t\t\t\t\t\t<\/div>\n\t\t\t\t\t<\/span>\n\t\t\t\t\t\t\t\t\t<\/div>\n\t\t<div class=\"thrlider-slider\">\n\t\t\t\t\t\t\t\t\t\t\t\t<div class=\"thrlider-slide\">\n\t\t\t\t\t\t<div class=\"tvo-testimonial-display-item\">\n\t\t\t\t\t\t\t\t\t\t\t\t\t\t\t<h4>\n\t\t\t\t\t\t\t\t\t\t\t\t\t\t\t\t\t<\/h4>\n\t\t\t\t\t\t\t\t\t\t\t\t\t\t<div class=\"tvo-relative tvo-testimonial-content\">\n\t\t\t\t\t\t\t\t<div class=\"tvo-testimonial-quote\"><\/div>\n\t\t\t\t\t\t\t\t<p>Durante tutta la partnership, c'\u00e8 fluidit\u00e0 e guida nel flusso dei prodotti senza mai sentire \"accanto\" le proprie idee. La professionalit\u00e0 e la completezza dei team SOTRACOM consentono di raddoppiare l'efficienza e soprattutto di rimanere rilevanti e logici, cosa non scontata di per s\u00e9. Creare un'idea adattata al contesto: cos\u00ec definirei l'aiuto fornito da SOTRACOM.<\/p>\t\t\t\t\t\t\t<\/div>\n\t\t\t\t\t\t<\/div>\n\t\t\t\t\t<\/div>\n\t\t\t\t\t\t\t\t\t\t\t\t\t\t\t\t<div class=\"thrlider-slide\">\n\t\t\t\t\t\t<div class=\"tvo-testimonial-display-item\">\n\t\t\t\t\t\t\t\t\t\t\t\t\t\t\t<h4>\n\t\t\t\t\t\t\t\t\t\t\t\t\t\t\t\t\t<\/h4>\n\t\t\t\t\t\t\t\t\t\t\t\t\t\t<div class=\"tvo-relative tvo-testimonial-content\">\n\t\t\t\t\t\t\t\t<div class=\"tvo-testimonial-quote\"><\/div>\n\t\t\t\t\t\t\t\t<p>Abbiamo chiamato SOTRACOM perch\u00e9 avevamo bisogno di mezzi di trasporto. In seguito, la nostra logistica \u00e8 stata ridisegnata. La puntualit\u00e0 e l'adattabilit\u00e0 del personale e delle attrezzature ha sviluppato il volume degli affari e la nostra collaborazione.Mi \u00e8 piaciuto sia il metodo che il risultato!<\/p>\t\t\t\t\t\t\t<\/div>\n\t\t\t\t\t\t<\/div>\n\t\t\t\t\t<\/div>\n\t\t\t\t\t\t\t\t\t<\/div>\n\t\t<span class=\"thrlider-prev\"><\/span>\n\t\t<span class=\"thrlider-next\"><\/span>\n\t<\/div>\n<\/div>\n<script type=\"text\/javascript\">\n\tjQuery( document ).ready( function () {\n\t\tsetTimeout( function () {\n\t\t\tjQuery( '#thrlider-6a045b0b8b835' ).thrlider( {\n\t\t\t\tnav: true,\n\t\t\t\tmaxSlides: 1,\n\t\t\t\tactiveSlidePosition: 1,\n\t\t\t\tmaxNavItems: 4,\n\t\t\t\tactiveNavItemPosition: 1,\n\t\t\t\tnoNavWidthy: true,\n\t\t\t\tmobileMaxNavItems: 1\n\t\t\t} );\n\t\t}, 300 );\n\t} );\n<\/script>\n\n\n<script type=\"text\/javascript\">\n\tdocument.addEventListener( 'DOMContentLoaded', function () {\n\t\tjQuery = ( typeof TVE !== 'undefined' && TVE.inner.jQuery ) || jQuery;\n\t\t\/* apply custom color class *\/\n\t\tvar $shortcode = jQuery( '#thrlider-6a045b0b8b835' ),\n\t\t\t$parent = $shortcode.parent();\n\t\tif ( ! $shortcode.attr( 'tvo_colors_applied' ) ) {\n\t\t\t$shortcode.attr( 'tvo_colors_applied', true );\n\t\t\t\t\t\t\/* apply custom color for testimonial elements *\/\n\t\t\t\t\t}\n\t} );\n<\/script>\n<\/div>[\/vc_column_text][\/vc_column][\/vc_row][vc_row][vc_column][vc_empty_space][\/vc_column][\/vc_row][vc_row full_width=&#8221;stretch_row&#8221; css=&#8221;.vc_custom_1601971261052{margin-top: 50px !important;margin-bottom: 0px !important;padding-bottom: 0px !important;background-color: #3083c9 !important;}&#8221;][vc_column width=&#8221;1\/3&#8243;][vc_btn title=&#8221;Trasporto Italia Rodano-Alpi Svizzera&#8221; style=&#8221;outline&#8221; color=&#8221;default&#8221; align=&#8221;left&#8221; i_icon_fontawesome=&#8221;fa fa-arrow-circle-left&#8221; css_animation=&#8221;left-to-right&#8221; link=&#8221;url:https%3A%2F%2Fwww.sotracom.fr%2Fit%2Ftrasporto-italia-rodano-alpi-svizzera.html|title:Transport%20de%20vrac|&#8221; add_icon=&#8221;true&#8221;][\/vc_column][vc_column width=&#8221;1\/3&#8243;][\/vc_column][vc_column width=&#8221;1\/3&#8243;][vc_btn title=&#8221;Contattaci&#8221; style=&#8221;outline&#8221; color=&#8221;default&#8221; align=&#8221;right&#8221; i_align=&#8221;right&#8221; i_icon_fontawesome=&#8221;fa fa-arrow-circle-right&#8221; css_animation=&#8221;left-to-right&#8221; link=&#8221;url:https%3A%2F%2Fwww.sotracom.fr%2Fit%2Fcontatti.html|title:Transport%20de%20vrac|&#8221; add_icon=&#8221;true&#8221;][\/vc_column][\/vc_row]<\/p>\n<\/section>","protected":false},"excerpt":{"rendered":"<p>[vc_row][vc_column][vc_empty_space][vc_column_text]Sotracom ti offre la soluzione globale per la tua logistica e il tuo trasporto. Azienda di trasporti e commissionaria, ti porter\u00e0 le soluzioni grazie al suo parco, le sue strutture logistiche o in complemento dalla sua rete, co-contraenti.\u00a0Questa flessibilit\u00e0 consente una soddisfazione ottimale e soprattutto una reattivit\u00e0 necessaria alle tue esigenze.[\/vc_column_text][\/vc_column][\/vc_row][vc_row][vc_column width=&#8221;1\/2&#8243;][vc_column_text]L&#8217;attivit\u00e0 charter dal trasporto [&hellip;]<\/p>\n","protected":false},"author":1,"featured_media":0,"parent":0,"menu_order":0,"comment_status":"closed","ping_status":"closed","template":"","meta":{"footnotes":""},"class_list":["post-145","page","type-page","status-publish","hentry"],"yoast_head":"<!-- This site is optimized with the Yoast SEO plugin v27.6 - https:\/\/yoast.com\/product\/yoast-seo-wordpress\/ -->\n<title>Soluzione globale logistica &amp; trasporto Francia Italia<\/title>\n<meta name=\"robots\" content=\"index, follow, max-snippet:-1, max-image-preview:large, max-video-preview:-1\" \/>\n<link rel=\"canonical\" href=\"https:\/\/www.sotracom.fr\/it\/soluzione-globale-logistica-trasporto.html\" \/>\n<meta property=\"og:locale\" content=\"it_IT\" \/>\n<meta property=\"og:type\" content=\"article\" \/>\n<meta property=\"og:title\" content=\"Soluzione globale logistica &amp; trasporto Francia Italia\" \/>\n<meta property=\"og:description\" content=\"[vc_row][vc_column][vc_empty_space][vc_column_text]Sotracom ti offre la soluzione globale per la tua logistica e il tuo trasporto. Azienda di trasporti e commissionaria, ti porter\u00e0 le soluzioni grazie al suo parco, le sue strutture logistiche o in complemento dalla sua rete, co-contraenti.\u00a0Questa flessibilit\u00e0 consente una soddisfazione ottimale e soprattutto una reattivit\u00e0 necessaria alle tue esigenze.[\/vc_column_text][\/vc_column][\/vc_row][vc_row][vc_column width=&#8221;1\/2&#8243;][vc_column_text]L&#8217;attivit\u00e0 charter dal trasporto [&hellip;]\" \/>\n<meta property=\"og:url\" content=\"https:\/\/www.sotracom.fr\/it\/soluzione-globale-logistica-trasporto.html\" \/>\n<meta property=\"og:site_name\" content=\"Sotracom Italia\" \/>\n<meta property=\"article:modified_time\" content=\"2022-05-03T19:00:55+00:00\" \/>\n<meta property=\"og:image\" content=\"https:\/\/www.sotracom.fr\/it\/wp-content\/uploads\/sites\/2\/2019\/06\/soluzione-globale-logistica-trasporto-300x198.png\" \/>\n<meta name=\"twitter:card\" content=\"summary_large_image\" \/>\n<meta name=\"twitter:label1\" content=\"Tempo di lettura stimato\" \/>\n\t<meta name=\"twitter:data1\" content=\"3 minuti\" \/>\n<script type=\"application\/ld+json\" class=\"yoast-schema-graph\">{\"@context\":\"https:\\\/\\\/schema.org\",\"@graph\":[{\"@type\":\"WebPage\",\"@id\":\"https:\\\/\\\/www.sotracom.fr\\\/it\\\/soluzione-globale-logistica-trasporto.html\",\"url\":\"https:\\\/\\\/www.sotracom.fr\\\/it\\\/soluzione-globale-logistica-trasporto.html\",\"name\":\"Soluzione globale logistica & trasporto Francia Italia\",\"isPartOf\":{\"@id\":\"https:\\\/\\\/www.sotracom.fr\\\/it\\\/#website\"},\"primaryImageOfPage\":{\"@id\":\"https:\\\/\\\/www.sotracom.fr\\\/it\\\/soluzione-globale-logistica-trasporto.html#primaryimage\"},\"image\":{\"@id\":\"https:\\\/\\\/www.sotracom.fr\\\/it\\\/soluzione-globale-logistica-trasporto.html#primaryimage\"},\"thumbnailUrl\":\"https:\\\/\\\/www.sotracom.fr\\\/it\\\/wp-content\\\/uploads\\\/sites\\\/2\\\/2019\\\/06\\\/soluzione-globale-logistica-trasporto-300x198.png\",\"datePublished\":\"2019-06-06T15:01:54+00:00\",\"dateModified\":\"2022-05-03T19:00:55+00:00\",\"breadcrumb\":{\"@id\":\"https:\\\/\\\/www.sotracom.fr\\\/it\\\/soluzione-globale-logistica-trasporto.html#breadcrumb\"},\"inLanguage\":\"it-IT\",\"potentialAction\":[{\"@type\":\"ReadAction\",\"target\":[\"https:\\\/\\\/www.sotracom.fr\\\/it\\\/soluzione-globale-logistica-trasporto.html\"]}]},{\"@type\":\"ImageObject\",\"inLanguage\":\"it-IT\",\"@id\":\"https:\\\/\\\/www.sotracom.fr\\\/it\\\/soluzione-globale-logistica-trasporto.html#primaryimage\",\"url\":\"https:\\\/\\\/www.sotracom.fr\\\/it\\\/wp-content\\\/uploads\\\/sites\\\/2\\\/2019\\\/06\\\/soluzione-globale-logistica-trasporto.png\",\"contentUrl\":\"https:\\\/\\\/www.sotracom.fr\\\/it\\\/wp-content\\\/uploads\\\/sites\\\/2\\\/2019\\\/06\\\/soluzione-globale-logistica-trasporto.png\",\"width\":720,\"height\":475,\"caption\":\"soluzione globale logistica trasporto\"},{\"@type\":\"BreadcrumbList\",\"@id\":\"https:\\\/\\\/www.sotracom.fr\\\/it\\\/soluzione-globale-logistica-trasporto.html#breadcrumb\",\"itemListElement\":[{\"@type\":\"ListItem\",\"position\":1,\"name\":\"Accueil\",\"item\":\"https:\\\/\\\/www.sotracom.fr\\\/it\\\/\"},{\"@type\":\"ListItem\",\"position\":2,\"name\":\"Soluzione globale logistica &#038; trasporto\"}]},{\"@type\":\"WebSite\",\"@id\":\"https:\\\/\\\/www.sotracom.fr\\\/it\\\/#website\",\"url\":\"https:\\\/\\\/www.sotracom.fr\\\/it\\\/\",\"name\":\"Sotracom Italia\",\"description\":\"Un site utilisant Les sites de Sotracom\",\"potentialAction\":[{\"@type\":\"SearchAction\",\"target\":{\"@type\":\"EntryPoint\",\"urlTemplate\":\"https:\\\/\\\/www.sotracom.fr\\\/it\\\/?s={search_term_string}\"},\"query-input\":{\"@type\":\"PropertyValueSpecification\",\"valueRequired\":true,\"valueName\":\"search_term_string\"}}],\"inLanguage\":\"it-IT\"}]}<\/script>\n<!-- \/ Yoast SEO plugin. -->","yoast_head_json":{"title":"Soluzione globale logistica & trasporto Francia Italia","robots":{"index":"index","follow":"follow","max-snippet":"max-snippet:-1","max-image-preview":"max-image-preview:large","max-video-preview":"max-video-preview:-1"},"canonical":"https:\/\/www.sotracom.fr\/it\/soluzione-globale-logistica-trasporto.html","og_locale":"it_IT","og_type":"article","og_title":"Soluzione globale logistica & trasporto Francia Italia","og_description":"[vc_row][vc_column][vc_empty_space][vc_column_text]Sotracom ti offre la soluzione globale per la tua logistica e il tuo trasporto. Azienda di trasporti e commissionaria, ti porter\u00e0 le soluzioni grazie al suo parco, le sue strutture logistiche o in complemento dalla sua rete, co-contraenti.\u00a0Questa flessibilit\u00e0 consente una soddisfazione ottimale e soprattutto una reattivit\u00e0 necessaria alle tue esigenze.[\/vc_column_text][\/vc_column][\/vc_row][vc_row][vc_column width=&#8221;1\/2&#8243;][vc_column_text]L&#8217;attivit\u00e0 charter dal trasporto [&hellip;]","og_url":"https:\/\/www.sotracom.fr\/it\/soluzione-globale-logistica-trasporto.html","og_site_name":"Sotracom Italia","article_modified_time":"2022-05-03T19:00:55+00:00","og_image":[{"url":"https:\/\/www.sotracom.fr\/it\/wp-content\/uploads\/sites\/2\/2019\/06\/soluzione-globale-logistica-trasporto-300x198.png","type":"","width":"","height":""}],"twitter_card":"summary_large_image","twitter_misc":{"Tempo di lettura stimato":"3 minuti"},"schema":{"@context":"https:\/\/schema.org","@graph":[{"@type":"WebPage","@id":"https:\/\/www.sotracom.fr\/it\/soluzione-globale-logistica-trasporto.html","url":"https:\/\/www.sotracom.fr\/it\/soluzione-globale-logistica-trasporto.html","name":"Soluzione globale logistica & trasporto Francia Italia","isPartOf":{"@id":"https:\/\/www.sotracom.fr\/it\/#website"},"primaryImageOfPage":{"@id":"https:\/\/www.sotracom.fr\/it\/soluzione-globale-logistica-trasporto.html#primaryimage"},"image":{"@id":"https:\/\/www.sotracom.fr\/it\/soluzione-globale-logistica-trasporto.html#primaryimage"},"thumbnailUrl":"https:\/\/www.sotracom.fr\/it\/wp-content\/uploads\/sites\/2\/2019\/06\/soluzione-globale-logistica-trasporto-300x198.png","datePublished":"2019-06-06T15:01:54+00:00","dateModified":"2022-05-03T19:00:55+00:00","breadcrumb":{"@id":"https:\/\/www.sotracom.fr\/it\/soluzione-globale-logistica-trasporto.html#breadcrumb"},"inLanguage":"it-IT","potentialAction":[{"@type":"ReadAction","target":["https:\/\/www.sotracom.fr\/it\/soluzione-globale-logistica-trasporto.html"]}]},{"@type":"ImageObject","inLanguage":"it-IT","@id":"https:\/\/www.sotracom.fr\/it\/soluzione-globale-logistica-trasporto.html#primaryimage","url":"https:\/\/www.sotracom.fr\/it\/wp-content\/uploads\/sites\/2\/2019\/06\/soluzione-globale-logistica-trasporto.png","contentUrl":"https:\/\/www.sotracom.fr\/it\/wp-content\/uploads\/sites\/2\/2019\/06\/soluzione-globale-logistica-trasporto.png","width":720,"height":475,"caption":"soluzione globale logistica trasporto"},{"@type":"BreadcrumbList","@id":"https:\/\/www.sotracom.fr\/it\/soluzione-globale-logistica-trasporto.html#breadcrumb","itemListElement":[{"@type":"ListItem","position":1,"name":"Accueil","item":"https:\/\/www.sotracom.fr\/it\/"},{"@type":"ListItem","position":2,"name":"Soluzione globale logistica &#038; trasporto"}]},{"@type":"WebSite","@id":"https:\/\/www.sotracom.fr\/it\/#website","url":"https:\/\/www.sotracom.fr\/it\/","name":"Sotracom Italia","description":"Un site utilisant Les sites de Sotracom","potentialAction":[{"@type":"SearchAction","target":{"@type":"EntryPoint","urlTemplate":"https:\/\/www.sotracom.fr\/it\/?s={search_term_string}"},"query-input":{"@type":"PropertyValueSpecification","valueRequired":true,"valueName":"search_term_string"}}],"inLanguage":"it-IT"}]}},"_links":{"self":[{"href":"https:\/\/www.sotracom.fr\/it\/wp-json\/wp\/v2\/pages\/145","targetHints":{"allow":["GET"]}}],"collection":[{"href":"https:\/\/www.sotracom.fr\/it\/wp-json\/wp\/v2\/pages"}],"about":[{"href":"https:\/\/www.sotracom.fr\/it\/wp-json\/wp\/v2\/types\/page"}],"author":[{"embeddable":true,"href":"https:\/\/www.sotracom.fr\/it\/wp-json\/wp\/v2\/users\/1"}],"replies":[{"embeddable":true,"href":"https:\/\/www.sotracom.fr\/it\/wp-json\/wp\/v2\/comments?post=145"}],"version-history":[{"count":7,"href":"https:\/\/www.sotracom.fr\/it\/wp-json\/wp\/v2\/pages\/145\/revisions"}],"predecessor-version":[{"id":147,"href":"https:\/\/www.sotracom.fr\/it\/wp-json\/wp\/v2\/pages\/145\/revisions\/147"}],"wp:attachment":[{"href":"https:\/\/www.sotracom.fr\/it\/wp-json\/wp\/v2\/media?parent=145"}],"curies":[{"name":"wp","href":"https:\/\/api.w.org\/{rel}","templated":true}]}}