{"id":153,"date":"2019-09-27T10:13:05","date_gmt":"2019-09-27T08:13:05","guid":{"rendered":"https:\/\/www.sotracom.fr\/it\/?page_id=153"},"modified":"2022-05-03T20:58:46","modified_gmt":"2022-05-03T18:58:46","slug":"trasporto-di-merci-pericolose","status":"publish","type":"page","link":"https:\/\/www.sotracom.fr\/it\/trasporto-di-merci-pericolose.html","title":{"rendered":"Trasporto di merci pericolose"},"content":{"rendered":"<section class=\"wpb-content-wrapper\"><p>[vc_row][vc_column][vc_column_text]<\/p>\n<h1>Trasporto di merci pericolose<\/h1>\n<p>SOTRACOM ha una <strong>ricevuta di trasporto stradale per materiali pericolosi<\/strong>. I conducenti vengono addestrati e la flotta adattata al <strong>trasporto di materiali e rifiuti pericolosi<\/strong> in <strong>Francia<\/strong>, <strong>Italia<\/strong> e <strong>Svizzera<\/strong>, consentendo il trasporto in ciascuno di questi paesi e tra questi paesi. Il <strong>regolamento TDG<\/strong> \u00e8 internazionale e si basa sull&#8217;<strong>accordo europeo ADR<\/strong>.[\/vc_column_text][\/vc_column][\/vc_row][vc_row full_width=&#8221;stretch_row&#8221; css=&#8221;.vc_custom_1569416571628{background-color: rgba(72,143,201,0.69) !important;*background-color: rgb(72,143,201) !important;}&#8221;][vc_column width=&#8221;2\/3&#8243;][vc_column_text]<\/p>\n<h3 style=\"color: #fff;\">Normative per i materiali pericolosi ADR<\/h3>\n<p>ADR \u00e8 l&#8217;accordo europeo relativo al <strong>trasporto internazionale di merci pericolose su strada<\/strong> e si applica al trasporto all&#8217;interno del <strong>territorio nazionale in partenza per l&#8217;Europa<\/strong>. Questo regolamento specifico per il trasporto \/ carico \/ scarico di <strong>merci pericolose<\/strong> \u00e8 complesso. Tuttavia, \u00e8 una vera risorsa aiutare le aziende a prevenire meglio i rischi professionali derivanti da attivit\u00e0 legate al trasporto di merci pericolose.[\/vc_column_text][\/vc_column][vc_column width=&#8221;1\/3&#8243;][vc_single_image image=&#8221;154&#8243; img_size=&#8221;full&#8221; alignment=&#8221;center&#8221;][\/vc_column][\/vc_row][vc_row][vc_column width=&#8221;1\/6&#8243;][\/vc_column][vc_column width=&#8221;2\/3&#8243;][vc_column_text]<\/p>\n<p style=\"text-align: center;\"><span class=\"texteh3\" style=\"color: #0c5097;\">BISOGNO DI INFORMAZIONI?<\/span><\/p>\n<p>[\/vc_column_text][vc_btn title=&#8221;Contattaci per ottenere un preventivo&#8221; style=&#8221;custom&#8221; custom_background=&#8221;#e88b01&#8243; custom_text=&#8221;#ffffff&#8221; align=&#8221;center&#8221; i_icon_fontawesome=&#8221;fa fa-envelope-o&#8221; link=&#8221;url:https%3A%2F%2Fwww.sotracom.fr%2Fit%2Fcontatti.html|title:Contatti|&#8221; add_icon=&#8221;true&#8221;][\/vc_column][vc_column width=&#8221;1\/6&#8243;][\/vc_column][\/vc_row][vc_row][vc_column][vc_empty_space][vc_column_text]<div class=\"thrive-shortcode-html\"><link rel=\"stylesheet\" href=\"https:\/\/www.sotracom.fr\/it\/wp-content\/plugins\/thrive-ovation\/templates\/css\/display\/slider\/set19-template.css?ver=2.9\" type=\"text\/css\"\/><div\n\t\tclass=\"tvo-testimonials-display tvo-testimonials-display-slider tvo-set19-template tve_orange tvo-apply-background\">\n\t<div id=\"thrlider-69e73d4445cb9\">\n\t\t<div class=\"thrlider-nav\">\n\t\t\t\t\t\t\t\t\t\t\t\t<span class=\"thrlider-navItem\" data-nav=\"0\">\n\t\t\t\t\t\t<div class=\"tvo-image-wrapper\">\n\t\t\t\t\t\t\t<div class=\"tvo-testimonial-image-cover tvo-testimonial-real-border\"\n\t\t\t\t\t\t\t\t style=\"background-image: url(https:\/\/www.sotracom.fr\/it\/wp-content\/plugins\/thrive-ovation\/admin\/img\/tvo-no-photo.png)\">\n\t\t\t\t\t\t\t\t<img decoding=\"async\" src=\"https:\/\/www.sotracom.fr\/it\/wp-content\/plugins\/thrive-ovation\/admin\/img\/tvo-no-photo.png\"\n\t\t\t\t\t\t\t\t\t class=\"tvo-testimonial-image tvo-dummy-image\" alt=\"profile-pic\">\n\t\t\t\t\t\t\t<\/div>\n\t\t\t\t\t\t<\/div>\n\t\t\t\t\t\t<div class=\"tvo-testimonial-info\">\n\t\t\t\t\t\t\t\t<span class=\"tvo-testimonial-name\">\n\t\t\t\t\t\t\t\t\tAziende C\t\t\t\t\t\t\t\t<\/span>\n\t\t\t\t\t\t\t\t\t\t\t\t\t\t\t<span class=\"tvo-testimonial-role\">\n\t\t\t\t\t\t\t\t\t\t\t\t\t\t\t\t\t<\/span>\n\t\t\t\t\t\t\t\t\t\t\t\t\t<\/div>\n\t\t\t\t\t<\/span>\n\t\t\t\t\t\t\t\t\t\t\t\t\t\t\t\t<span class=\"thrlider-navItem\" data-nav=\"1\">\n\t\t\t\t\t\t<div class=\"tvo-image-wrapper\">\n\t\t\t\t\t\t\t<div class=\"tvo-testimonial-image-cover tvo-testimonial-real-border\"\n\t\t\t\t\t\t\t\t style=\"background-image: url(https:\/\/www.sotracom.fr\/it\/wp-content\/plugins\/thrive-ovation\/admin\/img\/tvo-no-photo.png)\">\n\t\t\t\t\t\t\t\t<img decoding=\"async\" src=\"https:\/\/www.sotracom.fr\/it\/wp-content\/plugins\/thrive-ovation\/admin\/img\/tvo-no-photo.png\"\n\t\t\t\t\t\t\t\t\t class=\"tvo-testimonial-image tvo-dummy-image\" alt=\"profile-pic\">\n\t\t\t\t\t\t\t<\/div>\n\t\t\t\t\t\t<\/div>\n\t\t\t\t\t\t<div class=\"tvo-testimonial-info\">\n\t\t\t\t\t\t\t\t<span class=\"tvo-testimonial-name\">\n\t\t\t\t\t\t\t\t\tAzienda 1\t\t\t\t\t\t\t\t<\/span>\n\t\t\t\t\t\t\t\t\t\t\t\t\t\t\t<span class=\"tvo-testimonial-role\">\n\t\t\t\t\t\t\t\t\t\t\t\t\t\t\t\t\t<\/span>\n\t\t\t\t\t\t\t\t\t\t\t\t\t<\/div>\n\t\t\t\t\t<\/span>\n\t\t\t\t\t\t\t\t\t\t\t\t\t\t\t\t<span class=\"thrlider-navItem\" data-nav=\"2\">\n\t\t\t\t\t\t<div class=\"tvo-image-wrapper\">\n\t\t\t\t\t\t\t<div class=\"tvo-testimonial-image-cover tvo-testimonial-real-border\"\n\t\t\t\t\t\t\t\t style=\"background-image: url(https:\/\/www.sotracom.fr\/it\/wp-content\/plugins\/thrive-ovation\/admin\/img\/tvo-no-photo.png)\">\n\t\t\t\t\t\t\t\t<img decoding=\"async\" src=\"https:\/\/www.sotracom.fr\/it\/wp-content\/plugins\/thrive-ovation\/admin\/img\/tvo-no-photo.png\"\n\t\t\t\t\t\t\t\t\t class=\"tvo-testimonial-image tvo-dummy-image\" alt=\"profile-pic\">\n\t\t\t\t\t\t\t<\/div>\n\t\t\t\t\t\t<\/div>\n\t\t\t\t\t\t<div class=\"tvo-testimonial-info\">\n\t\t\t\t\t\t\t\t<span class=\"tvo-testimonial-name\">\n\t\t\t\t\t\t\t\t\tAzienda 2\t\t\t\t\t\t\t\t<\/span>\n\t\t\t\t\t\t\t\t\t\t\t\t\t\t\t<span class=\"tvo-testimonial-role\">\n\t\t\t\t\t\t\t\t\t\t\t\t\t\t\t\t\t<\/span>\n\t\t\t\t\t\t\t\t\t\t\t\t\t<\/div>\n\t\t\t\t\t<\/span>\n\t\t\t\t\t\t\t\t\t<\/div>\n\t\t<div class=\"thrlider-slider\">\n\t\t\t\t\t\t\t\t\t\t\t\t<div class=\"thrlider-slide\">\n\t\t\t\t\t\t<div class=\"tvo-testimonial-display-item\">\n\t\t\t\t\t\t\t\t\t\t\t\t\t\t\t<h4>\n\t\t\t\t\t\t\t\t\t\t\t\t\t\t\t\t\t<\/h4>\n\t\t\t\t\t\t\t\t\t\t\t\t\t\t<div class=\"tvo-relative tvo-testimonial-content\">\n\t\t\t\t\t\t\t\t<div class=\"tvo-testimonial-quote\"><\/div>\n\t\t\t\t\t\t\t\t<p>\u00c8 stata una piacevole scoperta. Lavoriamo solo con materiali pericolosi e utilizziamo regolarmente corrieri ADR. Uno dei nostri clienti ci ha parlato del suo vettore SOTRACOM che non avevamo elencato. Abbiamo apprezzato l'approccio personale e reattivo dei membri dell'azienda.<\/p>\t\t\t\t\t\t\t<\/div>\n\t\t\t\t\t\t<\/div>\n\t\t\t\t\t<\/div>\n\t\t\t\t\t\t\t\t\t\t\t\t\t\t\t\t<div class=\"thrlider-slide\">\n\t\t\t\t\t\t<div class=\"tvo-testimonial-display-item\">\n\t\t\t\t\t\t\t\t\t\t\t\t\t\t\t<h4>\n\t\t\t\t\t\t\t\t\t\t\t\t\t\t\t\t\t<\/h4>\n\t\t\t\t\t\t\t\t\t\t\t\t\t\t<div class=\"tvo-relative tvo-testimonial-content\">\n\t\t\t\t\t\t\t\t<div class=\"tvo-testimonial-quote\"><\/div>\n\t\t\t\t\t\t\t\t<p>Il nostro vettore non corrispondeva pi\u00f9 alla nostra attivit\u00e0 in rapida crescita. Non essendo un esperto del settore, abbiamo contattato diversi fornitori per comprendere l'argomento. Avevamo bisogno di una consulenza professionale esperta con una panoramica delle nostre esigenze.<\/p>\t\t\t\t\t\t\t<\/div>\n\t\t\t\t\t\t<\/div>\n\t\t\t\t\t<\/div>\n\t\t\t\t\t\t\t\t\t\t\t\t\t\t\t\t<div class=\"thrlider-slide\">\n\t\t\t\t\t\t<div class=\"tvo-testimonial-display-item\">\n\t\t\t\t\t\t\t\t\t\t\t\t\t\t\t<h4>\n\t\t\t\t\t\t\t\t\t\t\t\t\t\t\t\t\t<\/h4>\n\t\t\t\t\t\t\t\t\t\t\t\t\t\t<div class=\"tvo-relative tvo-testimonial-content\">\n\t\t\t\t\t\t\t\t<div class=\"tvo-testimonial-quote\"><\/div>\n\t\t\t\t\t\t\t\t<p>Solo SOTRACOM ci ha offerto un progetto completo e strutturato. Con rigore e professionalit\u00e0 ci hanno supportato dalla verifica delle nostre esigenze alla scelta finale delle soluzioni. Il loro coinvolgimento con noi ci ha permesso di fare le scelte giuste e di concentrarci sul nostro core business, che \u00e8 il commercio. Siamo molto soddisfatti della nostra partnership. Grazie mille per il vostro aiuto !<\/p>\t\t\t\t\t\t\t<\/div>\n\t\t\t\t\t\t<\/div>\n\t\t\t\t\t<\/div>\n\t\t\t\t\t\t\t\t\t<\/div>\n\t\t<span class=\"thrlider-prev\"><\/span>\n\t\t<span class=\"thrlider-next\"><\/span>\n\t<\/div>\n<\/div>\n<script type=\"text\/javascript\">\n\tjQuery( document ).ready( function () {\n\t\tsetTimeout( function () {\n\t\t\tjQuery( '#thrlider-69e73d4445cb9' ).thrlider( {\n\t\t\t\tnav: true,\n\t\t\t\tmaxSlides: 1,\n\t\t\t\tactiveSlidePosition: 1,\n\t\t\t\tmaxNavItems: 4,\n\t\t\t\tactiveNavItemPosition: 1,\n\t\t\t\tnoNavWidthy: true,\n\t\t\t\tmobileMaxNavItems: 1\n\t\t\t} );\n\t\t}, 300 );\n\t} );\n<\/script>\n\n\n<script type=\"text\/javascript\">\n\tdocument.addEventListener( 'DOMContentLoaded', function () {\n\t\tjQuery = ( typeof TVE !== 'undefined' && TVE.inner.jQuery ) || jQuery;\n\t\t\/* apply custom color class *\/\n\t\tvar $shortcode = jQuery( '#thrlider-69e73d4445cb9' ),\n\t\t\t$parent = $shortcode.parent();\n\t\tif ( ! $shortcode.attr( 'tvo_colors_applied' ) ) {\n\t\t\t$shortcode.attr( 'tvo_colors_applied', true );\n\t\t\t\t\t\t\/* apply custom color for testimonial elements *\/\n\t\t\t\t\t}\n\t} );\n<\/script>\n<\/div>[\/vc_column_text][\/vc_column][\/vc_row][vc_row full_width=&#8221;stretch_row&#8221; css=&#8221;.vc_custom_1601971261052{margin-top: 50px !important;margin-bottom: 0px !important;padding-bottom: 0px !important;background-color: #3083c9 !important;}&#8221;][vc_column width=&#8221;1\/3&#8243;][vc_btn title=&#8221;Trasporto di merci&#8221; style=&#8221;outline&#8221; color=&#8221;default&#8221; align=&#8221;left&#8221; i_icon_fontawesome=&#8221;fa fa-arrow-circle-left&#8221; css_animation=&#8221;left-to-right&#8221; link=&#8221;url:https%3A%2F%2Fwww.sotracom.fr%2Fit%2Ftrasporto-di-merci.html|title:Transport%20de%20vrac|&#8221; add_icon=&#8221;true&#8221;][\/vc_column][vc_column width=&#8221;1\/3&#8243;][\/vc_column][vc_column width=&#8221;1\/3&#8243;][vc_btn title=&#8221;Trasporto di grano&#8221; style=&#8221;outline&#8221; color=&#8221;default&#8221; align=&#8221;right&#8221; i_align=&#8221;right&#8221; i_icon_fontawesome=&#8221;fa fa-arrow-circle-right&#8221; css_animation=&#8221;left-to-right&#8221; link=&#8221;url:https%3A%2F%2Fwww.sotracom.fr%2Fit%2Ftrasporto-di-grano.html|title:Transport%20de%20vrac|&#8221; add_icon=&#8221;true&#8221;][\/vc_column][\/vc_row]<\/p>\n<\/section>","protected":false},"excerpt":{"rendered":"<p>[vc_row][vc_column][vc_column_text] Trasporto di merci pericolose SOTRACOM ha una ricevuta di trasporto stradale per materiali pericolosi. I conducenti vengono addestrati e la flotta adattata al trasporto di materiali e rifiuti pericolosi in Francia, Italia e Svizzera, consentendo il trasporto in ciascuno di questi paesi e tra questi paesi. Il regolamento TDG \u00e8 internazionale e si basa [&hellip;]<\/p>\n","protected":false},"author":1,"featured_media":0,"parent":0,"menu_order":0,"comment_status":"closed","ping_status":"closed","template":"","meta":{"footnotes":""},"class_list":["post-153","page","type-page","status-publish","hentry"],"yoast_head":"<!-- This site is optimized with the Yoast SEO plugin v27.4 - https:\/\/yoast.com\/product\/yoast-seo-wordpress\/ -->\n<title>Trasporto di merci pericolose Italia, Francia, Svizzera<\/title>\n<meta name=\"description\" content=\"Sotracom ha le autorizzazioni per il trasporto di materiali pericolosi per Francia, Italia e Svizzera. Contattaci per un preventivo.\" \/>\n<meta name=\"robots\" content=\"index, follow, max-snippet:-1, max-image-preview:large, max-video-preview:-1\" \/>\n<link rel=\"canonical\" href=\"https:\/\/www.sotracom.fr\/it\/trasporto-di-merci-pericolose.html\" \/>\n<meta property=\"og:locale\" content=\"it_IT\" \/>\n<meta property=\"og:type\" content=\"article\" \/>\n<meta property=\"og:title\" content=\"Trasporto di merci pericolose Italia, Francia, Svizzera\" \/>\n<meta property=\"og:description\" content=\"Sotracom ha le autorizzazioni per il trasporto di materiali pericolosi per Francia, Italia e Svizzera. Contattaci per un preventivo.\" \/>\n<meta property=\"og:url\" content=\"https:\/\/www.sotracom.fr\/it\/trasporto-di-merci-pericolose.html\" \/>\n<meta property=\"og:site_name\" content=\"Sotracom Italia\" \/>\n<meta property=\"article:modified_time\" content=\"2022-05-03T18:58:46+00:00\" \/>\n<meta name=\"twitter:card\" content=\"summary_large_image\" \/>\n<meta name=\"twitter:label1\" content=\"Tempo di lettura stimato\" \/>\n\t<meta name=\"twitter:data1\" content=\"2 minuti\" \/>\n<script type=\"application\/ld+json\" class=\"yoast-schema-graph\">{\"@context\":\"https:\\\/\\\/schema.org\",\"@graph\":[{\"@type\":\"WebPage\",\"@id\":\"https:\\\/\\\/www.sotracom.fr\\\/it\\\/trasporto-di-merci-pericolose.html\",\"url\":\"https:\\\/\\\/www.sotracom.fr\\\/it\\\/trasporto-di-merci-pericolose.html\",\"name\":\"Trasporto di merci pericolose Italia, Francia, Svizzera\",\"isPartOf\":{\"@id\":\"https:\\\/\\\/www.sotracom.fr\\\/it\\\/#website\"},\"datePublished\":\"2019-09-27T08:13:05+00:00\",\"dateModified\":\"2022-05-03T18:58:46+00:00\",\"description\":\"Sotracom ha le autorizzazioni per il trasporto di materiali pericolosi per Francia, Italia e Svizzera. Contattaci per un preventivo.\",\"breadcrumb\":{\"@id\":\"https:\\\/\\\/www.sotracom.fr\\\/it\\\/trasporto-di-merci-pericolose.html#breadcrumb\"},\"inLanguage\":\"it-IT\",\"potentialAction\":[{\"@type\":\"ReadAction\",\"target\":[\"https:\\\/\\\/www.sotracom.fr\\\/it\\\/trasporto-di-merci-pericolose.html\"]}]},{\"@type\":\"BreadcrumbList\",\"@id\":\"https:\\\/\\\/www.sotracom.fr\\\/it\\\/trasporto-di-merci-pericolose.html#breadcrumb\",\"itemListElement\":[{\"@type\":\"ListItem\",\"position\":1,\"name\":\"Accueil\",\"item\":\"https:\\\/\\\/www.sotracom.fr\\\/it\\\/\"},{\"@type\":\"ListItem\",\"position\":2,\"name\":\"Trasporto di merci pericolose\"}]},{\"@type\":\"WebSite\",\"@id\":\"https:\\\/\\\/www.sotracom.fr\\\/it\\\/#website\",\"url\":\"https:\\\/\\\/www.sotracom.fr\\\/it\\\/\",\"name\":\"Sotracom Italia\",\"description\":\"Un site utilisant Les sites de Sotracom\",\"potentialAction\":[{\"@type\":\"SearchAction\",\"target\":{\"@type\":\"EntryPoint\",\"urlTemplate\":\"https:\\\/\\\/www.sotracom.fr\\\/it\\\/?s={search_term_string}\"},\"query-input\":{\"@type\":\"PropertyValueSpecification\",\"valueRequired\":true,\"valueName\":\"search_term_string\"}}],\"inLanguage\":\"it-IT\"}]}<\/script>\n<!-- \/ Yoast SEO plugin. -->","yoast_head_json":{"title":"Trasporto di merci pericolose Italia, Francia, Svizzera","description":"Sotracom ha le autorizzazioni per il trasporto di materiali pericolosi per Francia, Italia e Svizzera. Contattaci per un preventivo.","robots":{"index":"index","follow":"follow","max-snippet":"max-snippet:-1","max-image-preview":"max-image-preview:large","max-video-preview":"max-video-preview:-1"},"canonical":"https:\/\/www.sotracom.fr\/it\/trasporto-di-merci-pericolose.html","og_locale":"it_IT","og_type":"article","og_title":"Trasporto di merci pericolose Italia, Francia, Svizzera","og_description":"Sotracom ha le autorizzazioni per il trasporto di materiali pericolosi per Francia, Italia e Svizzera. Contattaci per un preventivo.","og_url":"https:\/\/www.sotracom.fr\/it\/trasporto-di-merci-pericolose.html","og_site_name":"Sotracom Italia","article_modified_time":"2022-05-03T18:58:46+00:00","twitter_card":"summary_large_image","twitter_misc":{"Tempo di lettura stimato":"2 minuti"},"schema":{"@context":"https:\/\/schema.org","@graph":[{"@type":"WebPage","@id":"https:\/\/www.sotracom.fr\/it\/trasporto-di-merci-pericolose.html","url":"https:\/\/www.sotracom.fr\/it\/trasporto-di-merci-pericolose.html","name":"Trasporto di merci pericolose Italia, Francia, Svizzera","isPartOf":{"@id":"https:\/\/www.sotracom.fr\/it\/#website"},"datePublished":"2019-09-27T08:13:05+00:00","dateModified":"2022-05-03T18:58:46+00:00","description":"Sotracom ha le autorizzazioni per il trasporto di materiali pericolosi per Francia, Italia e Svizzera. Contattaci per un preventivo.","breadcrumb":{"@id":"https:\/\/www.sotracom.fr\/it\/trasporto-di-merci-pericolose.html#breadcrumb"},"inLanguage":"it-IT","potentialAction":[{"@type":"ReadAction","target":["https:\/\/www.sotracom.fr\/it\/trasporto-di-merci-pericolose.html"]}]},{"@type":"BreadcrumbList","@id":"https:\/\/www.sotracom.fr\/it\/trasporto-di-merci-pericolose.html#breadcrumb","itemListElement":[{"@type":"ListItem","position":1,"name":"Accueil","item":"https:\/\/www.sotracom.fr\/it\/"},{"@type":"ListItem","position":2,"name":"Trasporto di merci pericolose"}]},{"@type":"WebSite","@id":"https:\/\/www.sotracom.fr\/it\/#website","url":"https:\/\/www.sotracom.fr\/it\/","name":"Sotracom Italia","description":"Un site utilisant Les sites de Sotracom","potentialAction":[{"@type":"SearchAction","target":{"@type":"EntryPoint","urlTemplate":"https:\/\/www.sotracom.fr\/it\/?s={search_term_string}"},"query-input":{"@type":"PropertyValueSpecification","valueRequired":true,"valueName":"search_term_string"}}],"inLanguage":"it-IT"}]}},"_links":{"self":[{"href":"https:\/\/www.sotracom.fr\/it\/wp-json\/wp\/v2\/pages\/153","targetHints":{"allow":["GET"]}}],"collection":[{"href":"https:\/\/www.sotracom.fr\/it\/wp-json\/wp\/v2\/pages"}],"about":[{"href":"https:\/\/www.sotracom.fr\/it\/wp-json\/wp\/v2\/types\/page"}],"author":[{"embeddable":true,"href":"https:\/\/www.sotracom.fr\/it\/wp-json\/wp\/v2\/users\/1"}],"replies":[{"embeddable":true,"href":"https:\/\/www.sotracom.fr\/it\/wp-json\/wp\/v2\/comments?post=153"}],"version-history":[{"count":4,"href":"https:\/\/www.sotracom.fr\/it\/wp-json\/wp\/v2\/pages\/153\/revisions"}],"predecessor-version":[{"id":1043,"href":"https:\/\/www.sotracom.fr\/it\/wp-json\/wp\/v2\/pages\/153\/revisions\/1043"}],"wp:attachment":[{"href":"https:\/\/www.sotracom.fr\/it\/wp-json\/wp\/v2\/media?parent=153"}],"curies":[{"name":"wp","href":"https:\/\/api.w.org\/{rel}","templated":true}]}}