{"id":195,"date":"2020-03-12T13:48:59","date_gmt":"2020-03-12T12:48:59","guid":{"rendered":"https:\/\/www.sotracom.fr\/it\/?page_id=195"},"modified":"2022-05-03T21:00:28","modified_gmt":"2022-05-03T19:00:28","slug":"trasporto-italia-rodano-alpi-svizzera","status":"publish","type":"page","link":"https:\/\/www.sotracom.fr\/it\/trasporto-italia-rodano-alpi-svizzera.html","title":{"rendered":"Trasporto Italia Rodano-Alpi Svizzera"},"content":{"rendered":"<section class=\"wpb-content-wrapper\"><p>[vc_row full_width=&#8221;stretch_row&#8221; css=&#8221;.vc_custom_1584012368575{background-image: url(https:\/\/www.sotracom.fr\/wp-content\/uploads\/2020\/03\/transport-routier-italie-suisse-rhone-alpes.jpg?id=741) !important;background-position: center !important;background-repeat: no-repeat !important;background-size: cover !important;}&#8221;][vc_column][vc_empty_space height=&#8221;300px&#8221;][\/vc_column][\/vc_row][vc_row][vc_column][vc_column_text]<\/p>\n<h1>Trasporto Italia Rodano-Alpi Svizzera<\/h1>\n<p>[\/vc_column_text][\/vc_column][\/vc_row][vc_row][vc_column][vc_column_text]<\/p>\n<h3><strong>Rapimento nel nord Italia<\/strong><\/h3>\n<p>Effettuiamo per tuo conto i tuoi <strong class=\"d2b\">Pickup<\/strong> a <strong class=\"d2b\">Milano<\/strong>, <strong class=\"d2b\">Torino<\/strong>, <strong class=\"d2b\">Brescia<\/strong> con i nostri <strong class=\"d2b\">semirimorchi in lotto parziale o completo<\/strong> per le tue consegne in <strong class=\"d2b\">Svizzera<\/strong>, Alta Savoia, Savoia, Ain, Is\u00e8re, Rodano &#8230;<br \/>\nLe nostre navette sono <strong class=\"d2b\">giornaliere<\/strong>.[\/vc_column_text][\/vc_column][\/vc_row][vc_row][vc_column][vc_column_text]<\/p>\n<h3><strong>Distribuzione dal sito ETAUX dalla Svizzera e dall&#8217;Italia con il trasporto su strada<\/strong><\/h3>\n<p>[\/vc_column_text][vc_row_inner][vc_column_inner width=&#8221;1\/2&#8243;][vc_column_text]Il nostro <strong class=\"d2b\">deposito<\/strong> alle porte d&#8217;<strong class=\"d2b\">Italia<\/strong> ci consente di <strong class=\"d2b\">distribuire e spedire la merce<\/strong> se necessario. Il <strong class=\"d2b\">deposito<\/strong> dotato di mezzi di movimentazione consente lo <strong class=\"d2b\">stoccaggio<\/strong> di merci per la <strong class=\"d2b\">distribuzione<\/strong> su appuntamento o per la raccolta per soddisfare le vostre esigenze di produzione. Lo <strong class=\"d2b\">stoccaggio<\/strong> viene effettuato in un <strong class=\"d2b\">rack<\/strong> o sul terreno a seconda della <strong class=\"d2b\">merce<\/strong>.<\/p>\n<p>Vedi anche le nostre <a href=\"https:\/\/www.sotracom.fr\/it\/trasporto-merci-francia-italia-svizzera.html\">soluzioni per il trasporto di merci dalla Francia all&#8217;Italia e alla Svizzera, comprese le formalit\u00e0 doganali<\/a>.[\/vc_column_text][\/vc_column_inner][vc_column_inner width=&#8221;1\/2&#8243;][vc_single_image image=&#8221;198&#8243; img_size=&#8221;full&#8221; alignment=&#8221;center&#8221; onclick=&#8221;zoom&#8221;][\/vc_column_inner][\/vc_row_inner][\/vc_column][\/vc_row][vc_row][vc_column][vc_column_text]<\/p>\n<h3><strong>Consegna in Svizzera per trasporto stradale<\/strong><\/h3>\n<p>Sotracom esegue le tue <strong class=\"d2b\">consegne<\/strong> nel <strong class=\"d2b\">Canton Ginevra<\/strong>, nel <strong class=\"d2b\">Canton VAUD<\/strong> &#8230; e lo sdoganamento per tuo conto.[\/vc_column_text][\/vc_column][\/vc_row][vc_row css=&#8221;.vc_custom_1518780312776{margin-top: 20px !important;}&#8221;][vc_column width=&#8221;1\/3&#8243;][\/vc_column][vc_column width=&#8221;1\/3&#8243; css=&#8221;.vc_custom_1518780766678{border-top-width: 1px !important;border-right-width: 1px !important;border-bottom-width: 1px !important;border-left-width: 1px !important;padding-bottom: 10px !important;border-left-color: #0c5097 !important;border-left-style: solid !important;border-right-color: #0c5097 !important;border-right-style: solid !important;border-top-color: #0c5097 !important;border-top-style: solid !important;border-bottom-color: #0c5097 !important;border-bottom-style: solid !important;border-radius: 1px !important;}&#8221;][vc_column_text]<span class=\"texteh3\">BISOGNO DI INFORMAZIONI?<\/span>[\/vc_column_text][vc_btn title=&#8221;Contattaci per ottenere un preventivo&#8221; style=&#8221;custom&#8221; custom_background=&#8221;#e88b01&#8243; custom_text=&#8221;#ffffff&#8221; align=&#8221;center&#8221; i_icon_fontawesome=&#8221;fa fa-envelope-o&#8221; link=&#8221;url:https%3A%2F%2Fwww.sotracom.fr%2Fit%2Fcontatti.html|title:Contatti|&#8221; add_icon=&#8221;true&#8221;][\/vc_column][vc_column width=&#8221;1\/3&#8243;][\/vc_column][\/vc_row][vc_row][vc_column][vc_empty_space][vc_column_text]<div class=\"thrive-shortcode-html\"><link rel=\"stylesheet\" href=\"https:\/\/www.sotracom.fr\/it\/wp-content\/plugins\/thrive-ovation\/templates\/css\/display\/slider\/set19-template.css?ver=2.9\" type=\"text\/css\"\/><div\n\t\tclass=\"tvo-testimonials-display tvo-testimonials-display-slider tvo-set19-template tve_orange tvo-apply-background\">\n\t<div id=\"thrlider-69f3033a8794a\">\n\t\t<div class=\"thrlider-nav\">\n\t\t\t\t\t\t\t\t\t\t\t\t<span class=\"thrlider-navItem\" data-nav=\"0\">\n\t\t\t\t\t\t<div class=\"tvo-image-wrapper\">\n\t\t\t\t\t\t\t<div class=\"tvo-testimonial-image-cover tvo-testimonial-real-border\"\n\t\t\t\t\t\t\t\t style=\"background-image: url(https:\/\/www.sotracom.fr\/it\/wp-content\/plugins\/thrive-ovation\/admin\/img\/tvo-no-photo.png)\">\n\t\t\t\t\t\t\t\t<img decoding=\"async\" src=\"https:\/\/www.sotracom.fr\/it\/wp-content\/plugins\/thrive-ovation\/admin\/img\/tvo-no-photo.png\"\n\t\t\t\t\t\t\t\t\t class=\"tvo-testimonial-image tvo-dummy-image\" alt=\"profile-pic\">\n\t\t\t\t\t\t\t<\/div>\n\t\t\t\t\t\t<\/div>\n\t\t\t\t\t\t<div class=\"tvo-testimonial-info\">\n\t\t\t\t\t\t\t\t<span class=\"tvo-testimonial-name\">\n\t\t\t\t\t\t\t\t\tAzienda 1\t\t\t\t\t\t\t\t<\/span>\n\t\t\t\t\t\t\t\t\t\t\t\t\t\t\t<span class=\"tvo-testimonial-role\">\n\t\t\t\t\t\t\t\t\t\t\t\t\t\t\t\t\t<\/span>\n\t\t\t\t\t\t\t\t\t\t\t\t\t<\/div>\n\t\t\t\t\t<\/span>\n\t\t\t\t\t\t\t\t\t\t\t\t\t\t\t\t<span class=\"thrlider-navItem\" data-nav=\"1\">\n\t\t\t\t\t\t<div class=\"tvo-image-wrapper\">\n\t\t\t\t\t\t\t<div class=\"tvo-testimonial-image-cover tvo-testimonial-real-border\"\n\t\t\t\t\t\t\t\t style=\"background-image: url(https:\/\/www.sotracom.fr\/it\/wp-content\/plugins\/thrive-ovation\/admin\/img\/tvo-no-photo.png)\">\n\t\t\t\t\t\t\t\t<img decoding=\"async\" src=\"https:\/\/www.sotracom.fr\/it\/wp-content\/plugins\/thrive-ovation\/admin\/img\/tvo-no-photo.png\"\n\t\t\t\t\t\t\t\t\t class=\"tvo-testimonial-image tvo-dummy-image\" alt=\"profile-pic\">\n\t\t\t\t\t\t\t<\/div>\n\t\t\t\t\t\t<\/div>\n\t\t\t\t\t\t<div class=\"tvo-testimonial-info\">\n\t\t\t\t\t\t\t\t<span class=\"tvo-testimonial-name\">\n\t\t\t\t\t\t\t\t\tAzienda 2\t\t\t\t\t\t\t\t<\/span>\n\t\t\t\t\t\t\t\t\t\t\t\t\t\t\t<span class=\"tvo-testimonial-role\">\n\t\t\t\t\t\t\t\t\t\t\t\t\t\t\t\t\t<\/span>\n\t\t\t\t\t\t\t\t\t\t\t\t\t<\/div>\n\t\t\t\t\t<\/span>\n\t\t\t\t\t\t\t\t\t<\/div>\n\t\t<div class=\"thrlider-slider\">\n\t\t\t\t\t\t\t\t\t\t\t\t<div class=\"thrlider-slide\">\n\t\t\t\t\t\t<div class=\"tvo-testimonial-display-item\">\n\t\t\t\t\t\t\t\t\t\t\t\t\t\t\t<h4>\n\t\t\t\t\t\t\t\t\t\t\t\t\t\t\t\t\t<\/h4>\n\t\t\t\t\t\t\t\t\t\t\t\t\t\t<div class=\"tvo-relative tvo-testimonial-content\">\n\t\t\t\t\t\t\t\t<div class=\"tvo-testimonial-quote\"><\/div>\n\t\t\t\t\t\t\t\t<p>L'esperienza del team SOTRACOM, il suo rigore e professionalit\u00e0, la sua capacit\u00e0 di assumersi la responsabilit\u00e0 e di comprendere le sfide delle nostre attivit\u00e0 e dei nostri mercati, ci hanno permesso di arbitrare al meglio le scelte che dobbiamo continuamente affrontare per garantire il successo delle nostre aziende svizzere in Europa.<\/p>\t\t\t\t\t\t\t<\/div>\n\t\t\t\t\t\t<\/div>\n\t\t\t\t\t<\/div>\n\t\t\t\t\t\t\t\t\t\t\t\t\t\t\t\t<div class=\"thrlider-slide\">\n\t\t\t\t\t\t<div class=\"tvo-testimonial-display-item\">\n\t\t\t\t\t\t\t\t\t\t\t\t\t\t\t<h4>\n\t\t\t\t\t\t\t\t\t\t\t\t\t\t\t\t\t<\/h4>\n\t\t\t\t\t\t\t\t\t\t\t\t\t\t<div class=\"tvo-relative tvo-testimonial-content\">\n\t\t\t\t\t\t\t\t<div class=\"tvo-testimonial-quote\"><\/div>\n\t\t\t\t\t\t\t\t<p>SOTRACOM ha dimostrato una grande adattabilit\u00e0 alla nostra crescita che non aveva mai raggiunto una tale cifra, complimenti alle squadre per il buon umore e la loro flessibilit\u00e0.<\/p>\t\t\t\t\t\t\t<\/div>\n\t\t\t\t\t\t<\/div>\n\t\t\t\t\t<\/div>\n\t\t\t\t\t\t\t\t\t<\/div>\n\t\t<span class=\"thrlider-prev\"><\/span>\n\t\t<span class=\"thrlider-next\"><\/span>\n\t<\/div>\n<\/div>\n<script type=\"text\/javascript\">\n\tjQuery( document ).ready( function () {\n\t\tsetTimeout( function () {\n\t\t\tjQuery( '#thrlider-69f3033a8794a' ).thrlider( {\n\t\t\t\tnav: true,\n\t\t\t\tmaxSlides: 1,\n\t\t\t\tactiveSlidePosition: 1,\n\t\t\t\tmaxNavItems: 4,\n\t\t\t\tactiveNavItemPosition: 1,\n\t\t\t\tnoNavWidthy: true,\n\t\t\t\tmobileMaxNavItems: 1\n\t\t\t} );\n\t\t}, 300 );\n\t} );\n<\/script>\n\n\n<script type=\"text\/javascript\">\n\tdocument.addEventListener( 'DOMContentLoaded', function () {\n\t\tjQuery = ( typeof TVE !== 'undefined' && TVE.inner.jQuery ) || jQuery;\n\t\t\/* apply custom color class *\/\n\t\tvar $shortcode = jQuery( '#thrlider-69f3033a8794a' ),\n\t\t\t$parent = $shortcode.parent();\n\t\tif ( ! $shortcode.attr( 'tvo_colors_applied' ) ) {\n\t\t\t$shortcode.attr( 'tvo_colors_applied', true );\n\t\t\t\t\t\t\/* apply custom color for testimonial elements *\/\n\t\t\t\t\t}\n\t} );\n<\/script>\n<\/div>[\/vc_column_text][\/vc_column][\/vc_row][vc_row full_width=&#8221;stretch_row&#8221; css=&#8221;.vc_custom_1601971261052{margin-top: 50px !important;margin-bottom: 0px !important;padding-bottom: 0px !important;background-color: #3083c9 !important;}&#8221;][vc_column width=&#8221;1\/3&#8243;][vc_btn title=&#8221;Trasporto stradale Francia-Italia&#8221; style=&#8221;outline&#8221; color=&#8221;default&#8221; align=&#8221;left&#8221; i_icon_fontawesome=&#8221;fa fa-arrow-circle-left&#8221; css_animation=&#8221;left-to-right&#8221; link=&#8221;url:https%3A%2F%2Fwww.sotracom.fr%2Fit%2Ftrasporto-francia-alta-savoia-italia.html|title:Transport%20de%20vrac|&#8221; add_icon=&#8221;true&#8221;][\/vc_column][vc_column width=&#8221;1\/3&#8243;][\/vc_column][vc_column width=&#8221;1\/3&#8243;][vc_btn title=&#8221; Soluzione globale logistica &amp; trasporto&#8221; style=&#8221;outline&#8221; color=&#8221;default&#8221; align=&#8221;right&#8221; i_align=&#8221;right&#8221; i_icon_fontawesome=&#8221;fa fa-arrow-circle-right&#8221; css_animation=&#8221;left-to-right&#8221; link=&#8221;url:https%3A%2F%2Fwww.sotracom.fr%2Fit%2Fsoluzione-globale-logistica-trasporto.html|title:Transport%20de%20vrac|&#8221; add_icon=&#8221;true&#8221;][\/vc_column][\/vc_row]<\/p>\n<\/section>","protected":false},"excerpt":{"rendered":"<p>[vc_row full_width=&#8221;stretch_row&#8221; css=&#8221;.vc_custom_1584012368575{background-image: url(https:\/\/www.sotracom.fr\/wp-content\/uploads\/2020\/03\/transport-routier-italie-suisse-rhone-alpes.jpg?id=741) !important;background-position: center !important;background-repeat: no-repeat !important;background-size: cover !important;}&#8221;][vc_column][vc_empty_space height=&#8221;300px&#8221;][\/vc_column][\/vc_row][vc_row][vc_column][vc_column_text] Trasporto Italia Rodano-Alpi Svizzera [\/vc_column_text][\/vc_column][\/vc_row][vc_row][vc_column][vc_column_text] Rapimento nel nord Italia Effettuiamo per tuo conto i tuoi Pickup a Milano, Torino, Brescia con i nostri semirimorchi in lotto parziale o completo per le tue consegne in Svizzera, Alta Savoia, Savoia, Ain, Is\u00e8re, Rodano &#8230; Le [&hellip;]<\/p>\n","protected":false},"author":1,"featured_media":0,"parent":0,"menu_order":0,"comment_status":"closed","ping_status":"closed","template":"","meta":{"footnotes":""},"class_list":["post-195","page","type-page","status-publish","hentry"],"yoast_head":"<!-- This site is optimized with the Yoast SEO plugin v27.5 - https:\/\/yoast.com\/product\/yoast-seo-wordpress\/ -->\n<title>Trasporto su strada Svizzera, Rodano-Alpi, Italia, deposito, sdoganamento<\/title>\n<meta name=\"description\" content=\"SOTRACOM fornisce il trasporto su strada tra Svizzera, Rodano-Alpi e Italia con deposito e sdoganamento. Contattaci per saperne di pi\u00f9.\" \/>\n<meta name=\"robots\" content=\"index, follow, max-snippet:-1, max-image-preview:large, max-video-preview:-1\" \/>\n<link rel=\"canonical\" href=\"https:\/\/www.sotracom.fr\/it\/trasporto-italia-rodano-alpi-svizzera.html\" \/>\n<meta property=\"og:locale\" content=\"it_IT\" \/>\n<meta property=\"og:type\" content=\"article\" \/>\n<meta property=\"og:title\" content=\"Trasporto su strada Svizzera, Rodano-Alpi, Italia, deposito, sdoganamento\" \/>\n<meta property=\"og:description\" content=\"SOTRACOM fornisce il trasporto su strada tra Svizzera, Rodano-Alpi e Italia con deposito e sdoganamento. Contattaci per saperne di pi\u00f9.\" \/>\n<meta property=\"og:url\" content=\"https:\/\/www.sotracom.fr\/it\/trasporto-italia-rodano-alpi-svizzera.html\" \/>\n<meta property=\"og:site_name\" content=\"Sotracom Italia\" \/>\n<meta property=\"article:modified_time\" content=\"2022-05-03T19:00:28+00:00\" \/>\n<meta name=\"twitter:card\" content=\"summary_large_image\" \/>\n<meta name=\"twitter:label1\" content=\"Tempo di lettura stimato\" \/>\n\t<meta name=\"twitter:data1\" content=\"2 minuti\" \/>\n<script type=\"application\/ld+json\" class=\"yoast-schema-graph\">{\"@context\":\"https:\\\/\\\/schema.org\",\"@graph\":[{\"@type\":\"WebPage\",\"@id\":\"https:\\\/\\\/www.sotracom.fr\\\/it\\\/trasporto-italia-rodano-alpi-svizzera.html\",\"url\":\"https:\\\/\\\/www.sotracom.fr\\\/it\\\/trasporto-italia-rodano-alpi-svizzera.html\",\"name\":\"Trasporto su strada Svizzera, Rodano-Alpi, Italia, deposito, sdoganamento\",\"isPartOf\":{\"@id\":\"https:\\\/\\\/www.sotracom.fr\\\/it\\\/#website\"},\"datePublished\":\"2020-03-12T12:48:59+00:00\",\"dateModified\":\"2022-05-03T19:00:28+00:00\",\"description\":\"SOTRACOM fornisce il trasporto su strada tra Svizzera, Rodano-Alpi e Italia con deposito e sdoganamento. Contattaci per saperne di pi\u00f9.\",\"breadcrumb\":{\"@id\":\"https:\\\/\\\/www.sotracom.fr\\\/it\\\/trasporto-italia-rodano-alpi-svizzera.html#breadcrumb\"},\"inLanguage\":\"it-IT\",\"potentialAction\":[{\"@type\":\"ReadAction\",\"target\":[\"https:\\\/\\\/www.sotracom.fr\\\/it\\\/trasporto-italia-rodano-alpi-svizzera.html\"]}]},{\"@type\":\"BreadcrumbList\",\"@id\":\"https:\\\/\\\/www.sotracom.fr\\\/it\\\/trasporto-italia-rodano-alpi-svizzera.html#breadcrumb\",\"itemListElement\":[{\"@type\":\"ListItem\",\"position\":1,\"name\":\"Accueil\",\"item\":\"https:\\\/\\\/www.sotracom.fr\\\/it\\\/\"},{\"@type\":\"ListItem\",\"position\":2,\"name\":\"Trasporto Italia Rodano-Alpi Svizzera\"}]},{\"@type\":\"WebSite\",\"@id\":\"https:\\\/\\\/www.sotracom.fr\\\/it\\\/#website\",\"url\":\"https:\\\/\\\/www.sotracom.fr\\\/it\\\/\",\"name\":\"Sotracom Italia\",\"description\":\"Un site utilisant Les sites de Sotracom\",\"potentialAction\":[{\"@type\":\"SearchAction\",\"target\":{\"@type\":\"EntryPoint\",\"urlTemplate\":\"https:\\\/\\\/www.sotracom.fr\\\/it\\\/?s={search_term_string}\"},\"query-input\":{\"@type\":\"PropertyValueSpecification\",\"valueRequired\":true,\"valueName\":\"search_term_string\"}}],\"inLanguage\":\"it-IT\"}]}<\/script>\n<!-- \/ Yoast SEO plugin. -->","yoast_head_json":{"title":"Trasporto su strada Svizzera, Rodano-Alpi, Italia, deposito, sdoganamento","description":"SOTRACOM fornisce il trasporto su strada tra Svizzera, Rodano-Alpi e Italia con deposito e sdoganamento. Contattaci per saperne di pi\u00f9.","robots":{"index":"index","follow":"follow","max-snippet":"max-snippet:-1","max-image-preview":"max-image-preview:large","max-video-preview":"max-video-preview:-1"},"canonical":"https:\/\/www.sotracom.fr\/it\/trasporto-italia-rodano-alpi-svizzera.html","og_locale":"it_IT","og_type":"article","og_title":"Trasporto su strada Svizzera, Rodano-Alpi, Italia, deposito, sdoganamento","og_description":"SOTRACOM fornisce il trasporto su strada tra Svizzera, Rodano-Alpi e Italia con deposito e sdoganamento. Contattaci per saperne di pi\u00f9.","og_url":"https:\/\/www.sotracom.fr\/it\/trasporto-italia-rodano-alpi-svizzera.html","og_site_name":"Sotracom Italia","article_modified_time":"2022-05-03T19:00:28+00:00","twitter_card":"summary_large_image","twitter_misc":{"Tempo di lettura stimato":"2 minuti"},"schema":{"@context":"https:\/\/schema.org","@graph":[{"@type":"WebPage","@id":"https:\/\/www.sotracom.fr\/it\/trasporto-italia-rodano-alpi-svizzera.html","url":"https:\/\/www.sotracom.fr\/it\/trasporto-italia-rodano-alpi-svizzera.html","name":"Trasporto su strada Svizzera, Rodano-Alpi, Italia, deposito, sdoganamento","isPartOf":{"@id":"https:\/\/www.sotracom.fr\/it\/#website"},"datePublished":"2020-03-12T12:48:59+00:00","dateModified":"2022-05-03T19:00:28+00:00","description":"SOTRACOM fornisce il trasporto su strada tra Svizzera, Rodano-Alpi e Italia con deposito e sdoganamento. Contattaci per saperne di pi\u00f9.","breadcrumb":{"@id":"https:\/\/www.sotracom.fr\/it\/trasporto-italia-rodano-alpi-svizzera.html#breadcrumb"},"inLanguage":"it-IT","potentialAction":[{"@type":"ReadAction","target":["https:\/\/www.sotracom.fr\/it\/trasporto-italia-rodano-alpi-svizzera.html"]}]},{"@type":"BreadcrumbList","@id":"https:\/\/www.sotracom.fr\/it\/trasporto-italia-rodano-alpi-svizzera.html#breadcrumb","itemListElement":[{"@type":"ListItem","position":1,"name":"Accueil","item":"https:\/\/www.sotracom.fr\/it\/"},{"@type":"ListItem","position":2,"name":"Trasporto Italia Rodano-Alpi Svizzera"}]},{"@type":"WebSite","@id":"https:\/\/www.sotracom.fr\/it\/#website","url":"https:\/\/www.sotracom.fr\/it\/","name":"Sotracom Italia","description":"Un site utilisant Les sites de Sotracom","potentialAction":[{"@type":"SearchAction","target":{"@type":"EntryPoint","urlTemplate":"https:\/\/www.sotracom.fr\/it\/?s={search_term_string}"},"query-input":{"@type":"PropertyValueSpecification","valueRequired":true,"valueName":"search_term_string"}}],"inLanguage":"it-IT"}]}},"_links":{"self":[{"href":"https:\/\/www.sotracom.fr\/it\/wp-json\/wp\/v2\/pages\/195","targetHints":{"allow":["GET"]}}],"collection":[{"href":"https:\/\/www.sotracom.fr\/it\/wp-json\/wp\/v2\/pages"}],"about":[{"href":"https:\/\/www.sotracom.fr\/it\/wp-json\/wp\/v2\/types\/page"}],"author":[{"embeddable":true,"href":"https:\/\/www.sotracom.fr\/it\/wp-json\/wp\/v2\/users\/1"}],"replies":[{"embeddable":true,"href":"https:\/\/www.sotracom.fr\/it\/wp-json\/wp\/v2\/comments?post=195"}],"version-history":[{"count":5,"href":"https:\/\/www.sotracom.fr\/it\/wp-json\/wp\/v2\/pages\/195\/revisions"}],"predecessor-version":[{"id":1149,"href":"https:\/\/www.sotracom.fr\/it\/wp-json\/wp\/v2\/pages\/195\/revisions\/1149"}],"wp:attachment":[{"href":"https:\/\/www.sotracom.fr\/it\/wp-json\/wp\/v2\/media?parent=195"}],"curies":[{"name":"wp","href":"https:\/\/api.w.org\/{rel}","templated":true}]}}