{"id":29,"date":"2019-05-08T17:35:12","date_gmt":"2019-05-08T15:35:12","guid":{"rendered":"https:\/\/www.sotracom.fr\/it\/?page_id=29"},"modified":"2022-05-03T21:00:16","modified_gmt":"2022-05-03T19:00:16","slug":"trasporto-francia-alta-savoia-italia","status":"publish","type":"page","link":"https:\/\/www.sotracom.fr\/it\/trasporto-francia-alta-savoia-italia.html","title":{"rendered":"Trasporto Francia &#8211; Alta-Savoia &#8211; Italia"},"content":{"rendered":"<section class=\"wpb-content-wrapper\"><p>[vc_row css=&#8221;.vc_custom_1516094963539{margin-top: 30px !important;}&#8221;][vc_column][vc_column_text]<\/p>\n<h1>Trasporto stradale Francia-Italia<\/h1>\n<p>[\/vc_column_text][\/vc_column][\/vc_row][vc_row][vc_column][vc_column_text]Grazie ad una flotta ben fornita e moderna, puoi contare su consegne della merce in tempi brevi tra la <strong>Francia<\/strong> e l&#8217;<strong>Italia<\/strong>.<\/p>\n<h3>Trasporto di merci tra la Francia e l&#8217;Italia<\/h3>\n<p>Ogni giorno, Sotracom \u00e8 presente nel <strong>Nord Italia<\/strong> e nella <strong>regione Rodano-Alpi<\/strong> con <strong>10 autotreni<\/strong> in ciascuna delle due regioni. Questi <strong>autotreni 44T<\/strong> ti offrono un servizio di:<\/p>\n<ul>\n<li>Trasporto a<strong> carico parziale<\/strong><\/li>\n<li>Trasporto a <strong>mezzo carico<\/strong><\/li>\n<li>Trasporto a <strong>carico completo<\/strong><\/li>\n<li><a href=\"https:\/\/www.sotracom.fr\/it\/trasporto-alla-rinfusa.html\"><strong>Trasporto alla rinfusa<\/strong><\/a> (in cassone ribaltabile o con pianale mobile)<\/li>\n<li><a href=\"https:\/\/www.sotracom.fr\/it\/trasporto-su-piattaforma.html\"><strong>Trasporto su piattaforma<\/strong><\/a><\/li>\n<\/ul>\n<p>[\/vc_column_text][\/vc_column][\/vc_row][vc_row][vc_column width=&#8221;2\/3&#8243;][vc_column_text]<\/p>\n<h2>Trasporto di pallet verso l&#8217;Italia<\/h2>\n<p>Sotracom possiede anche <strong>14 autotreni<\/strong> sull&#8217;intero territorio <strong>francese<\/strong>, e fa parte di un <strong>Pallet Network europeo<\/strong>. Per ogni tua spedizione fino a <strong>cinquet pallet<\/strong>, questa rete ci permette di effettuare la distribuzione in <strong>tutta Europa<\/strong> in tempi brevi.<\/p>\n<p>L&#8217;azienda \u00e8 iscritta all&#8217;<strong>ALBO<\/strong> Gestori Ambientali per il trasporto di rifiuti sul <strong>territorio italiano<\/strong>.[\/vc_column_text][\/vc_column][vc_column width=&#8221;1\/3&#8243;][vc_single_image image=&#8221;126&#8243; img_size=&#8221;full&#8221;][\/vc_column][\/vc_row][vc_row css=&#8221;.vc_custom_1518780312776{margin-top: 20px !important;}&#8221;][vc_column width=&#8221;1\/3&#8243;][\/vc_column][vc_column width=&#8221;1\/3&#8243; css=&#8221;.vc_custom_1518780766678{border-top-width: 1px !important;border-right-width: 1px !important;border-bottom-width: 1px !important;border-left-width: 1px !important;padding-bottom: 10px !important;border-left-color: #0c5097 !important;border-left-style: solid !important;border-right-color: #0c5097 !important;border-right-style: solid !important;border-top-color: #0c5097 !important;border-top-style: solid !important;border-bottom-color: #0c5097 !important;border-bottom-style: solid !important;border-radius: 1px !important;}&#8221;][vc_column_text]<\/p>\n<p style=\"text-align: center;\"><span class=\"texteh3\" style=\"color: #0c5097;\">BISOGNO DI INFORMAZIONI?<\/span><\/p>\n<p>[\/vc_column_text][vc_btn title=&#8221;Contattaci per ottenere un preventivo&#8221; style=&#8221;custom&#8221; custom_background=&#8221;#e88b01&#8243; custom_text=&#8221;#ffffff&#8221; align=&#8221;center&#8221; i_icon_fontawesome=&#8221;fa fa-envelope-o&#8221; link=&#8221;url:https%3A%2F%2Fwww.sotracom.fr%2Fit%2Fcontatti.html|title:Contatti|&#8221; add_icon=&#8221;true&#8221;][\/vc_column][vc_column width=&#8221;1\/3&#8243;][\/vc_column][\/vc_row][vc_row][vc_column][vc_empty_space][vc_column_text]<div class=\"thrive-shortcode-html\"><link rel=\"stylesheet\" href=\"https:\/\/www.sotracom.fr\/it\/wp-content\/plugins\/thrive-ovation\/templates\/css\/display\/slider\/set19-template.css?ver=2.9\" type=\"text\/css\"\/><div\n\t\tclass=\"tvo-testimonials-display tvo-testimonials-display-slider tvo-set19-template tve_orange tvo-apply-background\">\n\t<div id=\"thrlider-6a01ef9d268f2\">\n\t\t<div class=\"thrlider-nav\">\n\t\t\t\t\t\t\t\t\t\t\t\t<span class=\"thrlider-navItem\" data-nav=\"0\">\n\t\t\t\t\t\t<div class=\"tvo-image-wrapper\">\n\t\t\t\t\t\t\t<div class=\"tvo-testimonial-image-cover tvo-testimonial-real-border\"\n\t\t\t\t\t\t\t\t style=\"background-image: url(https:\/\/www.sotracom.fr\/it\/wp-content\/plugins\/thrive-ovation\/admin\/img\/tvo-no-photo.png)\">\n\t\t\t\t\t\t\t\t<img decoding=\"async\" src=\"https:\/\/www.sotracom.fr\/it\/wp-content\/plugins\/thrive-ovation\/admin\/img\/tvo-no-photo.png\"\n\t\t\t\t\t\t\t\t\t class=\"tvo-testimonial-image tvo-dummy-image\" alt=\"profile-pic\">\n\t\t\t\t\t\t\t<\/div>\n\t\t\t\t\t\t<\/div>\n\t\t\t\t\t\t<div class=\"tvo-testimonial-info\">\n\t\t\t\t\t\t\t\t<span class=\"tvo-testimonial-name\">\n\t\t\t\t\t\t\t\t\tAzienda 2\t\t\t\t\t\t\t\t<\/span>\n\t\t\t\t\t\t\t\t\t\t\t\t\t\t\t<span class=\"tvo-testimonial-role\">\n\t\t\t\t\t\t\t\t\t\t\t\t\t\t\t\t\t<\/span>\n\t\t\t\t\t\t\t\t\t\t\t\t\t<\/div>\n\t\t\t\t\t<\/span>\n\t\t\t\t\t\t\t\t\t\t\t\t\t\t\t\t<span class=\"thrlider-navItem\" data-nav=\"1\">\n\t\t\t\t\t\t<div class=\"tvo-image-wrapper\">\n\t\t\t\t\t\t\t<div class=\"tvo-testimonial-image-cover tvo-testimonial-real-border\"\n\t\t\t\t\t\t\t\t style=\"background-image: url(https:\/\/www.sotracom.fr\/it\/wp-content\/plugins\/thrive-ovation\/admin\/img\/tvo-no-photo.png)\">\n\t\t\t\t\t\t\t\t<img decoding=\"async\" src=\"https:\/\/www.sotracom.fr\/it\/wp-content\/plugins\/thrive-ovation\/admin\/img\/tvo-no-photo.png\"\n\t\t\t\t\t\t\t\t\t class=\"tvo-testimonial-image tvo-dummy-image\" alt=\"profile-pic\">\n\t\t\t\t\t\t\t<\/div>\n\t\t\t\t\t\t<\/div>\n\t\t\t\t\t\t<div class=\"tvo-testimonial-info\">\n\t\t\t\t\t\t\t\t<span class=\"tvo-testimonial-name\">\n\t\t\t\t\t\t\t\t\tAzienda 1\t\t\t\t\t\t\t\t<\/span>\n\t\t\t\t\t\t\t\t\t\t\t\t\t\t\t<span class=\"tvo-testimonial-role\">\n\t\t\t\t\t\t\t\t\t\t\t\t\t\t\t\t\t<\/span>\n\t\t\t\t\t\t\t\t\t\t\t\t\t<\/div>\n\t\t\t\t\t<\/span>\n\t\t\t\t\t\t\t\t\t\t\t\t\t\t\t\t<span class=\"thrlider-navItem\" data-nav=\"2\">\n\t\t\t\t\t\t<div class=\"tvo-image-wrapper\">\n\t\t\t\t\t\t\t<div class=\"tvo-testimonial-image-cover tvo-testimonial-real-border\"\n\t\t\t\t\t\t\t\t style=\"background-image: url(https:\/\/www.sotracom.fr\/it\/wp-content\/plugins\/thrive-ovation\/admin\/img\/tvo-no-photo.png)\">\n\t\t\t\t\t\t\t\t<img decoding=\"async\" src=\"https:\/\/www.sotracom.fr\/it\/wp-content\/plugins\/thrive-ovation\/admin\/img\/tvo-no-photo.png\"\n\t\t\t\t\t\t\t\t\t class=\"tvo-testimonial-image tvo-dummy-image\" alt=\"profile-pic\">\n\t\t\t\t\t\t\t<\/div>\n\t\t\t\t\t\t<\/div>\n\t\t\t\t\t\t<div class=\"tvo-testimonial-info\">\n\t\t\t\t\t\t\t\t<span class=\"tvo-testimonial-name\">\n\t\t\t\t\t\t\t\t\tAzienda 2\t\t\t\t\t\t\t\t<\/span>\n\t\t\t\t\t\t\t\t\t\t\t\t\t\t\t<span class=\"tvo-testimonial-role\">\n\t\t\t\t\t\t\t\t\t\t\t\t\t\t\t\t\t<\/span>\n\t\t\t\t\t\t\t\t\t\t\t\t\t<\/div>\n\t\t\t\t\t<\/span>\n\t\t\t\t\t\t\t\t\t<\/div>\n\t\t<div class=\"thrlider-slider\">\n\t\t\t\t\t\t\t\t\t\t\t\t<div class=\"thrlider-slide\">\n\t\t\t\t\t\t<div class=\"tvo-testimonial-display-item\">\n\t\t\t\t\t\t\t\t\t\t\t\t\t\t\t<h4>\n\t\t\t\t\t\t\t\t\t\t\t\t\t\t\t\t\t<\/h4>\n\t\t\t\t\t\t\t\t\t\t\t\t\t\t<div class=\"tvo-relative tvo-testimonial-content\">\n\t\t\t\t\t\t\t\t<div class=\"tvo-testimonial-quote\"><\/div>\n\t\t\t\t\t\t\t\t<p>al nostro deposito Rh\u00f4ne-Alpes, ma questa volta: si trattava di una spedizione su larga scala in pi\u00f9 localit\u00e0 Rh\u00f4ne-Alpes nello stesso giorno, quindi impossibile da raggiungere con il nostro unico peso massimo. Quindi abbiamo chiesto al nostro corriere se avevano una soluzione. E non sorprende che SOTRACOM abbia risposto e persino gestito direttamente dai tre paesi utilizzando la loro piattaforma Haut-Savoyarde. Da rifare Grazie.<\/p>\t\t\t\t\t\t\t<\/div>\n\t\t\t\t\t\t<\/div>\n\t\t\t\t\t<\/div>\n\t\t\t\t\t\t\t\t\t\t\t\t\t\t\t\t<div class=\"thrlider-slide\">\n\t\t\t\t\t\t<div class=\"tvo-testimonial-display-item\">\n\t\t\t\t\t\t\t\t\t\t\t\t\t\t\t<h4>\n\t\t\t\t\t\t\t\t\t\t\t\t\t\t\t\t\t<\/h4>\n\t\t\t\t\t\t\t\t\t\t\t\t\t\t<div class=\"tvo-relative tvo-testimonial-content\">\n\t\t\t\t\t\t\t\t<div class=\"tvo-testimonial-quote\"><\/div>\n\t\t\t\t\t\t\t\t<p>Abbiamo chiesto a SOTRACOM di aiutarci a sviluppare la strategia pi\u00f9 rilevante per la distribuzione dei nostri prodotti sul mercato.Il massimo del supporto, in linea con i nostri valori e le nostre aspettative, senza di loro non saremmo dove siamo oggi e guardiamo al futuro con grande entusiasmo.Certi incontri ci ispirano, SOTRACOM \u00e8 uno di questi.<\/p>\t\t\t\t\t\t\t<\/div>\n\t\t\t\t\t\t<\/div>\n\t\t\t\t\t<\/div>\n\t\t\t\t\t\t\t\t\t\t\t\t\t\t\t\t<div class=\"thrlider-slide\">\n\t\t\t\t\t\t<div class=\"tvo-testimonial-display-item\">\n\t\t\t\t\t\t\t\t\t\t\t\t\t\t\t<h4>\n\t\t\t\t\t\t\t\t\t\t\t\t\t\t\t\t\t<\/h4>\n\t\t\t\t\t\t\t\t\t\t\t\t\t\t<div class=\"tvo-relative tvo-testimonial-content\">\n\t\t\t\t\t\t\t\t<div class=\"tvo-testimonial-quote\"><\/div>\n\t\t\t\t\t\t\t\t<p>Il supporto di SOTRACOM si \u00e8 rivelato determinante per il trasporto e la messa in sicurezza delle nostre macchine, per poter poi distribuire in Italia in modo efficiente, facile e sicuro.<\/p>\t\t\t\t\t\t\t<\/div>\n\t\t\t\t\t\t<\/div>\n\t\t\t\t\t<\/div>\n\t\t\t\t\t\t\t\t\t<\/div>\n\t\t<span class=\"thrlider-prev\"><\/span>\n\t\t<span class=\"thrlider-next\"><\/span>\n\t<\/div>\n<\/div>\n<script type=\"text\/javascript\">\n\tjQuery( document ).ready( function () {\n\t\tsetTimeout( function () {\n\t\t\tjQuery( '#thrlider-6a01ef9d268f2' ).thrlider( {\n\t\t\t\tnav: true,\n\t\t\t\tmaxSlides: 1,\n\t\t\t\tactiveSlidePosition: 1,\n\t\t\t\tmaxNavItems: 4,\n\t\t\t\tactiveNavItemPosition: 1,\n\t\t\t\tnoNavWidthy: true,\n\t\t\t\tmobileMaxNavItems: 1\n\t\t\t} );\n\t\t}, 300 );\n\t} );\n<\/script>\n\n\n<script type=\"text\/javascript\">\n\tdocument.addEventListener( 'DOMContentLoaded', function () {\n\t\tjQuery = ( typeof TVE !== 'undefined' && TVE.inner.jQuery ) || jQuery;\n\t\t\/* apply custom color class *\/\n\t\tvar $shortcode = jQuery( '#thrlider-6a01ef9d268f2' ),\n\t\t\t$parent = $shortcode.parent();\n\t\tif ( ! $shortcode.attr( 'tvo_colors_applied' ) ) {\n\t\t\t$shortcode.attr( 'tvo_colors_applied', true );\n\t\t\t\t\t\t\/* apply custom color for testimonial elements *\/\n\t\t\t\t\t}\n\t} );\n<\/script>\n<\/div>[\/vc_column_text][\/vc_column][\/vc_row][vc_row full_width=&#8221;stretch_row&#8221; css=&#8221;.vc_custom_1601971261052{margin-top: 50px !important;margin-bottom: 0px !important;padding-bottom: 0px !important;background-color: #3083c9 !important;}&#8221;][vc_column width=&#8221;1\/3&#8243;][vc_btn title=&#8221;Trasporto di grano&#8221; style=&#8221;outline&#8221; color=&#8221;default&#8221; align=&#8221;left&#8221; i_icon_fontawesome=&#8221;fa fa-arrow-circle-left&#8221; css_animation=&#8221;left-to-right&#8221; link=&#8221;url:https%3A%2F%2Fwww.sotracom.fr%2Fit%2Ftrasporto-di-grano.html|title:Transport%20de%20vrac|&#8221; add_icon=&#8221;true&#8221;][\/vc_column][vc_column width=&#8221;1\/3&#8243;][\/vc_column][vc_column width=&#8221;1\/3&#8243;][vc_btn title=&#8221;Trasporto Italia Rodano-Alpi Svizzera&#8221; style=&#8221;outline&#8221; color=&#8221;default&#8221; align=&#8221;right&#8221; i_align=&#8221;right&#8221; i_icon_fontawesome=&#8221;fa fa-arrow-circle-right&#8221; css_animation=&#8221;left-to-right&#8221; link=&#8221;url:https%3A%2F%2Fwww.sotracom.fr%2Fit%2Ftrasporto-italia-rodano-alpi-svizzera.html|title:Transport%20de%20vrac|&#8221; add_icon=&#8221;true&#8221;][\/vc_column][\/vc_row]<\/p>\n<\/section>","protected":false},"excerpt":{"rendered":"<p>[vc_row css=&#8221;.vc_custom_1516094963539{margin-top: 30px !important;}&#8221;][vc_column][vc_column_text] Trasporto stradale Francia-Italia [\/vc_column_text][\/vc_column][\/vc_row][vc_row][vc_column][vc_column_text]Grazie ad una flotta ben fornita e moderna, puoi contare su consegne della merce in tempi brevi tra la Francia e l&#8217;Italia. Trasporto di merci tra la Francia e l&#8217;Italia Ogni giorno, Sotracom \u00e8 presente nel Nord Italia e nella regione Rodano-Alpi con 10 autotreni in ciascuna delle [&hellip;]<\/p>\n","protected":false},"author":1,"featured_media":0,"parent":0,"menu_order":0,"comment_status":"closed","ping_status":"closed","template":"","meta":{"footnotes":""},"class_list":["post-29","page","type-page","status-publish","hentry"],"yoast_head":"<!-- This site is optimized with the Yoast SEO plugin v27.5 - https:\/\/yoast.com\/product\/yoast-seo-wordpress\/ -->\n<title>Trasporto pallet Italia Francia, trasporto stradale Francia-Italia<\/title>\n<meta name=\"description\" content=\"Sotracom offre un servizio di trasporto stradale di merci tra la Francia e l&#039;Italia. Contattaci per ottenere un preventivo.\" \/>\n<meta name=\"robots\" content=\"index, follow, max-snippet:-1, max-image-preview:large, max-video-preview:-1\" \/>\n<link rel=\"canonical\" href=\"https:\/\/www.sotracom.fr\/it\/trasporto-francia-alta-savoia-italia.html\" \/>\n<meta property=\"og:locale\" content=\"it_IT\" \/>\n<meta property=\"og:type\" content=\"article\" \/>\n<meta property=\"og:title\" content=\"Trasporto pallet Italia Francia, trasporto stradale Francia-Italia\" \/>\n<meta property=\"og:description\" content=\"Sotracom offre un servizio di trasporto stradale di merci tra la Francia e l&#039;Italia. Contattaci per ottenere un preventivo.\" \/>\n<meta property=\"og:url\" content=\"https:\/\/www.sotracom.fr\/it\/trasporto-francia-alta-savoia-italia.html\" \/>\n<meta property=\"og:site_name\" content=\"Sotracom Italia\" \/>\n<meta property=\"article:modified_time\" content=\"2022-05-03T19:00:16+00:00\" \/>\n<meta name=\"twitter:card\" content=\"summary_large_image\" \/>\n<meta name=\"twitter:label1\" content=\"Tempo di lettura stimato\" \/>\n\t<meta name=\"twitter:data1\" content=\"2 minuti\" \/>\n<script type=\"application\/ld+json\" class=\"yoast-schema-graph\">{\"@context\":\"https:\\\/\\\/schema.org\",\"@graph\":[{\"@type\":\"WebPage\",\"@id\":\"https:\\\/\\\/www.sotracom.fr\\\/it\\\/trasporto-francia-alta-savoia-italia.html\",\"url\":\"https:\\\/\\\/www.sotracom.fr\\\/it\\\/trasporto-francia-alta-savoia-italia.html\",\"name\":\"Trasporto pallet Italia Francia, trasporto stradale Francia-Italia\",\"isPartOf\":{\"@id\":\"https:\\\/\\\/www.sotracom.fr\\\/it\\\/#website\"},\"datePublished\":\"2019-05-08T15:35:12+00:00\",\"dateModified\":\"2022-05-03T19:00:16+00:00\",\"description\":\"Sotracom offre un servizio di trasporto stradale di merci tra la Francia e l'Italia. Contattaci per ottenere un preventivo.\",\"breadcrumb\":{\"@id\":\"https:\\\/\\\/www.sotracom.fr\\\/it\\\/trasporto-francia-alta-savoia-italia.html#breadcrumb\"},\"inLanguage\":\"it-IT\",\"potentialAction\":[{\"@type\":\"ReadAction\",\"target\":[\"https:\\\/\\\/www.sotracom.fr\\\/it\\\/trasporto-francia-alta-savoia-italia.html\"]}]},{\"@type\":\"BreadcrumbList\",\"@id\":\"https:\\\/\\\/www.sotracom.fr\\\/it\\\/trasporto-francia-alta-savoia-italia.html#breadcrumb\",\"itemListElement\":[{\"@type\":\"ListItem\",\"position\":1,\"name\":\"Accueil\",\"item\":\"https:\\\/\\\/www.sotracom.fr\\\/it\\\/\"},{\"@type\":\"ListItem\",\"position\":2,\"name\":\"Trasporto Francia &#8211; Alta-Savoia &#8211; Italia\"}]},{\"@type\":\"WebSite\",\"@id\":\"https:\\\/\\\/www.sotracom.fr\\\/it\\\/#website\",\"url\":\"https:\\\/\\\/www.sotracom.fr\\\/it\\\/\",\"name\":\"Sotracom Italia\",\"description\":\"Un site utilisant Les sites de Sotracom\",\"potentialAction\":[{\"@type\":\"SearchAction\",\"target\":{\"@type\":\"EntryPoint\",\"urlTemplate\":\"https:\\\/\\\/www.sotracom.fr\\\/it\\\/?s={search_term_string}\"},\"query-input\":{\"@type\":\"PropertyValueSpecification\",\"valueRequired\":true,\"valueName\":\"search_term_string\"}}],\"inLanguage\":\"it-IT\"}]}<\/script>\n<!-- \/ Yoast SEO plugin. -->","yoast_head_json":{"title":"Trasporto pallet Italia Francia, trasporto stradale Francia-Italia","description":"Sotracom offre un servizio di trasporto stradale di merci tra la Francia e l'Italia. Contattaci per ottenere un preventivo.","robots":{"index":"index","follow":"follow","max-snippet":"max-snippet:-1","max-image-preview":"max-image-preview:large","max-video-preview":"max-video-preview:-1"},"canonical":"https:\/\/www.sotracom.fr\/it\/trasporto-francia-alta-savoia-italia.html","og_locale":"it_IT","og_type":"article","og_title":"Trasporto pallet Italia Francia, trasporto stradale Francia-Italia","og_description":"Sotracom offre un servizio di trasporto stradale di merci tra la Francia e l'Italia. Contattaci per ottenere un preventivo.","og_url":"https:\/\/www.sotracom.fr\/it\/trasporto-francia-alta-savoia-italia.html","og_site_name":"Sotracom Italia","article_modified_time":"2022-05-03T19:00:16+00:00","twitter_card":"summary_large_image","twitter_misc":{"Tempo di lettura stimato":"2 minuti"},"schema":{"@context":"https:\/\/schema.org","@graph":[{"@type":"WebPage","@id":"https:\/\/www.sotracom.fr\/it\/trasporto-francia-alta-savoia-italia.html","url":"https:\/\/www.sotracom.fr\/it\/trasporto-francia-alta-savoia-italia.html","name":"Trasporto pallet Italia Francia, trasporto stradale Francia-Italia","isPartOf":{"@id":"https:\/\/www.sotracom.fr\/it\/#website"},"datePublished":"2019-05-08T15:35:12+00:00","dateModified":"2022-05-03T19:00:16+00:00","description":"Sotracom offre un servizio di trasporto stradale di merci tra la Francia e l'Italia. Contattaci per ottenere un preventivo.","breadcrumb":{"@id":"https:\/\/www.sotracom.fr\/it\/trasporto-francia-alta-savoia-italia.html#breadcrumb"},"inLanguage":"it-IT","potentialAction":[{"@type":"ReadAction","target":["https:\/\/www.sotracom.fr\/it\/trasporto-francia-alta-savoia-italia.html"]}]},{"@type":"BreadcrumbList","@id":"https:\/\/www.sotracom.fr\/it\/trasporto-francia-alta-savoia-italia.html#breadcrumb","itemListElement":[{"@type":"ListItem","position":1,"name":"Accueil","item":"https:\/\/www.sotracom.fr\/it\/"},{"@type":"ListItem","position":2,"name":"Trasporto Francia &#8211; Alta-Savoia &#8211; Italia"}]},{"@type":"WebSite","@id":"https:\/\/www.sotracom.fr\/it\/#website","url":"https:\/\/www.sotracom.fr\/it\/","name":"Sotracom Italia","description":"Un site utilisant Les sites de Sotracom","potentialAction":[{"@type":"SearchAction","target":{"@type":"EntryPoint","urlTemplate":"https:\/\/www.sotracom.fr\/it\/?s={search_term_string}"},"query-input":{"@type":"PropertyValueSpecification","valueRequired":true,"valueName":"search_term_string"}}],"inLanguage":"it-IT"}]}},"_links":{"self":[{"href":"https:\/\/www.sotracom.fr\/it\/wp-json\/wp\/v2\/pages\/29","targetHints":{"allow":["GET"]}}],"collection":[{"href":"https:\/\/www.sotracom.fr\/it\/wp-json\/wp\/v2\/pages"}],"about":[{"href":"https:\/\/www.sotracom.fr\/it\/wp-json\/wp\/v2\/types\/page"}],"author":[{"embeddable":true,"href":"https:\/\/www.sotracom.fr\/it\/wp-json\/wp\/v2\/users\/1"}],"replies":[{"embeddable":true,"href":"https:\/\/www.sotracom.fr\/it\/wp-json\/wp\/v2\/comments?post=29"}],"version-history":[{"count":5,"href":"https:\/\/www.sotracom.fr\/it\/wp-json\/wp\/v2\/pages\/29\/revisions"}],"predecessor-version":[{"id":1045,"href":"https:\/\/www.sotracom.fr\/it\/wp-json\/wp\/v2\/pages\/29\/revisions\/1045"}],"wp:attachment":[{"href":"https:\/\/www.sotracom.fr\/it\/wp-json\/wp\/v2\/media?parent=29"}],"curies":[{"name":"wp","href":"https:\/\/api.w.org\/{rel}","templated":true}]}}