{"id":33,"date":"2019-05-08T17:35:56","date_gmt":"2019-05-08T15:35:56","guid":{"rendered":"https:\/\/www.sotracom.fr\/it\/?page_id=33"},"modified":"2019-05-09T18:31:22","modified_gmt":"2019-05-09T16:31:22","slug":"notizie","status":"publish","type":"page","link":"https:\/\/www.sotracom.fr\/it\/notizie.html","title":{"rendered":"Notizie"},"content":{"rendered":"<section class=\"wpb-content-wrapper\"><p>[vc_row css=&#8221;.vc_custom_1524813096658{margin-top: 30px !important;}&#8221;][vc_column width=&#8221;1\/4&#8243;][vc_single_image image=&#8221;85&#8243; img_size=&#8221;full&#8221; alignment=&#8221;center&#8221; style=&#8221;vc_box_circle&#8221;][\/vc_column][vc_column width=&#8221;3\/4&#8243;][vc_column_text]<\/p>\n<h2 class=\"entry-title\">Sotracom entra in una nuova fase<\/h2>\n<p>L&#8217;azienda, localizzata a Eteaux &#8211; Francia, \u00e8 uno dei principali fornitori di servizi di trasporto nel settore delle materie prime in Alta Savoia. \u00c8 stata ricomprata il 3 agosto 2017. La nuova direzione aziendale intende sviluppare le sue attivit\u00e0.<\/p>\n<p><a href=\"https:\/\/www.sotracom.fr\/it\/2019\/05\/08\/sotracom-nuova-fase\/\">Leggi di pi\u00f9 \u2192<\/a>[\/vc_column_text][\/vc_column][\/vc_row]<\/p>\n<\/section>","protected":false},"excerpt":{"rendered":"<p>[vc_row css=&#8221;.vc_custom_1524813096658{margin-top: 30px !important;}&#8221;][vc_column width=&#8221;1\/4&#8243;][vc_single_image image=&#8221;85&#8243; img_size=&#8221;full&#8221; alignment=&#8221;center&#8221; style=&#8221;vc_box_circle&#8221;][\/vc_column][vc_column width=&#8221;3\/4&#8243;][vc_column_text] Sotracom entra in una nuova fase L&#8217;azienda, localizzata a Eteaux &#8211; Francia, \u00e8 uno dei principali fornitori di servizi di trasporto nel settore delle materie prime in Alta Savoia. \u00c8 stata ricomprata il 3 agosto 2017. La nuova direzione aziendale intende sviluppare le sue attivit\u00e0. [&hellip;]<\/p>\n","protected":false},"author":1,"featured_media":0,"parent":0,"menu_order":0,"comment_status":"closed","ping_status":"closed","template":"","meta":{"footnotes":""},"class_list":["post-33","page","type-page","status-publish","hentry"],"yoast_head":"<!-- This site is optimized with the Yoast SEO plugin v27.5 - https:\/\/yoast.com\/product\/yoast-seo-wordpress\/ -->\n<title>Sotracom, trasporto merci, noleggio camion con autista, Alta Savoia<\/title>\n<meta name=\"description\" content=\"Scopri l&#039;attualit\u00e0 di Sotracom, specialista nel trasporto merci in Alta Savoia. Contattaci per ogni domanda.\" \/>\n<meta name=\"robots\" content=\"index, follow, max-snippet:-1, max-image-preview:large, max-video-preview:-1\" \/>\n<link rel=\"canonical\" href=\"https:\/\/www.sotracom.fr\/it\/notizie.html\" \/>\n<meta property=\"og:locale\" content=\"it_IT\" \/>\n<meta property=\"og:type\" content=\"article\" \/>\n<meta property=\"og:title\" content=\"Sotracom, trasporto merci, noleggio camion con autista, Alta Savoia\" \/>\n<meta property=\"og:description\" content=\"Scopri l&#039;attualit\u00e0 di Sotracom, specialista nel trasporto merci in Alta Savoia. Contattaci per ogni domanda.\" \/>\n<meta property=\"og:url\" content=\"https:\/\/www.sotracom.fr\/it\/notizie.html\" \/>\n<meta property=\"og:site_name\" content=\"Sotracom Italia\" \/>\n<meta property=\"article:modified_time\" content=\"2019-05-09T16:31:22+00:00\" \/>\n<meta name=\"twitter:card\" content=\"summary_large_image\" \/>\n<script type=\"application\/ld+json\" class=\"yoast-schema-graph\">{\"@context\":\"https:\\\/\\\/schema.org\",\"@graph\":[{\"@type\":\"WebPage\",\"@id\":\"https:\\\/\\\/www.sotracom.fr\\\/it\\\/notizie.html\",\"url\":\"https:\\\/\\\/www.sotracom.fr\\\/it\\\/notizie.html\",\"name\":\"Sotracom, trasporto merci, noleggio camion con autista, Alta Savoia\",\"isPartOf\":{\"@id\":\"https:\\\/\\\/www.sotracom.fr\\\/it\\\/#website\"},\"datePublished\":\"2019-05-08T15:35:56+00:00\",\"dateModified\":\"2019-05-09T16:31:22+00:00\",\"description\":\"Scopri l'attualit\u00e0 di Sotracom, specialista nel trasporto merci in Alta Savoia. Contattaci per ogni domanda.\",\"breadcrumb\":{\"@id\":\"https:\\\/\\\/www.sotracom.fr\\\/it\\\/notizie.html#breadcrumb\"},\"inLanguage\":\"it-IT\",\"potentialAction\":[{\"@type\":\"ReadAction\",\"target\":[\"https:\\\/\\\/www.sotracom.fr\\\/it\\\/notizie.html\"]}]},{\"@type\":\"BreadcrumbList\",\"@id\":\"https:\\\/\\\/www.sotracom.fr\\\/it\\\/notizie.html#breadcrumb\",\"itemListElement\":[{\"@type\":\"ListItem\",\"position\":1,\"name\":\"Accueil\",\"item\":\"https:\\\/\\\/www.sotracom.fr\\\/it\\\/\"},{\"@type\":\"ListItem\",\"position\":2,\"name\":\"Notizie\"}]},{\"@type\":\"WebSite\",\"@id\":\"https:\\\/\\\/www.sotracom.fr\\\/it\\\/#website\",\"url\":\"https:\\\/\\\/www.sotracom.fr\\\/it\\\/\",\"name\":\"Sotracom Italia\",\"description\":\"Un site utilisant Les sites de Sotracom\",\"potentialAction\":[{\"@type\":\"SearchAction\",\"target\":{\"@type\":\"EntryPoint\",\"urlTemplate\":\"https:\\\/\\\/www.sotracom.fr\\\/it\\\/?s={search_term_string}\"},\"query-input\":{\"@type\":\"PropertyValueSpecification\",\"valueRequired\":true,\"valueName\":\"search_term_string\"}}],\"inLanguage\":\"it-IT\"}]}<\/script>\n<!-- \/ Yoast SEO plugin. -->","yoast_head_json":{"title":"Sotracom, trasporto merci, noleggio camion con autista, Alta Savoia","description":"Scopri l'attualit\u00e0 di Sotracom, specialista nel trasporto merci in Alta Savoia. Contattaci per ogni domanda.","robots":{"index":"index","follow":"follow","max-snippet":"max-snippet:-1","max-image-preview":"max-image-preview:large","max-video-preview":"max-video-preview:-1"},"canonical":"https:\/\/www.sotracom.fr\/it\/notizie.html","og_locale":"it_IT","og_type":"article","og_title":"Sotracom, trasporto merci, noleggio camion con autista, Alta Savoia","og_description":"Scopri l'attualit\u00e0 di Sotracom, specialista nel trasporto merci in Alta Savoia. Contattaci per ogni domanda.","og_url":"https:\/\/www.sotracom.fr\/it\/notizie.html","og_site_name":"Sotracom Italia","article_modified_time":"2019-05-09T16:31:22+00:00","twitter_card":"summary_large_image","schema":{"@context":"https:\/\/schema.org","@graph":[{"@type":"WebPage","@id":"https:\/\/www.sotracom.fr\/it\/notizie.html","url":"https:\/\/www.sotracom.fr\/it\/notizie.html","name":"Sotracom, trasporto merci, noleggio camion con autista, Alta Savoia","isPartOf":{"@id":"https:\/\/www.sotracom.fr\/it\/#website"},"datePublished":"2019-05-08T15:35:56+00:00","dateModified":"2019-05-09T16:31:22+00:00","description":"Scopri l'attualit\u00e0 di Sotracom, specialista nel trasporto merci in Alta Savoia. Contattaci per ogni domanda.","breadcrumb":{"@id":"https:\/\/www.sotracom.fr\/it\/notizie.html#breadcrumb"},"inLanguage":"it-IT","potentialAction":[{"@type":"ReadAction","target":["https:\/\/www.sotracom.fr\/it\/notizie.html"]}]},{"@type":"BreadcrumbList","@id":"https:\/\/www.sotracom.fr\/it\/notizie.html#breadcrumb","itemListElement":[{"@type":"ListItem","position":1,"name":"Accueil","item":"https:\/\/www.sotracom.fr\/it\/"},{"@type":"ListItem","position":2,"name":"Notizie"}]},{"@type":"WebSite","@id":"https:\/\/www.sotracom.fr\/it\/#website","url":"https:\/\/www.sotracom.fr\/it\/","name":"Sotracom Italia","description":"Un site utilisant Les sites de Sotracom","potentialAction":[{"@type":"SearchAction","target":{"@type":"EntryPoint","urlTemplate":"https:\/\/www.sotracom.fr\/it\/?s={search_term_string}"},"query-input":{"@type":"PropertyValueSpecification","valueRequired":true,"valueName":"search_term_string"}}],"inLanguage":"it-IT"}]}},"_links":{"self":[{"href":"https:\/\/www.sotracom.fr\/it\/wp-json\/wp\/v2\/pages\/33","targetHints":{"allow":["GET"]}}],"collection":[{"href":"https:\/\/www.sotracom.fr\/it\/wp-json\/wp\/v2\/pages"}],"about":[{"href":"https:\/\/www.sotracom.fr\/it\/wp-json\/wp\/v2\/types\/page"}],"author":[{"embeddable":true,"href":"https:\/\/www.sotracom.fr\/it\/wp-json\/wp\/v2\/users\/1"}],"replies":[{"embeddable":true,"href":"https:\/\/www.sotracom.fr\/it\/wp-json\/wp\/v2\/comments?post=33"}],"version-history":[{"count":4,"href":"https:\/\/www.sotracom.fr\/it\/wp-json\/wp\/v2\/pages\/33\/revisions"}],"predecessor-version":[{"id":89,"href":"https:\/\/www.sotracom.fr\/it\/wp-json\/wp\/v2\/pages\/33\/revisions\/89"}],"wp:attachment":[{"href":"https:\/\/www.sotracom.fr\/it\/wp-json\/wp\/v2\/media?parent=33"}],"curies":[{"name":"wp","href":"https:\/\/api.w.org\/{rel}","templated":true}]}}