{"id":35,"date":"2019-05-08T17:36:40","date_gmt":"2019-05-08T15:36:40","guid":{"rendered":"https:\/\/www.sotracom.fr\/it\/?page_id=35"},"modified":"2021-01-27T14:00:43","modified_gmt":"2021-01-27T13:00:43","slug":"disposizioni-legali","status":"publish","type":"page","link":"https:\/\/www.sotracom.fr\/it\/disposizioni-legali.html","title":{"rendered":"Disposizioni legali"},"content":{"rendered":"<section class=\"wpb-content-wrapper\"><p>[vc_row][vc_column][vc_column_text]<\/p>\n<h2>Editore del sito<\/h2>\n<p>Il sito www.sotracom.fr \u00e8 la propriet\u00e0 dell&#8217;impresa <strong>Sotracom.<\/strong><\/p>\n<p>Siret : 39883077800021<\/p>\n<p>Codice APE: Trasporti stradali interurbani di merci (5229B)<\/p>\n<p>Direttore di pubblicazione: Franck WEINSTOERFFER, presidente del consiglio di amministrazione dell&#8217;impresa SOTRACOM.<\/p>\n<p>&nbsp;<\/p>\n<h2>CONTATTO<\/h2>\n<p><strong>SOTRACOM<\/strong><br \/>\nSede: 86 route des Faverges<br \/>\n74800 ETAUX &#8211; FRAnCIA<br \/>\nTelefono : 0033 + (0)4.50.03.09.77<\/p>\n<h2>Web hosting<\/h2>\n<p>Societ\u00e0: OVH<\/p>\n<p>Indirizzo: 2 rue Kellermann \u2013 59100 Roubaix \u2013 Francia<\/p>\n<h2>Realizzazione del sito<\/h2>\n<p>Societ\u00e0: <a title=\"D2b Consulting\" href=\"http:\/\/www.d2bconsulting.fr\/\" target=\"_blank\" rel=\"nofollow noopener noreferrer\">D2b Consulting<\/a>, <a href=\"http:\/\/www.d2bconsulting.fr\/strategie-commerciale\/\" target=\"_blank\" rel=\"noopener noreferrer\">consiglio in strategia commerciale<\/a>, <a href=\"https:\/\/www.d2bconsulting.fr\/agence-digitale-creation-site-internet-annecy-74\/\" target=\"_blank\" rel=\"noopener noreferrer\">creazione di siti internet ad Annecy<\/a> e in <a href=\"https:\/\/www.d2bconsulting.fr\/agence-web-pour-le-referencement-naturel-de-site-internet\/\" target=\"_blank\" rel=\"noopener noreferrer\">Alta Savoia<\/a><\/p>\n<p>Indirizzo: 3, rue Louis Gattefosse \u2013 69800 St Priest &#8211; Francia<\/p>\n<p>&nbsp;<\/p>\n<h2>Disposizioni legali<\/h2>\n<p>Le informazioni pubblicate sul sito di Sotracom sono menzionate a puro titolo informativo. Sotracom aggrega e produce contenuti provenienti da diverse fonti concordanti. Sotracom non offre alcuna garanzia circa la veridicit\u00e0 e la pertinenza dei contenuti, e non assume alcuna responsabilit\u00e0 per qualsiasi uso dei contenuti del sito dall&#8217;utente.<\/p>\n<p>All\u2019utente \u00e8 vietato copiare o altrimenti modificare, pubblicare, diffondere, trasmettere o rendere altrimenti disponibili, anche parzialmente e\/o a seguito di modificazioni, quanto pubblicato nel sito web.<\/p>\n<p>&nbsp;<\/p>\n<h2>Esonero di responsabilit\u00e0<\/h2>\n<p>Sotracom non risponde per eventuali danni di qualsiasi genere, diretti o indiretti, che possano derivare all\u2019utente dall\u2019uso del servizio, n\u00e9 per eventuali danni derivanti dall\u2019accesso, dall\u2019interconnessione, dallo scarico di materiale e programmi informatici dal sito.<br \/>\nSotracom non esercita alcun controllo sui collegamenti ad altri siti web e sul loro contenuto. Di conseguenza, Sotracom non assume alcuna responsabilit\u00e0 per le informazioni pubblicate su quei siti. I collegamenti ad altri siti web sono inseriti per motivi di opportunit\u00e0.<\/p>\n<p>&nbsp;<\/p>\n<h2>Protezione della privacy<\/h2>\n<p>La protezione dei dati personali ci sta particolarmente a cuore. Per offrirti un servizio di qualit\u00e0 e garantire la sicurezza dei tuoi dati personali, abbiamo adottato una politica di confidenzialit\u00e0 rispettosa del nuovo Regolamento generale sulla protezione dei dati (RGPD) del 25 maggio 2018.<\/p>\n<p>Le tue informazioni raccolte sul sito sono oggetto di un trattamento destinato esclusivamente a SOTRACOM. I tuoi dati personali sono conservati e protetti in Francia. Non trasmettiamo n\u00e9 vendiamo la nostra database.<\/p>\n<p><strong>Rispettiamo i tuoi dati personali. Siamo coscienti che la protezione della tua privacy \u00e8 centrale nella nostra relazione. Ti assicuro che continueremo a proteggere le tue informazioni personali e a garantire la trasparenza nel loro uso.<\/strong><\/p>\n<p>\u00c8 un tuo diritto chiederci, in qualsiasi momento, l&#8217;accesso, la rettifica e l&#8217;eliminazione dei tuoi dati personali, via e-mail al seguente indirizzo: <a href=\"mailto:ex**********@******om.fr\" data-original-string=\"sIZ3DtyDcF+cw5x2tWRmdA==f06i7YqKreshs4Mgb5PnIFxzeHeJfGQqrA0ZnzlfNeLXGA=\" title=\"This contact has been encoded by Anti-Spam by CleanTalk. Click to decode. To finish the decoding make sure that JavaScript is enabled in your browser.\"><span \n                data-original-string='PymkrRMqvQhDPnq9Gd8S+Q==f06u0e1e59wq9J1ePJW0ndiuKTUxyIUgHvOB81zSMboG98='\n                class='apbct-email-encoder'\n                title='This contact has been encoded by Anti-Spam by CleanTalk. Click to decode. To finish the decoding make sure that JavaScript is enabled in your browser.'>ex<span class=\"apbct-blur\">**********<\/span>@<span class=\"apbct-blur\">******<\/span>om.fr<\/span><\/a><\/p>\n<p>&nbsp;<\/p>\n<h2>Disposizioni RGPD<\/h2>\n<p>Sotracom \u00e8 l&#8217;unico responsabile del trattamento dei dati raccolti sul sito <strong><a href=\"https:\/\/www.sotracom.fr\">www.sotracom.fr<\/a>.<br \/>\n<\/strong><\/p>\n<p>Ti informiamo che le informazioni compilate nel form sul sito di Sotracom sono necessarie ai nostri servizi per rispondere alle tue domande, conformemente all&#8217;articolo 32 della legge sull&#8217;informatica e le libert\u00e0 del 6 gennaio 1978, modificata nel 2004.<\/p>\n<p>Conformemente agli articoli 39 e 40 della legge sull&#8217;informatica e le libert\u00e0 del 6 gennaio 1978, modificata nel 2004, l&#8217;utente beneficia dei diritti di accesso, di rettifica, di aggiornamento e di eliminazione delle sue informazioni, via lettera al seguente indiritto: 86, route des Faverges 74800 ETAUX, precisando il motivo &#8220;Diritto delle persone&#8221; nell&#8217;oggetto della lettera e allegando una copia della carta d&#8217;identit\u00e0.<\/p>\n<p>L&#8217;utente beneficia anche del diritto di dare indicazioni sull&#8217;uso dei suoi dati dopo il suo decesso.<\/p>\n<p>Conformemente all&#8217;articolo 38 della legge sull&#8217;informatica e le libert\u00e0 del 6 gennaio 1978, modificata nel 2004, l&#8217;utente pu\u00f3 anche impedire il trattamento dei suoi dati per motivi legittimi, e impedire l&#8217;uso dei suoi dati a fini di prospezione commerciale senza essere obbligato a fornire spiegazioni o sostenere spese.<\/p>\n<p>Quando l&#8217;utente visita il sito www.sotracom.fr, un cookie pu\u00f3 essere trasferito automaticamente al browser dell&#8217;utente.<\/p>\n<p>Le informazioni raccolte sul sito, le dobbiamo conservare per tre anni.<\/p>\n<p>Il cookie consiste in un ridotto insieme di dati che non permette di identificare l&#8217;utente, ma serve solo a registrare le informazioni relative alla sua navigazione sul sito. Una parametrizzazione del browser permette di essere informati della presenza di cookies e eventualmente rifiutarli, conformemente alle informazioni sul sito www.cnil.fr.<\/p>\n<p>\u00c8 un tuo diritto chiederci, in qualsiasi momento, l&#8217;accesso, la rettifica e l&#8217;eliminazione dei tuoi dati personali.<\/p>\n<p>L&#8217;utente del sito di Sotracom \u00e8 tenuto a rispettare le disposizioni della legge sull&#8217;informatica e le libert\u00e0 del 6 gennaio 1978, modificata nel 2004, la cui violazione \u00e8 punibile con sanzioni penali effettive. Per quanto riguarda le informazioni nominative alle quali l&#8217;utente avrebbe accesso, egli deve astenersi da qualsiasi tentativo di raccolta e di utilizzo abusivo e da qualsiasi atto che possa ledere il diritto alla privacy e la reputazione altrui.<\/p>\n<p><u><a href=\"https:\/\/www.sotracom.fr\/it\/politica-di-confidenzialita.html\">Gestione dei cookies<\/a><\/u><\/p>\n<h2>Collegamenti<\/h2>\n<p>I contenuti del sito di Sotracom possono includere collegamenti verso altri siti o altri contenuti internet che non appartengono a Sotracom. Di conseguenza, Sotracom non assume alcuna responsabilit\u00e0 riguardo al contenuto e al funzionamento di quei siti (cookies, raccolta di dati personali&#8230;).<\/p>\n<p>\u00c8 possibile creare collegamenti verso contenuti prodotti da Sotracom. Per ottimizzare i link, Sotracom ha diritto di richiedere una modifica nella creazione del link (parole chiavi, URL\u2026).<\/p>\n<p>&nbsp;<\/p>\n<h2>Copyright<\/h2>\n<p>Tutti i diritti riservati. \u00a9 Sotracom 2021.[\/vc_column_text][\/vc_column][\/vc_row]<\/p>\n<\/section>","protected":false},"excerpt":{"rendered":"<p>[vc_row][vc_column][vc_column_text] Editore del sito Il sito www.sotracom.fr \u00e8 la propriet\u00e0 dell&#8217;impresa Sotracom. Siret : 39883077800021 Codice APE: Trasporti stradali interurbani di merci (5229B) Direttore di pubblicazione: Franck WEINSTOERFFER, presidente del consiglio di amministrazione dell&#8217;impresa SOTRACOM. &nbsp; CONTATTO SOTRACOM Sede: 86 route des Faverges 74800 ETAUX &#8211; FRAnCIA Telefono : 0033 + (0)4.50.03.09.77 Web hosting Societ\u00e0: [&hellip;]<\/p>\n","protected":false},"author":1,"featured_media":0,"parent":0,"menu_order":0,"comment_status":"closed","ping_status":"closed","template":"","meta":{"footnotes":""},"class_list":["post-35","page","type-page","status-publish","hentry"],"yoast_head":"<!-- This site is optimized with the Yoast SEO plugin v27.4 - https:\/\/yoast.com\/product\/yoast-seo-wordpress\/ -->\n<title>Sotracom, noleggio camion con autista, trasporto merci, macchine Etaux<\/title>\n<meta name=\"description\" content=\"Consulta le disposizioni legali del sito di SOTRACOM, trasporto di merci e macchine in Alta Savoia, noleggio di camion con autista.\" \/>\n<meta name=\"robots\" content=\"index, follow, max-snippet:-1, max-image-preview:large, max-video-preview:-1\" \/>\n<link rel=\"canonical\" href=\"https:\/\/www.sotracom.fr\/it\/disposizioni-legali.html\" \/>\n<meta property=\"og:locale\" content=\"it_IT\" \/>\n<meta property=\"og:type\" content=\"article\" \/>\n<meta property=\"og:title\" content=\"Sotracom, noleggio camion con autista, trasporto merci, macchine Etaux\" \/>\n<meta property=\"og:description\" content=\"Consulta le disposizioni legali del sito di SOTRACOM, trasporto di merci e macchine in Alta Savoia, noleggio di camion con autista.\" \/>\n<meta property=\"og:url\" content=\"https:\/\/www.sotracom.fr\/it\/disposizioni-legali.html\" \/>\n<meta property=\"og:site_name\" content=\"Sotracom Italia\" \/>\n<meta property=\"article:modified_time\" content=\"2021-01-27T13:00:43+00:00\" \/>\n<meta name=\"twitter:card\" content=\"summary_large_image\" \/>\n<meta name=\"twitter:label1\" content=\"Tempo di lettura stimato\" \/>\n\t<meta name=\"twitter:data1\" content=\"4 minuti\" \/>\n<script type=\"application\/ld+json\" class=\"yoast-schema-graph\">{\"@context\":\"https:\\\/\\\/schema.org\",\"@graph\":[{\"@type\":\"WebPage\",\"@id\":\"https:\\\/\\\/www.sotracom.fr\\\/it\\\/disposizioni-legali.html\",\"url\":\"https:\\\/\\\/www.sotracom.fr\\\/it\\\/disposizioni-legali.html\",\"name\":\"Sotracom, noleggio camion con autista, trasporto merci, macchine Etaux\",\"isPartOf\":{\"@id\":\"https:\\\/\\\/www.sotracom.fr\\\/it\\\/#website\"},\"datePublished\":\"2019-05-08T15:36:40+00:00\",\"dateModified\":\"2021-01-27T13:00:43+00:00\",\"description\":\"Consulta le disposizioni legali del sito di SOTRACOM, trasporto di merci e macchine in Alta Savoia, noleggio di camion con autista.\",\"breadcrumb\":{\"@id\":\"https:\\\/\\\/www.sotracom.fr\\\/it\\\/disposizioni-legali.html#breadcrumb\"},\"inLanguage\":\"it-IT\",\"potentialAction\":[{\"@type\":\"ReadAction\",\"target\":[\"https:\\\/\\\/www.sotracom.fr\\\/it\\\/disposizioni-legali.html\"]}]},{\"@type\":\"BreadcrumbList\",\"@id\":\"https:\\\/\\\/www.sotracom.fr\\\/it\\\/disposizioni-legali.html#breadcrumb\",\"itemListElement\":[{\"@type\":\"ListItem\",\"position\":1,\"name\":\"Accueil\",\"item\":\"https:\\\/\\\/www.sotracom.fr\\\/it\\\/\"},{\"@type\":\"ListItem\",\"position\":2,\"name\":\"Disposizioni legali\"}]},{\"@type\":\"WebSite\",\"@id\":\"https:\\\/\\\/www.sotracom.fr\\\/it\\\/#website\",\"url\":\"https:\\\/\\\/www.sotracom.fr\\\/it\\\/\",\"name\":\"Sotracom Italia\",\"description\":\"Un site utilisant Les sites de Sotracom\",\"potentialAction\":[{\"@type\":\"SearchAction\",\"target\":{\"@type\":\"EntryPoint\",\"urlTemplate\":\"https:\\\/\\\/www.sotracom.fr\\\/it\\\/?s={search_term_string}\"},\"query-input\":{\"@type\":\"PropertyValueSpecification\",\"valueRequired\":true,\"valueName\":\"search_term_string\"}}],\"inLanguage\":\"it-IT\"}]}<\/script>\n<!-- \/ Yoast SEO plugin. -->","yoast_head_json":{"title":"Sotracom, noleggio camion con autista, trasporto merci, macchine Etaux","description":"Consulta le disposizioni legali del sito di SOTRACOM, trasporto di merci e macchine in Alta Savoia, noleggio di camion con autista.","robots":{"index":"index","follow":"follow","max-snippet":"max-snippet:-1","max-image-preview":"max-image-preview:large","max-video-preview":"max-video-preview:-1"},"canonical":"https:\/\/www.sotracom.fr\/it\/disposizioni-legali.html","og_locale":"it_IT","og_type":"article","og_title":"Sotracom, noleggio camion con autista, trasporto merci, macchine Etaux","og_description":"Consulta le disposizioni legali del sito di SOTRACOM, trasporto di merci e macchine in Alta Savoia, noleggio di camion con autista.","og_url":"https:\/\/www.sotracom.fr\/it\/disposizioni-legali.html","og_site_name":"Sotracom Italia","article_modified_time":"2021-01-27T13:00:43+00:00","twitter_card":"summary_large_image","twitter_misc":{"Tempo di lettura stimato":"4 minuti"},"schema":{"@context":"https:\/\/schema.org","@graph":[{"@type":"WebPage","@id":"https:\/\/www.sotracom.fr\/it\/disposizioni-legali.html","url":"https:\/\/www.sotracom.fr\/it\/disposizioni-legali.html","name":"Sotracom, noleggio camion con autista, trasporto merci, macchine Etaux","isPartOf":{"@id":"https:\/\/www.sotracom.fr\/it\/#website"},"datePublished":"2019-05-08T15:36:40+00:00","dateModified":"2021-01-27T13:00:43+00:00","description":"Consulta le disposizioni legali del sito di SOTRACOM, trasporto di merci e macchine in Alta Savoia, noleggio di camion con autista.","breadcrumb":{"@id":"https:\/\/www.sotracom.fr\/it\/disposizioni-legali.html#breadcrumb"},"inLanguage":"it-IT","potentialAction":[{"@type":"ReadAction","target":["https:\/\/www.sotracom.fr\/it\/disposizioni-legali.html"]}]},{"@type":"BreadcrumbList","@id":"https:\/\/www.sotracom.fr\/it\/disposizioni-legali.html#breadcrumb","itemListElement":[{"@type":"ListItem","position":1,"name":"Accueil","item":"https:\/\/www.sotracom.fr\/it\/"},{"@type":"ListItem","position":2,"name":"Disposizioni legali"}]},{"@type":"WebSite","@id":"https:\/\/www.sotracom.fr\/it\/#website","url":"https:\/\/www.sotracom.fr\/it\/","name":"Sotracom Italia","description":"Un site utilisant Les sites de Sotracom","potentialAction":[{"@type":"SearchAction","target":{"@type":"EntryPoint","urlTemplate":"https:\/\/www.sotracom.fr\/it\/?s={search_term_string}"},"query-input":{"@type":"PropertyValueSpecification","valueRequired":true,"valueName":"search_term_string"}}],"inLanguage":"it-IT"}]}},"_links":{"self":[{"href":"https:\/\/www.sotracom.fr\/it\/wp-json\/wp\/v2\/pages\/35","targetHints":{"allow":["GET"]}}],"collection":[{"href":"https:\/\/www.sotracom.fr\/it\/wp-json\/wp\/v2\/pages"}],"about":[{"href":"https:\/\/www.sotracom.fr\/it\/wp-json\/wp\/v2\/types\/page"}],"author":[{"embeddable":true,"href":"https:\/\/www.sotracom.fr\/it\/wp-json\/wp\/v2\/users\/1"}],"replies":[{"embeddable":true,"href":"https:\/\/www.sotracom.fr\/it\/wp-json\/wp\/v2\/comments?post=35"}],"version-history":[{"count":4,"href":"https:\/\/www.sotracom.fr\/it\/wp-json\/wp\/v2\/pages\/35\/revisions"}],"predecessor-version":[{"id":1055,"href":"https:\/\/www.sotracom.fr\/it\/wp-json\/wp\/v2\/pages\/35\/revisions\/1055"}],"wp:attachment":[{"href":"https:\/\/www.sotracom.fr\/it\/wp-json\/wp\/v2\/media?parent=35"}],"curies":[{"name":"wp","href":"https:\/\/api.w.org\/{rel}","templated":true}]}}