{"id":7,"date":"2019-05-08T17:31:56","date_gmt":"2019-05-08T15:31:56","guid":{"rendered":"https:\/\/www.sotracom.fr\/it\/?page_id=7"},"modified":"2025-11-12T15:13:25","modified_gmt":"2025-11-12T14:13:25","slug":"chi-siamo","status":"publish","type":"page","link":"https:\/\/www.sotracom.fr\/it\/chi-siamo.html","title":{"rendered":"Chi siamo"},"content":{"rendered":"<section class=\"wpb-content-wrapper\"><p>[vc_row][vc_column][vc_row_inner][vc_column_inner width=&#8221;2\/3&#8243;][vc_column_text]<\/p>\n<h3>L&#8217;azienda di autotrasporti Sotracom: la nostra storia<\/h3>\n<p>[\/vc_column_text][\/vc_column_inner][vc_column_inner width=&#8221;1\/3&#8243;][vc_images_carousel images=&#8221;1283,1284,1281,1282&#8243; img_size=&#8221;200&#215;127&#8243; onclick=&#8221;link_no&#8221; speed=&#8221;1800&#8243; autoplay=&#8221;yes&#8221; hide_pagination_control=&#8221;yes&#8221; wrap=&#8221;yes&#8221;][\/vc_column_inner][\/vc_row_inner][vc_row_inner][vc_column_inner width=&#8221;1\/2&#8243;][vc_column_text]Nel 1994 viene creata l&#8217;<strong>azienda Trasporti SOTRACOM<\/strong>. Nel 2005, acquista l&#8217;azienda Clerc Mat\u00e9riaux.<\/p>\n<p>Dal 2009, <strong>Sotracom<\/strong> affitta il magazzino di Cluses per creare une <a href=\"https:\/\/www.sotracom.fr\/it\/logistica.html\">piattaforma logistica<\/a> e un <a href=\"https:\/\/www.sotracom.fr\/it\/operazioni-doganali.html\">deposito doganale<\/a>.<\/p>\n<p>Oggi, con 47 impiegati e 400 mq di <strong>magazzini logistici<\/strong>, l&#8217;impresa realizza un giro d&#8217;affari annuo di 7.2 milioni di euro. \u00c8 specializzata nel <a href=\"https:\/\/www.sotracom.fr\/it\/trasporto-francia-alta-savoia-italia.html\">trasporto di merci tra la Francia e l&#8217;<strong class=\"d2b\">Italia<\/strong><\/a> e <a href=\"https:\/\/www.sotracom.fr\/it\/trasporto-italia-rodano-alpi-svizzera.html\">Svizzera<\/a>.[\/vc_column_text][\/vc_column_inner][vc_column_inner width=&#8221;1\/2&#8243;][vc_column_text]<\/p>\n<p style=\"text-align: center;\"><iframe loading=\"lazy\" title=\"YouTube video player\" src=\"https:\/\/www.youtube-nocookie.com\/embed\/oGhENmU48F8?si=27O4bpBp6HX8tAlw\" width=\"560\" height=\"315\" frameborder=\"0\" allowfullscreen=\"allowfullscreen\"><span style=\"display: inline-block; width: 0px; overflow: hidden; line-height: 0;\" data-mce-type=\"bookmark\" class=\"mce_SELRES_start\">\ufeff<\/span><\/iframe><\/p>\n<p>[\/vc_column_text][\/vc_column_inner][\/vc_row_inner][vc_column_text]\t\t<script type=\"text\/javascript\">\n\t\t\t\"use strict\";\n\t\t\tvar forEach = function (array, callback, scope) {for (var i = 0; i < array.length; i++) {callback.call(scope, i, array[i])}};\n\t\t\twindow.onload = function(){\n\t\t\t\tvar max = -219.99078369140625;\n\t\t\t\tforEach(document.querySelectorAll('.wtl-progress'), function (index, value) {\n\t\t\t\tpercent = value.getAttribute('data-progress');\n\t\t\t\tvalue.querySelector('.wtl_fill').setAttribute('style', 'stroke-dashoffset: ' + ((100 - percent) \/ 100) * max);\n\t\t\t\t});\n\t\t\t}\n\t\t<\/script>\n\t\t<div class=\"wtl_wrapper wp_timeline_post_list schedule_cover  layout_id_1\"><div class=\"wtl_blog_template blog_template schedule wtl_single_post_wrapp uncategorized\"><div class=\"wtl-schedule-wrap wtl-blog-curve-timeline\"><div class=\"wtl-blog-curve-timeline-inner\"><ul>No posts found.<\/ul><\/div><\/div><\/div><\/div>[\/vc_column_text][\/vc_column][\/vc_row][vc_row][vc_column][vc_column_text]<\/p>\n<h3>I valori della nostra azienda<\/h3>\n<p>[\/vc_column_text][\/vc_column][\/vc_row][vc_row][vc_column][vc_row_inner][vc_column_inner width=&#8221;1\/6&#8243;][vc_empty_space height=&#8221;15px&#8221;]<div class=\"ult-just-icon-wrapper  \"><div class=\"align-icon\" style=\"text-align:center;\">\n<div class=\"aio-icon none \"  style=\"color:#e88b01;font-size:50px;display:inline-block;\">\n\t<i class=\"Defaults-smile-o\"><\/i>\n<\/div><\/div><\/div>[\/vc_column_inner][vc_column_inner width=&#8221;5\/6&#8243;][vc_column_text]<\/p>\n<div class=\"entry-content\">\n<p><strong>La soddisfazione del cliente:<\/strong><\/p>\n<p>La soddisfazione del cliente \u00e8 centrale nella nostra organizzazione.<\/p>\n<\/div>\n<p>[\/vc_column_text][\/vc_column_inner][\/vc_row_inner][vc_row_inner][vc_column_inner width=&#8221;1\/6&#8243;][vc_empty_space height=&#8221;30px&#8221;]<div class=\"ult-just-icon-wrapper  \"><div class=\"align-icon\" style=\"text-align:center;\">\n<div class=\"aio-icon none \"  style=\"color:#e88b01;font-size:50px;display:inline-block;\">\n\t<i class=\"Defaults-comments-o\"><\/i>\n<\/div><\/div><\/div>[\/vc_column_inner][vc_column_inner width=&#8221;5\/6&#8243;][vc_column_text]<strong>L&#8217;attenzione al cliente:<\/strong><\/p>\n<p>L&#8217;attenzione ai progetti, alle ambizioni e alle esigenze del cliente \u00e8 una priorit\u00e0 nelle attivit\u00e0 della nostra azienda. Partecipare al successo dei tuoi progetti \u00e8 sempre per noi fonte di grande motivazione.[\/vc_column_text][\/vc_column_inner][\/vc_row_inner][vc_row_inner][vc_column_inner width=&#8221;1\/6&#8243;][vc_empty_space height=&#8221;15px&#8221;]<div class=\"ult-just-icon-wrapper  \"><div class=\"align-icon\" style=\"text-align:center;\">\n<div class=\"aio-icon none \"  style=\"color:#e88b01;font-size:50px;display:inline-block;\">\n\t<i class=\"Defaults-user\"><\/i>\n<\/div><\/div><\/div>[\/vc_column_inner][vc_column_inner width=&#8221;5\/6&#8243;][vc_column_text]<strong>Il servizio su misura:<\/strong><\/p>\n<p>Ogni cliente ha bisogni specifici, per questo \u00e8 nostro dovere offrire il servizio pi\u00f9 adatto.[\/vc_column_text][\/vc_column_inner][\/vc_row_inner][vc_row_inner][vc_column_inner width=&#8221;1\/6&#8243;][vc_empty_space height=&#8221;30px&#8221;]<div class=\"ult-just-icon-wrapper  \"><div class=\"align-icon\" style=\"text-align:center;\">\n<div class=\"aio-icon none \"  style=\"color:#e88b01;font-size:50px;display:inline-block;\">\n\t<i class=\"Defaults-clock-o\"><\/i>\n<\/div><\/div><\/div>[\/vc_column_inner][vc_column_inner width=&#8221;5\/6&#8243;][vc_column_text]<strong>La reattivit\u00e0 nel quotidiano:<\/strong><\/p>\n<p>Hai un&#8217;attivit\u00e0 fluttuante, esigenze improvvise, nuovi bisogni\u2026? Siamo sempre disponibili a lavorare con te per trovare la soluzione pi\u00f9 adeguata.[\/vc_column_text][\/vc_column_inner][\/vc_row_inner][\/vc_column][\/vc_row][vc_row css=&#8221;.vc_custom_1518780312776{margin-top: 20px !important;}&#8221;][vc_column width=&#8221;1\/3&#8243;][\/vc_column][vc_column width=&#8221;1\/3&#8243; css=&#8221;.vc_custom_1518780766678{border-top-width: 1px !important;border-right-width: 1px !important;border-bottom-width: 1px !important;border-left-width: 1px !important;padding-bottom: 10px !important;border-left-color: #0c5097 !important;border-left-style: solid !important;border-right-color: #0c5097 !important;border-right-style: solid !important;border-top-color: #0c5097 !important;border-top-style: solid !important;border-bottom-color: #0c5097 !important;border-bottom-style: solid !important;border-radius: 1px !important;}&#8221;][vc_column_text]<\/p>\n<p style=\"text-align: center;\"><span class=\"&quot;texteh3\" style=\"color: #0c5097;\">BISOGNO DI INFORMAZIONI?<\/span><\/p>\n<p>[\/vc_column_text][vc_btn title=&#8221;Contattaci per ottenere un preventivo&#8221; style=&#8221;custom&#8221; custom_background=&#8221;#e88b01&#8243; custom_text=&#8221;#ffffff&#8221; align=&#8221;center&#8221; i_icon_fontawesome=&#8221;fa fa-envelope-o&#8221; add_icon=&#8221;true&#8221; link=&#8221;url:https%3A%2F%2Fwww.sotracom.fr%2Fit%2Fcontatti.html|title:Contatti|&#8221;][\/vc_column][vc_column width=&#8221;1\/3&#8243;][\/vc_column][\/vc_row][vc_row][vc_column][vc_empty_space][\/vc_column][\/vc_row]<\/p>\n<\/section>","protected":false},"excerpt":{"rendered":"<p>[vc_row][vc_column][vc_row_inner][vc_column_inner width=&#8221;2\/3&#8243;][vc_column_text] L&#8217;azienda di autotrasporti Sotracom: la nostra storia [\/vc_column_text][\/vc_column_inner][vc_column_inner width=&#8221;1\/3&#8243;][vc_images_carousel images=&#8221;1283,1284,1281,1282&#8243; img_size=&#8221;200&#215;127&#8243; onclick=&#8221;link_no&#8221; speed=&#8221;1800&#8243; autoplay=&#8221;yes&#8221; hide_pagination_control=&#8221;yes&#8221; wrap=&#8221;yes&#8221;][\/vc_column_inner][\/vc_row_inner][vc_row_inner][vc_column_inner width=&#8221;1\/2&#8243;][vc_column_text]Nel 1994 viene creata l&#8217;azienda Trasporti SOTRACOM. Nel 2005, acquista l&#8217;azienda Clerc Mat\u00e9riaux. Dal 2009, Sotracom affitta il magazzino di Cluses per creare une piattaforma logistica e un deposito doganale. Oggi, con 47 impiegati e 400 mq [&hellip;]<\/p>\n","protected":false},"author":1,"featured_media":0,"parent":0,"menu_order":0,"comment_status":"closed","ping_status":"closed","template":"","meta":{"footnotes":""},"class_list":["post-7","page","type-page","status-publish","hentry"],"yoast_head":"<!-- This site is optimized with the Yoast SEO plugin v27.3 - https:\/\/yoast.com\/product\/yoast-seo-wordpress\/ -->\n<title>Sotracom, trasporto di merci, azienda di trasporto stradale Francia Italia<\/title>\n<meta name=\"description\" content=\"Dal 1994, siamo specialisti nel trasporto e nella gestione logistica tra la Francia e l&#039;Italia. Contattaci per saperne di pi\u00f9.\" \/>\n<meta name=\"robots\" content=\"index, follow, max-snippet:-1, max-image-preview:large, max-video-preview:-1\" \/>\n<link rel=\"canonical\" href=\"https:\/\/www.sotracom.fr\/it\/chi-siamo.html\" \/>\n<meta property=\"og:locale\" content=\"it_IT\" \/>\n<meta property=\"og:type\" content=\"article\" \/>\n<meta property=\"og:title\" content=\"Sotracom, trasporto di merci, azienda di trasporto stradale Francia Italia\" \/>\n<meta property=\"og:description\" content=\"Dal 1994, siamo specialisti nel trasporto e nella gestione logistica tra la Francia e l&#039;Italia. Contattaci per saperne di pi\u00f9.\" \/>\n<meta property=\"og:url\" content=\"https:\/\/www.sotracom.fr\/it\/chi-siamo.html\" \/>\n<meta property=\"og:site_name\" content=\"Sotracom Italia\" \/>\n<meta property=\"article:modified_time\" content=\"2025-11-12T14:13:25+00:00\" \/>\n<meta name=\"twitter:card\" content=\"summary_large_image\" \/>\n<meta name=\"twitter:label1\" content=\"Tempo di lettura stimato\" \/>\n\t<meta name=\"twitter:data1\" content=\"2 minuti\" \/>\n<script type=\"application\/ld+json\" class=\"yoast-schema-graph\">{\"@context\":\"https:\\\/\\\/schema.org\",\"@graph\":[{\"@type\":\"WebPage\",\"@id\":\"https:\\\/\\\/www.sotracom.fr\\\/it\\\/chi-siamo.html\",\"url\":\"https:\\\/\\\/www.sotracom.fr\\\/it\\\/chi-siamo.html\",\"name\":\"Sotracom, trasporto di merci, azienda di trasporto stradale Francia Italia\",\"isPartOf\":{\"@id\":\"https:\\\/\\\/www.sotracom.fr\\\/it\\\/#website\"},\"datePublished\":\"2019-05-08T15:31:56+00:00\",\"dateModified\":\"2025-11-12T14:13:25+00:00\",\"description\":\"Dal 1994, siamo specialisti nel trasporto e nella gestione logistica tra la Francia e l'Italia. Contattaci per saperne di pi\u00f9.\",\"breadcrumb\":{\"@id\":\"https:\\\/\\\/www.sotracom.fr\\\/it\\\/chi-siamo.html#breadcrumb\"},\"inLanguage\":\"it-IT\",\"potentialAction\":[{\"@type\":\"ReadAction\",\"target\":[\"https:\\\/\\\/www.sotracom.fr\\\/it\\\/chi-siamo.html\"]}]},{\"@type\":\"BreadcrumbList\",\"@id\":\"https:\\\/\\\/www.sotracom.fr\\\/it\\\/chi-siamo.html#breadcrumb\",\"itemListElement\":[{\"@type\":\"ListItem\",\"position\":1,\"name\":\"Accueil\",\"item\":\"https:\\\/\\\/www.sotracom.fr\\\/it\\\/\"},{\"@type\":\"ListItem\",\"position\":2,\"name\":\"Chi siamo\"}]},{\"@type\":\"WebSite\",\"@id\":\"https:\\\/\\\/www.sotracom.fr\\\/it\\\/#website\",\"url\":\"https:\\\/\\\/www.sotracom.fr\\\/it\\\/\",\"name\":\"Sotracom Italia\",\"description\":\"Un site utilisant Les sites de Sotracom\",\"potentialAction\":[{\"@type\":\"SearchAction\",\"target\":{\"@type\":\"EntryPoint\",\"urlTemplate\":\"https:\\\/\\\/www.sotracom.fr\\\/it\\\/?s={search_term_string}\"},\"query-input\":{\"@type\":\"PropertyValueSpecification\",\"valueRequired\":true,\"valueName\":\"search_term_string\"}}],\"inLanguage\":\"it-IT\"}]}<\/script>\n<!-- \/ Yoast SEO plugin. -->","yoast_head_json":{"title":"Sotracom, trasporto di merci, azienda di trasporto stradale Francia Italia","description":"Dal 1994, siamo specialisti nel trasporto e nella gestione logistica tra la Francia e l'Italia. Contattaci per saperne di pi\u00f9.","robots":{"index":"index","follow":"follow","max-snippet":"max-snippet:-1","max-image-preview":"max-image-preview:large","max-video-preview":"max-video-preview:-1"},"canonical":"https:\/\/www.sotracom.fr\/it\/chi-siamo.html","og_locale":"it_IT","og_type":"article","og_title":"Sotracom, trasporto di merci, azienda di trasporto stradale Francia Italia","og_description":"Dal 1994, siamo specialisti nel trasporto e nella gestione logistica tra la Francia e l'Italia. Contattaci per saperne di pi\u00f9.","og_url":"https:\/\/www.sotracom.fr\/it\/chi-siamo.html","og_site_name":"Sotracom Italia","article_modified_time":"2025-11-12T14:13:25+00:00","twitter_card":"summary_large_image","twitter_misc":{"Tempo di lettura stimato":"2 minuti"},"schema":{"@context":"https:\/\/schema.org","@graph":[{"@type":"WebPage","@id":"https:\/\/www.sotracom.fr\/it\/chi-siamo.html","url":"https:\/\/www.sotracom.fr\/it\/chi-siamo.html","name":"Sotracom, trasporto di merci, azienda di trasporto stradale Francia Italia","isPartOf":{"@id":"https:\/\/www.sotracom.fr\/it\/#website"},"datePublished":"2019-05-08T15:31:56+00:00","dateModified":"2025-11-12T14:13:25+00:00","description":"Dal 1994, siamo specialisti nel trasporto e nella gestione logistica tra la Francia e l'Italia. Contattaci per saperne di pi\u00f9.","breadcrumb":{"@id":"https:\/\/www.sotracom.fr\/it\/chi-siamo.html#breadcrumb"},"inLanguage":"it-IT","potentialAction":[{"@type":"ReadAction","target":["https:\/\/www.sotracom.fr\/it\/chi-siamo.html"]}]},{"@type":"BreadcrumbList","@id":"https:\/\/www.sotracom.fr\/it\/chi-siamo.html#breadcrumb","itemListElement":[{"@type":"ListItem","position":1,"name":"Accueil","item":"https:\/\/www.sotracom.fr\/it\/"},{"@type":"ListItem","position":2,"name":"Chi siamo"}]},{"@type":"WebSite","@id":"https:\/\/www.sotracom.fr\/it\/#website","url":"https:\/\/www.sotracom.fr\/it\/","name":"Sotracom Italia","description":"Un site utilisant Les sites de Sotracom","potentialAction":[{"@type":"SearchAction","target":{"@type":"EntryPoint","urlTemplate":"https:\/\/www.sotracom.fr\/it\/?s={search_term_string}"},"query-input":{"@type":"PropertyValueSpecification","valueRequired":true,"valueName":"search_term_string"}}],"inLanguage":"it-IT"}]}},"_links":{"self":[{"href":"https:\/\/www.sotracom.fr\/it\/wp-json\/wp\/v2\/pages\/7","targetHints":{"allow":["GET"]}}],"collection":[{"href":"https:\/\/www.sotracom.fr\/it\/wp-json\/wp\/v2\/pages"}],"about":[{"href":"https:\/\/www.sotracom.fr\/it\/wp-json\/wp\/v2\/types\/page"}],"author":[{"embeddable":true,"href":"https:\/\/www.sotracom.fr\/it\/wp-json\/wp\/v2\/users\/1"}],"replies":[{"embeddable":true,"href":"https:\/\/www.sotracom.fr\/it\/wp-json\/wp\/v2\/comments?post=7"}],"version-history":[{"count":16,"href":"https:\/\/www.sotracom.fr\/it\/wp-json\/wp\/v2\/pages\/7\/revisions"}],"predecessor-version":[{"id":1474,"href":"https:\/\/www.sotracom.fr\/it\/wp-json\/wp\/v2\/pages\/7\/revisions\/1474"}],"wp:attachment":[{"href":"https:\/\/www.sotracom.fr\/it\/wp-json\/wp\/v2\/media?parent=7"}],"curies":[{"name":"wp","href":"https:\/\/api.w.org\/{rel}","templated":true}]}}